{"id":771405,"date":"2025-08-28T15:04:00","date_gmt":"2025-08-28T12:04:00","guid":{"rendered":"https:\/\/roveyayinevi.com.tr\/index.php\/urun\/bulasma-esigi\/"},"modified":"2026-04-15T03:37:45","modified_gmt":"2026-04-15T00:37:45","slug":"bulasma-esigi","status":"publish","type":"product","link":"https:\/\/roveyayinevi.com.tr\/index.php\/urun\/bulasma-esigi\/","title":{"rendered":"Bula\u015fma E\u015fi\u011fi"},"content":{"rendered":"<p>\u201cDavid Quammen yine ba\u015fard\u0131. B\u00fcy\u00fcleyici ve deh\u015fet verici Bula\u015fma E\u015fi\u011fi, sonucu hepimizi etkileyen ger\u00e7ek hayattan bir gerilim filmi.\u201d   Elizabeth Kolbert, Field Notes from a Catastrophe kitab\u0131n\u0131n yazar\u0131     Do\u011fadan gelen her tehdide kar\u015f\u0131 haz\u0131rl\u0131kl\u0131 oldu\u011fumuzu d\u00fc\u015f\u00fcnebilirsiniz.   Peki, ger\u00e7ekten \u00f6yle miyiz?     AIDS, Ebola ve SARS gibi \u00f6l\u00fcmc\u00fcl hastal\u0131klar\u0131n ard\u0131nda yatan zoonoz tehdidi, vah\u015fi do\u011fan\u0131n g\u00f6r\u00fcnmez ba\u011flar\u0131yla insanl\u0131\u011f\u0131n gelece\u011fini birbirine d\u00fc\u011f\u00fcml\u00fcyor. Bu tehlike, k\u00fcresel bir pandemiye d\u00f6n\u00fc\u015fecek kadar g\u00fc\u00e7l\u00fc m\u00fc?   Bula\u015fma kavram\u0131n\u0131n izini s\u00fcren bu kitap, vah\u015fi ya\u015fam ve insan\u0131n i\u00e7 i\u00e7e ge\u00e7ti\u011fi hassas ekosistemi anlamam\u0131z\u0131 sa\u011flarken bir sonraki pandeminin nereden gelece\u011fini sorguluyor. David Quammen s\u0131rad\u0131\u015f\u0131 g\u00f6zlemleriyle do\u011fa ile insan aras\u0131ndaki g\u00f6r\u00fcnmez s\u0131n\u0131rda gizlenen bu tehlikeyi ke\u015ffetmeye okuyucuyu da davet ediyor. Bu kap\u0131dan ge\u00e7erken d\u00fcnyan\u0131n ger\u00e7ekten ne kadar g\u00fcvende oldu\u011funu yeniden sorgulayacaks\u0131n\u0131z. <\/p>\n","protected":false},"excerpt":{"rendered":"<p>\u201cDavid Quammen yine ba\u015fard\u0131. B\u00fcy\u00fcleyici ve deh\u015fet verici Bula\u015fma E\u015fi\u011fi, sonucu hepimizi etkileyen ger\u00e7ek hayattan bir gerilim filmi.\u201d Elizabeth Kolbert, Field Notes from a Catastrophe kitab\u0131n\u0131n<span class=\"excerpt-hellip\"> [\u2026]<\/span><\/p>\n","protected":false},"featured_media":0,"template":"","meta":{"_monsterinsights_skip_tracking":false,"_monsterinsights_sitenote_active":false,"_monsterinsights_sitenote_note":"","_monsterinsights_sitenote_category":0},"product_brand":[],"product_cat":[13366,13365],"product_tag":[],"class_list":{"0":"post-771405","1":"product","2":"type-product","3":"status-publish","5":"product_cat-diger-saglik","6":"product_cat-saglik","7":"pa_cilt-ciltsiz","8":"pa_tur-kitap","9":"pa_yayinevi-epsilon-yayinlari","10":"pa_yazar-david-quammen","12":"first","13":"instock","14":"sale","15":"shipping-taxable","16":"purchasable","17":"product-type-simple"},"_links":{"self":[{"href":"https:\/\/roveyayinevi.com.tr\/index.php\/wp-json\/wp\/v2\/product\/771405","targetHints":{"allow":["GET"]}}],"collection":[{"href":"https:\/\/roveyayinevi.com.tr\/index.php\/wp-json\/wp\/v2\/product"}],"about":[{"href":"https:\/\/roveyayinevi.com.tr\/index.php\/wp-json\/wp\/v2\/types\/product"}],"wp:attachment":[{"href":"https:\/\/roveyayinevi.com.tr\/index.php\/wp-json\/wp\/v2\/media?parent=771405"}],"wp:term":[{"taxonomy":"product_brand","embeddable":true,"href":"https:\/\/roveyayinevi.com.tr\/index.php\/wp-json\/wp\/v2\/product_brand?post=771405"},{"taxonomy":"product_cat","embeddable":true,"href":"https:\/\/roveyayinevi.com.tr\/index.php\/wp-json\/wp\/v2\/product_cat?post=771405"},{"taxonomy":"product_tag","embeddable":true,"href":"https:\/\/roveyayinevi.com.tr\/index.php\/wp-json\/wp\/v2\/product_tag?post=771405"}],"curies":[{"name":"wp","href":"https:\/\/api.w.org\/{rel}","templated":true}]}}