{"id":771404,"date":"2025-08-28T15:03:59","date_gmt":"2025-08-28T12:03:59","guid":{"rendered":"https:\/\/roveyayinevi.com.tr\/index.php\/urun\/bebek-britannica-sayilar-ve-sekiller-ciltli\/"},"modified":"2026-04-15T03:37:45","modified_gmt":"2026-04-15T00:37:45","slug":"bebek-britannica-sayilar-ve-sekiller-ciltli","status":"publish","type":"product","link":"https:\/\/roveyayinevi.com.tr\/index.php\/urun\/bebek-britannica-sayilar-ve-sekiller-ciltli\/","title":{"rendered":"Bebek Britannica: Say\u0131lar ve \u015eekiller (Ciltli)"},"content":{"rendered":"<p>Britannica\u2019n\u0131n zihin a\u00e7an bu kitab\u0131nda \u015fekiller, boyutlar, miktarlar ve say\u0131larla tan\u0131\u015f\u0131n. Say\u0131lar ve \u015eekiller, resimli anlat\u0131mlar\u0131n\u0131 do\u011fadan, ya\u015famdan \u00f6rneklerle e\u015fle\u015ftirerek \u00e7ocu\u011funuzla her yerde bir oyun kurman\u0131za olanak sa\u011fl\u0131yor. <\/p>\n","protected":false},"excerpt":{"rendered":"<p>Britannica\u2019n\u0131n zihin a\u00e7an bu kitab\u0131nda \u015fekiller, boyutlar, miktarlar ve say\u0131larla tan\u0131\u015f\u0131n. Say\u0131lar ve \u015eekiller, resimli anlat\u0131mlar\u0131n\u0131 do\u011fadan, ya\u015famdan \u00f6rneklerle e\u015fle\u015ftirerek \u00e7ocu\u011funuzla her yerde bir oyun kurman\u0131za<span class=\"excerpt-hellip\"> [\u2026]<\/span><\/p>\n","protected":false},"featured_media":0,"template":"","meta":{"_monsterinsights_skip_tracking":false,"_monsterinsights_sitenote_active":false,"_monsterinsights_sitenote_note":"","_monsterinsights_sitenote_category":0},"product_brand":[],"product_cat":[12274,12518],"product_tag":[],"class_list":{"0":"post-771404","1":"product","2":"type-product","3":"status-publish","5":"product_cat-cocuk-ve-genclik-kitaplari","6":"product_cat-okul-oncesi-kitaplar","7":"pa_cilt-ciltli","8":"pa_tur-kitap","9":"pa_yayinevi-megakids-yayincilik","10":"pa_yazar-sally-symes","12":"first","13":"instock","14":"sale","15":"shipping-taxable","16":"purchasable","17":"product-type-simple"},"_links":{"self":[{"href":"https:\/\/roveyayinevi.com.tr\/index.php\/wp-json\/wp\/v2\/product\/771404","targetHints":{"allow":["GET"]}}],"collection":[{"href":"https:\/\/roveyayinevi.com.tr\/index.php\/wp-json\/wp\/v2\/product"}],"about":[{"href":"https:\/\/roveyayinevi.com.tr\/index.php\/wp-json\/wp\/v2\/types\/product"}],"wp:attachment":[{"href":"https:\/\/roveyayinevi.com.tr\/index.php\/wp-json\/wp\/v2\/media?parent=771404"}],"wp:term":[{"taxonomy":"product_brand","embeddable":true,"href":"https:\/\/roveyayinevi.com.tr\/index.php\/wp-json\/wp\/v2\/product_brand?post=771404"},{"taxonomy":"product_cat","embeddable":true,"href":"https:\/\/roveyayinevi.com.tr\/index.php\/wp-json\/wp\/v2\/product_cat?post=771404"},{"taxonomy":"product_tag","embeddable":true,"href":"https:\/\/roveyayinevi.com.tr\/index.php\/wp-json\/wp\/v2\/product_tag?post=771404"}],"curies":[{"name":"wp","href":"https:\/\/api.w.org\/{rel}","templated":true}]}}