{"id":771403,"date":"2025-08-28T15:03:56","date_gmt":"2025-08-28T12:03:56","guid":{"rendered":"https:\/\/roveyayinevi.com.tr\/index.php\/urun\/markizdeki-kadin\/"},"modified":"2026-04-15T03:37:45","modified_gmt":"2026-04-15T00:37:45","slug":"markizdeki-kadin","status":"publish","type":"product","link":"https:\/\/roveyayinevi.com.tr\/index.php\/urun\/markizdeki-kadin\/","title":{"rendered":"Markiz\u2019deki Kad\u0131n"},"content":{"rendered":"<p>\u00c7ok satan kitaplar listelerinde haftalarca en \u00fcst s\u0131radaki yerini s\u00fcrd\u00fcren Botter Apartman\u0131 yazar\u0131ndan yeni bir \u00e7arp\u0131c\u0131 roman&#8230; Markiz\u2019deki Kad\u0131n, 1970\u2019li y\u0131llar\u0131n ba\u015f\u0131nda \u00fclkenin \u00e7alkant\u0131l\u0131 siyasal olaylar\u0131 i\u00e7inde a\u015fk\u0131 ile ailesi aras\u0131nda s\u0131k\u0131\u015f\u0131p kalan \u00f6zg\u00fcr ruhlu bir kad\u0131n\u0131n, Nil\u00fcfer\u2019in hayata tutunma m\u00fccadelesini anlat\u0131yor&#8230; Botter Apartman\u0131\u2019ndaki dairesinde ye\u015fil bir berjere oturup ge\u00e7mi\u015fin s\u0131z\u0131lar\u0131n\u0131 sa\u011falt\u0131r gibi Frans\u0131zca a\u015fk romanlar\u0131 okuyan Nil\u00fcfer Han\u0131m, bu kez y\u0131llar \u00f6ncesinde, \u0130stiklal Caddesi\u2019nin t\u0131ls\u0131ml\u0131 mek\u00e2n\u0131 Markiz Pastanesi\u2019nde bir gen\u00e7 k\u0131z olarak kar\u015f\u0131m\u0131za \u00e7\u0131k\u0131yor\u2026 Ve \u0130lkbahar Panosu\u2019ndaki kad\u0131na a\u015fk\u0131n\u0131 emanet ediyor\u2026 Ay\u015fe \u00d6v\u00fcr, bu yeni roman\u0131nda d\u00f6nemin toplumsal ko\u015fullar\u0131nda bir insan\u0131n \u00f6zg\u00fcrl\u00fck m\u00fccadelesinde ne kadar ileriye gidebilece\u011fini g\u00f6z \u00f6n\u00fcne sererken okuyucuyu, Markiz\u2019den, M\u0131s\u0131r Apartman\u0131\u2019na ve Sansaryan Han\u2019a kadar uzanan bir ser\u00fcvene g\u00f6t\u00fcr\u00fcyor.<\/p>\n","protected":false},"excerpt":{"rendered":"<p>\u00c7ok satan kitaplar listelerinde haftalarca en \u00fcst s\u0131radaki yerini s\u00fcrd\u00fcren Botter Apartman\u0131 yazar\u0131ndan yeni bir \u00e7arp\u0131c\u0131 roman&#8230; Markiz\u2019deki Kad\u0131n, 1970\u2019li y\u0131llar\u0131n ba\u015f\u0131nda \u00fclkenin \u00e7alkant\u0131l\u0131 siyasal olaylar\u0131<span class=\"excerpt-hellip\"> [\u2026]<\/span><\/p>\n","protected":false},"featured_media":0,"template":"","meta":{"_monsterinsights_skip_tracking":false,"_monsterinsights_sitenote_active":false,"_monsterinsights_sitenote_note":"","_monsterinsights_sitenote_category":0},"product_brand":[],"product_cat":[12291,12711],"product_tag":[],"class_list":{"0":"post-771403","1":"product","2":"type-product","3":"status-publish","5":"product_cat-edebiyat","6":"product_cat-roman-oyku","7":"pa_cilt-ciltsiz","8":"pa_tur-kitap","9":"pa_yayinevi-remzi-kitabevi","10":"pa_yazar-ayse-ovur","12":"first","13":"instock","14":"sale","15":"shipping-taxable","16":"purchasable","17":"product-type-simple"},"_links":{"self":[{"href":"https:\/\/roveyayinevi.com.tr\/index.php\/wp-json\/wp\/v2\/product\/771403","targetHints":{"allow":["GET"]}}],"collection":[{"href":"https:\/\/roveyayinevi.com.tr\/index.php\/wp-json\/wp\/v2\/product"}],"about":[{"href":"https:\/\/roveyayinevi.com.tr\/index.php\/wp-json\/wp\/v2\/types\/product"}],"wp:attachment":[{"href":"https:\/\/roveyayinevi.com.tr\/index.php\/wp-json\/wp\/v2\/media?parent=771403"}],"wp:term":[{"taxonomy":"product_brand","embeddable":true,"href":"https:\/\/roveyayinevi.com.tr\/index.php\/wp-json\/wp\/v2\/product_brand?post=771403"},{"taxonomy":"product_cat","embeddable":true,"href":"https:\/\/roveyayinevi.com.tr\/index.php\/wp-json\/wp\/v2\/product_cat?post=771403"},{"taxonomy":"product_tag","embeddable":true,"href":"https:\/\/roveyayinevi.com.tr\/index.php\/wp-json\/wp\/v2\/product_tag?post=771403"}],"curies":[{"name":"wp","href":"https:\/\/api.w.org\/{rel}","templated":true}]}}