{"id":771402,"date":"2025-08-28T15:03:54","date_gmt":"2025-08-28T12:03:54","guid":{"rendered":"https:\/\/roveyayinevi.com.tr\/index.php\/urun\/bebek-britannica-sanat-ve-muzik-ciltli\/"},"modified":"2026-04-15T03:37:45","modified_gmt":"2026-04-15T00:37:45","slug":"bebek-britannica-sanat-ve-muzik-ciltli","status":"publish","type":"product","link":"https:\/\/roveyayinevi.com.tr\/index.php\/urun\/bebek-britannica-sanat-ve-muzik-ciltli\/","title":{"rendered":"Bebek Britannica: Sanat ve M\u00fczik (Ciltli)"},"content":{"rendered":"<p>Britannica\u2019n\u0131n zihin a\u00e7an bu kitab\u0131yla renkleri, el sanatlar\u0131n\u0131, enstr\u00fcmanlar\u0131 ve sahne sanatlar\u0131n\u0131 ke\u015ffedin. Sanat ve M\u00fczik, \u00e7ocu\u011fun boyalarla neler ortaya koyabilece\u011fine \u00f6rnekler sunuyor, ritim tutmaktan \u015fark\u0131 s\u00f6ylemeye, resimli anlat\u0131mlarla m\u00fczik d\u00fcnyas\u0131na davet ediyor. <\/p>\n","protected":false},"excerpt":{"rendered":"<p>Britannica\u2019n\u0131n zihin a\u00e7an bu kitab\u0131yla renkleri, el sanatlar\u0131n\u0131, enstr\u00fcmanlar\u0131 ve sahne sanatlar\u0131n\u0131 ke\u015ffedin. Sanat ve M\u00fczik, \u00e7ocu\u011fun boyalarla neler ortaya koyabilece\u011fine \u00f6rnekler sunuyor, ritim tutmaktan \u015fark\u0131<span class=\"excerpt-hellip\"> [\u2026]<\/span><\/p>\n","protected":false},"featured_media":0,"template":"","meta":{"_monsterinsights_skip_tracking":false,"_monsterinsights_sitenote_active":false,"_monsterinsights_sitenote_note":"","_monsterinsights_sitenote_category":0},"product_brand":[],"product_cat":[12274,12518],"product_tag":[],"class_list":{"0":"post-771402","1":"product","2":"type-product","3":"status-publish","5":"product_cat-cocuk-ve-genclik-kitaplari","6":"product_cat-okul-oncesi-kitaplar","7":"pa_cilt-ciltli","8":"pa_tur-kitap","9":"pa_yayinevi-megakids-yayincilik","10":"pa_yazar-sally-symes","12":"first","13":"instock","14":"sale","15":"shipping-taxable","16":"purchasable","17":"product-type-simple"},"_links":{"self":[{"href":"https:\/\/roveyayinevi.com.tr\/index.php\/wp-json\/wp\/v2\/product\/771402","targetHints":{"allow":["GET"]}}],"collection":[{"href":"https:\/\/roveyayinevi.com.tr\/index.php\/wp-json\/wp\/v2\/product"}],"about":[{"href":"https:\/\/roveyayinevi.com.tr\/index.php\/wp-json\/wp\/v2\/types\/product"}],"wp:attachment":[{"href":"https:\/\/roveyayinevi.com.tr\/index.php\/wp-json\/wp\/v2\/media?parent=771402"}],"wp:term":[{"taxonomy":"product_brand","embeddable":true,"href":"https:\/\/roveyayinevi.com.tr\/index.php\/wp-json\/wp\/v2\/product_brand?post=771402"},{"taxonomy":"product_cat","embeddable":true,"href":"https:\/\/roveyayinevi.com.tr\/index.php\/wp-json\/wp\/v2\/product_cat?post=771402"},{"taxonomy":"product_tag","embeddable":true,"href":"https:\/\/roveyayinevi.com.tr\/index.php\/wp-json\/wp\/v2\/product_tag?post=771402"}],"curies":[{"name":"wp","href":"https:\/\/api.w.org\/{rel}","templated":true}]}}