{"id":771399,"date":"2025-08-28T15:03:48","date_gmt":"2025-08-28T12:03:48","guid":{"rendered":"https:\/\/roveyayinevi.com.tr\/index.php\/urun\/diwane-xamirpete\/"},"modified":"2026-04-15T03:37:45","modified_gmt":"2026-04-15T00:37:45","slug":"diwane-xamirpete","status":"publish","type":"product","link":"https:\/\/roveyayinevi.com.tr\/index.php\/urun\/diwane-xamirpete\/","title":{"rendered":"Diwane Xam\u0131rpet\u2018E"},"content":{"rendered":"<p>. . . Palaxe n\u00eabena palaxe, b\u00ea a\u011fwa goza Vayi \u015fane kerd\u00ea, por\u00ea sari ebe gaza   Dest\u00ea m\u0131 beno berz, \u015foro pori lerza Anor ardbe m\u0131, r\u00fc da vana ez berza   Robi ez gureta, sebi na niya ebe naza Heskerdene n\u00eab\u0131rina, ebe d\u0131-hir\u00ea piza   Be\u015fe n\u00eakerd r\u00fcde vaji, berz n\u00ea t\u0131 khuza Ez tor\u00ea biyari hemg\u00ean\u00ea, m\u00ea\u015fa u moza   Kam diyo, dara hir\u00ea seriye b\u0131dero goza Germ\u00ea amnan de, keno her gol\u0131k moza . . .                                           <\/p>\n","protected":false},"excerpt":{"rendered":"<p>. . . Palaxe n\u00eabena palaxe, b\u00ea a\u011fwa goza Vayi \u015fane kerd\u00ea, por\u00ea sari ebe gaza Dest\u00ea m\u0131 beno berz, \u015foro pori lerza Anor ardbe m\u0131,<span class=\"excerpt-hellip\"> [\u2026]<\/span><\/p>\n","protected":false},"featured_media":0,"template":"","meta":{"_monsterinsights_skip_tracking":false,"_monsterinsights_sitenote_active":false,"_monsterinsights_sitenote_note":"","_monsterinsights_sitenote_category":0},"product_brand":[],"product_cat":[12291,12509],"product_tag":[],"class_list":{"0":"post-771399","1":"product","2":"type-product","3":"status-publish","5":"product_cat-edebiyat","6":"product_cat-siir","7":"pa_cilt-ciltsiz","8":"pa_tur-kitap","9":"pa_yayinevi-elpis-yayinlari","10":"pa_yazar-kemal-akay-xamirpet","12":"first","13":"instock","14":"sale","15":"shipping-taxable","16":"purchasable","17":"product-type-simple"},"_links":{"self":[{"href":"https:\/\/roveyayinevi.com.tr\/index.php\/wp-json\/wp\/v2\/product\/771399","targetHints":{"allow":["GET"]}}],"collection":[{"href":"https:\/\/roveyayinevi.com.tr\/index.php\/wp-json\/wp\/v2\/product"}],"about":[{"href":"https:\/\/roveyayinevi.com.tr\/index.php\/wp-json\/wp\/v2\/types\/product"}],"wp:attachment":[{"href":"https:\/\/roveyayinevi.com.tr\/index.php\/wp-json\/wp\/v2\/media?parent=771399"}],"wp:term":[{"taxonomy":"product_brand","embeddable":true,"href":"https:\/\/roveyayinevi.com.tr\/index.php\/wp-json\/wp\/v2\/product_brand?post=771399"},{"taxonomy":"product_cat","embeddable":true,"href":"https:\/\/roveyayinevi.com.tr\/index.php\/wp-json\/wp\/v2\/product_cat?post=771399"},{"taxonomy":"product_tag","embeddable":true,"href":"https:\/\/roveyayinevi.com.tr\/index.php\/wp-json\/wp\/v2\/product_tag?post=771399"}],"curies":[{"name":"wp","href":"https:\/\/api.w.org\/{rel}","templated":true}]}}