{"id":771398,"date":"2025-08-28T15:03:47","date_gmt":"2025-08-28T12:03:47","guid":{"rendered":"https:\/\/roveyayinevi.com.tr\/index.php\/urun\/bebek-britannica-vucudumuz-ciltli\/"},"modified":"2026-04-15T03:37:45","modified_gmt":"2026-04-15T00:37:45","slug":"bebek-britannica-vucudumuz-ciltli","status":"publish","type":"product","link":"https:\/\/roveyayinevi.com.tr\/index.php\/urun\/bebek-britannica-vucudumuz-ciltli\/","title":{"rendered":"Bebek Britannica: V\u00fccudumuz (Ciltli)"},"content":{"rendered":"<p>Britannica\u2019n\u0131n zihin a\u00e7an bu kitab\u0131yla v\u00fccudumuzun b\u00f6l\u00fcmlerini ve g\u00f6revlerini ke\u015ffedin. Duyular\u0131m\u0131z\u0131n varl\u0131\u011f\u0131, arkada\u015flar\u0131m\u0131zla, ailemizle ve \u00e7evremizdeki di\u011fer varl\u0131klarla kurdu\u011fumuz etkile\u015fimlerle canlan\u0131r. V\u00fccudumuz, bu ba\u011flarla besleyerek \u00e7ocuklar\u0131 yeni deneyimlere do\u011fru heyecanla te\u015fvik eder. <\/p>\n","protected":false},"excerpt":{"rendered":"<p>Britannica\u2019n\u0131n zihin a\u00e7an bu kitab\u0131yla v\u00fccudumuzun b\u00f6l\u00fcmlerini ve g\u00f6revlerini ke\u015ffedin. Duyular\u0131m\u0131z\u0131n varl\u0131\u011f\u0131, arkada\u015flar\u0131m\u0131zla, ailemizle ve \u00e7evremizdeki di\u011fer varl\u0131klarla kurdu\u011fumuz etkile\u015fimlerle canlan\u0131r. V\u00fccudumuz, bu ba\u011flarla besleyerek \u00e7ocuklar\u0131<span class=\"excerpt-hellip\"> [\u2026]<\/span><\/p>\n","protected":false},"featured_media":0,"template":"","meta":{"_monsterinsights_skip_tracking":false,"_monsterinsights_sitenote_active":false,"_monsterinsights_sitenote_note":"","_monsterinsights_sitenote_category":0},"product_brand":[],"product_cat":[12274,12518],"product_tag":[],"class_list":{"0":"post-771398","1":"product","2":"type-product","3":"status-publish","5":"product_cat-cocuk-ve-genclik-kitaplari","6":"product_cat-okul-oncesi-kitaplar","7":"pa_cilt-ciltli","8":"pa_tur-kitap","9":"pa_yayinevi-megakids-yayincilik","10":"pa_yazar-sally-symes","12":"first","13":"instock","14":"sale","15":"shipping-taxable","16":"purchasable","17":"product-type-simple"},"_links":{"self":[{"href":"https:\/\/roveyayinevi.com.tr\/index.php\/wp-json\/wp\/v2\/product\/771398","targetHints":{"allow":["GET"]}}],"collection":[{"href":"https:\/\/roveyayinevi.com.tr\/index.php\/wp-json\/wp\/v2\/product"}],"about":[{"href":"https:\/\/roveyayinevi.com.tr\/index.php\/wp-json\/wp\/v2\/types\/product"}],"wp:attachment":[{"href":"https:\/\/roveyayinevi.com.tr\/index.php\/wp-json\/wp\/v2\/media?parent=771398"}],"wp:term":[{"taxonomy":"product_brand","embeddable":true,"href":"https:\/\/roveyayinevi.com.tr\/index.php\/wp-json\/wp\/v2\/product_brand?post=771398"},{"taxonomy":"product_cat","embeddable":true,"href":"https:\/\/roveyayinevi.com.tr\/index.php\/wp-json\/wp\/v2\/product_cat?post=771398"},{"taxonomy":"product_tag","embeddable":true,"href":"https:\/\/roveyayinevi.com.tr\/index.php\/wp-json\/wp\/v2\/product_tag?post=771398"}],"curies":[{"name":"wp","href":"https:\/\/api.w.org\/{rel}","templated":true}]}}