{"id":771397,"date":"2025-08-28T15:03:44","date_gmt":"2025-08-28T12:03:44","guid":{"rendered":"https:\/\/roveyayinevi.com.tr\/index.php\/urun\/siirimsi-siirlerim-3\/"},"modified":"2026-04-15T03:37:45","modified_gmt":"2026-04-15T00:37:45","slug":"siirimsi-siirlerim-3","status":"publish","type":"product","link":"https:\/\/roveyayinevi.com.tr\/index.php\/urun\/siirimsi-siirlerim-3\/","title":{"rendered":"\u015eiirimsi \u015eiirlerim &#8211; 3"},"content":{"rendered":"<p>\u201cTebess\u00fcm etmek, ruhun cennetine bir \u00e7a\u011fr\u0131d\u0131r\u2026 \/ Ruhen ve kalpten g\u00fclmek; ruhun cennet kap\u0131s\u0131n\u0131 aralay\u0131p girmektir, g\u00fcllerle, o diyar-\u0131 cennete\u2026 \/ Kahkahalarla g\u00fclmek; ne\u015fe yaymakt\u0131r, mutluluk iksiriyle birlikte, t\u00fcm diyar-\u0131 evrene ve ayn\u0131 anlarda ab-\u0131 hayat\u0131 vermektir devinimsiz varl\u0131klara\u2026\u201d     \u201c\u2026   Zor be kalbim \u00e7ok zor duygu y\u00fcklemek her diyara   Diyar-\u0131 evrendir soyut ve somutu kapsayan   Diyar-\u0131 evrendir her \u015feyi \u00e7er\u00e7evesinin i\u00e7ine alan    Diyar-\u0131 evrendir di\u011fer evrenlere gebe kalan   Hakikat olan evren ve sen i\u00e7imde bir \u00e7ift gezegen    Sen ki evreni i\u00e7inde bir bebek misali b\u00fcy\u00fcten   Sen ki evreni s\u00fcrekli ana s\u00fct\u00fc ile besleyen   Sen ki evrende bir zerrecikten de \u00f6tesin (\u00f6te)   \u00c7\u00fcnk\u00fc zerrecik kocaman bir evrendir senin i\u00e7in(de)\u2026   \u2026\u201d   <\/p>\n","protected":false},"excerpt":{"rendered":"<p>\u201cTebess\u00fcm etmek, ruhun cennetine bir \u00e7a\u011fr\u0131d\u0131r\u2026 \/ Ruhen ve kalpten g\u00fclmek; ruhun cennet kap\u0131s\u0131n\u0131 aralay\u0131p girmektir, g\u00fcllerle, o diyar-\u0131 cennete\u2026 \/ Kahkahalarla g\u00fclmek; ne\u015fe yaymakt\u0131r, mutluluk<span class=\"excerpt-hellip\"> [\u2026]<\/span><\/p>\n","protected":false},"featured_media":0,"template":"","meta":{"_monsterinsights_skip_tracking":false,"_monsterinsights_sitenote_active":false,"_monsterinsights_sitenote_note":"","_monsterinsights_sitenote_category":0},"product_brand":[],"product_cat":[12291,12509],"product_tag":[],"class_list":{"0":"post-771397","1":"product","2":"type-product","3":"status-publish","5":"product_cat-edebiyat","6":"product_cat-siir","7":"pa_cilt-ciltsiz","8":"pa_tur-kitap","9":"pa_yayinevi-perseus","10":"pa_yazar-ali-havare","12":"first","13":"instock","14":"sale","15":"shipping-taxable","16":"purchasable","17":"product-type-simple"},"_links":{"self":[{"href":"https:\/\/roveyayinevi.com.tr\/index.php\/wp-json\/wp\/v2\/product\/771397","targetHints":{"allow":["GET"]}}],"collection":[{"href":"https:\/\/roveyayinevi.com.tr\/index.php\/wp-json\/wp\/v2\/product"}],"about":[{"href":"https:\/\/roveyayinevi.com.tr\/index.php\/wp-json\/wp\/v2\/types\/product"}],"wp:attachment":[{"href":"https:\/\/roveyayinevi.com.tr\/index.php\/wp-json\/wp\/v2\/media?parent=771397"}],"wp:term":[{"taxonomy":"product_brand","embeddable":true,"href":"https:\/\/roveyayinevi.com.tr\/index.php\/wp-json\/wp\/v2\/product_brand?post=771397"},{"taxonomy":"product_cat","embeddable":true,"href":"https:\/\/roveyayinevi.com.tr\/index.php\/wp-json\/wp\/v2\/product_cat?post=771397"},{"taxonomy":"product_tag","embeddable":true,"href":"https:\/\/roveyayinevi.com.tr\/index.php\/wp-json\/wp\/v2\/product_tag?post=771397"}],"curies":[{"name":"wp","href":"https:\/\/api.w.org\/{rel}","templated":true}]}}