{"id":771394,"date":"2025-08-28T15:03:37","date_gmt":"2025-08-28T12:03:37","guid":{"rendered":"https:\/\/roveyayinevi.com.tr\/index.php\/urun\/sarmal-egrisi\/"},"modified":"2026-04-15T03:37:45","modified_gmt":"2026-04-15T00:37:45","slug":"sarmal-egrisi","status":"publish","type":"product","link":"https:\/\/roveyayinevi.com.tr\/index.php\/urun\/sarmal-egrisi\/","title":{"rendered":"Sarmal E\u011frisi"},"content":{"rendered":"<p>Z ku\u015fa\u011f\u0131ndan silik bir gencin d\u00f6n\u00fc\u015f\u00fcm hik\u00e2yesi&#8230;   Ki\u015fisel geli\u015fim, bilim kurgu, tarih, psikoloji ve felsefe sevenler i\u00e7in ka\u00e7\u0131r\u0131lmayacak, t\u00fcrler aras\u0131 benzersiz bir roman.   Art\u0131k hi\u00e7bir \u015fey eskisi gibi olmayacak!   Sosyal kayg\u0131larla m\u00fccadele eden gen\u00e7 Mertcan\u2019\u0131n hayat\u0131, yapay zek\u00e2 Sirby ile tan\u0131\u015ft\u0131ktan sonra k\u00f6kten de\u011fi\u015fir. Sirby\u2019nin rehberli\u011finde g\u00f6z\u00fcn\u00fc a\u00e7t\u0131\u011f\u0131nda, kendini 17. y\u00fczy\u0131l Osmanl\u0131 \u0130mparatorlu\u011fu\u2019nun kudretli ama bir o kadar \u00e7etin d\u00fcnyas\u0131nda bulur. Kendi \u00e7a\u011f\u0131nda bile g\u00fc\u00e7s\u00fcz ve kayg\u0131l\u0131 bir karakter olan Mertcan, ge\u00e7mi\u015fin ac\u0131mas\u0131z ger\u00e7ekleriyle y\u00fczle\u015firken, hayatta kalmak i\u00e7in de\u011fi\u015fmek zorundad\u0131r.   Bir yanda Osmanl\u0131\u2019n\u0131n \u00e7alkant\u0131l\u0131 saray entrikalar\u0131 ve sava\u015f meydanlar\u0131, di\u011fer yanda ise onu bug\u00fcne ba\u011flayan ve kalbini derinden sarsan bir a\u015fk\u2026 \u00dcstelik art\u0131k sadece bir gen\u00e7 de\u011fildir; bir aile babas\u0131, bir e\u015f, bir sava\u015f\u00e7\u0131\u2026 G\u00fcn\u00fcm\u00fczden y\u00fczy\u0131llar \u00f6nce b\u00fcy\u00fck atas\u0131 Merdan\u2019\u0131n yerine ge\u00e7erek, kendi soyunun kaderini de\u011fi\u015ftirmek i\u00e7in ku\u015faklar aras\u0131 travma sarmal\u0131n\u0131 k\u0131rmaya \u00e7al\u0131\u015f\u0131r.    Sava\u015f meydan\u0131nda cesur, a\u015fk yolunda korkak bir adam\u2026   Sertli\u011fi ve ac\u0131mas\u0131zl\u0131\u011f\u0131yla bilinen Sultan IV. Murad\u2019\u0131n g\u00f6z\u00fcne girerek onunla dostluk kuran Mertcan, imparatorlu\u011fun en kanl\u0131 sava\u015flar\u0131ndan biri olan Ba\u011fdat Seferi\u2019ne kat\u0131l\u0131r. Bir yanda cephelerde k\u0131l\u0131\u00e7 sallayacak kadar cesur, di\u011fer yanda kalbini ilk kez a\u00e7t\u0131\u011f\u0131 e\u015fine duydu\u011fu \u00f6zlemle sars\u0131lacak kadar hassas\u2026   Peki, ge\u00e7 buldu\u011fu a\u015fk\u0131n\u0131 kaybetmeden bu sava\u015f\u0131n i\u00e7inden sa\u011f \u00e7\u0131kabilecek mi?   D\u00fcnyan\u0131n ilk, karakterleriyle sohbet edilebilen roman\u0131!   Yurt d\u0131\u015f\u0131nda b\u00fcy\u00fck ilgi g\u00f6ren ve \u00f6vg\u00fcler alan Sarmal E\u011frisi, edebiyat d\u00fcnyas\u0131nda \u00e7\u0131\u011f\u0131r a\u00e7an bir yenilik sunuyor. Kitapta yer alan QR kodunu taratarak, yapay zek\u00e2 Sirby, Mertcan ve Sultan IV. Murad ile etkile\u015fime girebilir, onlarla konu\u015farak hik\u00e2yenin derinliklerine yolculuk edebilirsiniz.<\/p>\n","protected":false},"excerpt":{"rendered":"<p>Z ku\u015fa\u011f\u0131ndan silik bir gencin d\u00f6n\u00fc\u015f\u00fcm hik\u00e2yesi&#8230; Ki\u015fisel geli\u015fim, bilim kurgu, tarih, psikoloji ve felsefe sevenler i\u00e7in ka\u00e7\u0131r\u0131lmayacak, t\u00fcrler aras\u0131 benzersiz bir roman. Art\u0131k hi\u00e7bir \u015fey<span class=\"excerpt-hellip\"> [\u2026]<\/span><\/p>\n","protected":false},"featured_media":0,"template":"","meta":{"_monsterinsights_skip_tracking":false,"_monsterinsights_sitenote_active":false,"_monsterinsights_sitenote_note":"","_monsterinsights_sitenote_category":0},"product_brand":[],"product_cat":[12540,12291],"product_tag":[],"class_list":{"0":"post-771394","1":"product","2":"type-product","3":"status-publish","5":"product_cat-bilim-kurgu","6":"product_cat-edebiyat","7":"pa_cilt-ciltsiz","8":"pa_tur-kitap","9":"pa_yayinevi-perseus","10":"pa_yazar-muammer-eroglu","12":"first","13":"instock","14":"sale","15":"shipping-taxable","16":"purchasable","17":"product-type-simple"},"_links":{"self":[{"href":"https:\/\/roveyayinevi.com.tr\/index.php\/wp-json\/wp\/v2\/product\/771394","targetHints":{"allow":["GET"]}}],"collection":[{"href":"https:\/\/roveyayinevi.com.tr\/index.php\/wp-json\/wp\/v2\/product"}],"about":[{"href":"https:\/\/roveyayinevi.com.tr\/index.php\/wp-json\/wp\/v2\/types\/product"}],"wp:attachment":[{"href":"https:\/\/roveyayinevi.com.tr\/index.php\/wp-json\/wp\/v2\/media?parent=771394"}],"wp:term":[{"taxonomy":"product_brand","embeddable":true,"href":"https:\/\/roveyayinevi.com.tr\/index.php\/wp-json\/wp\/v2\/product_brand?post=771394"},{"taxonomy":"product_cat","embeddable":true,"href":"https:\/\/roveyayinevi.com.tr\/index.php\/wp-json\/wp\/v2\/product_cat?post=771394"},{"taxonomy":"product_tag","embeddable":true,"href":"https:\/\/roveyayinevi.com.tr\/index.php\/wp-json\/wp\/v2\/product_tag?post=771394"}],"curies":[{"name":"wp","href":"https:\/\/api.w.org\/{rel}","templated":true}]}}