{"id":771393,"date":"2025-08-28T15:03:35","date_gmt":"2025-08-28T12:03:35","guid":{"rendered":"https:\/\/roveyayinevi.com.tr\/index.php\/urun\/bebek-britannica-hayvanlar-ciltli\/"},"modified":"2026-04-15T03:37:45","modified_gmt":"2026-04-15T00:37:45","slug":"bebek-britannica-hayvanlar-ciltli","status":"publish","type":"product","link":"https:\/\/roveyayinevi.com.tr\/index.php\/urun\/bebek-britannica-hayvanlar-ciltli\/","title":{"rendered":"Bebek Britannica: Hayvanlar (Ciltli)"},"content":{"rendered":"<p>Britannica\u2019n\u0131n zihin a\u00e7an bu kitab\u0131nda memeliler, s\u00fcr\u00fcngenler, ku\u015flar ve b\u00f6cekler gibi pek \u00e7ok canl\u0131yla tan\u0131\u015f\u0131n. Hayvanlar kitab\u0131n\u0131 okurken g\u00f6zler, g\u00f6ky\u00fcz\u00fcnden deniz alt\u0131na, kocaman hayvanlardan minicik kar\u0131ncalara \u00e7evrilecek, yeni maceralara, yeni fark\u0131ndal\u0131klara yolculuk ba\u015flayacak. <\/p>\n","protected":false},"excerpt":{"rendered":"<p>Britannica\u2019n\u0131n zihin a\u00e7an bu kitab\u0131nda memeliler, s\u00fcr\u00fcngenler, ku\u015flar ve b\u00f6cekler gibi pek \u00e7ok canl\u0131yla tan\u0131\u015f\u0131n. Hayvanlar kitab\u0131n\u0131 okurken g\u00f6zler, g\u00f6ky\u00fcz\u00fcnden deniz alt\u0131na, kocaman hayvanlardan minicik kar\u0131ncalara<span class=\"excerpt-hellip\"> [\u2026]<\/span><\/p>\n","protected":false},"featured_media":0,"template":"","meta":{"_monsterinsights_skip_tracking":false,"_monsterinsights_sitenote_active":false,"_monsterinsights_sitenote_note":"","_monsterinsights_sitenote_category":0},"product_brand":[],"product_cat":[12274,12518],"product_tag":[],"class_list":{"0":"post-771393","1":"product","2":"type-product","3":"status-publish","5":"product_cat-cocuk-ve-genclik-kitaplari","6":"product_cat-okul-oncesi-kitaplar","7":"pa_cilt-ciltli","8":"pa_tur-kitap","9":"pa_yayinevi-megakids-yayincilik","10":"pa_yazar-sally-symes","12":"first","13":"instock","14":"sale","15":"shipping-taxable","16":"purchasable","17":"product-type-simple"},"_links":{"self":[{"href":"https:\/\/roveyayinevi.com.tr\/index.php\/wp-json\/wp\/v2\/product\/771393","targetHints":{"allow":["GET"]}}],"collection":[{"href":"https:\/\/roveyayinevi.com.tr\/index.php\/wp-json\/wp\/v2\/product"}],"about":[{"href":"https:\/\/roveyayinevi.com.tr\/index.php\/wp-json\/wp\/v2\/types\/product"}],"wp:attachment":[{"href":"https:\/\/roveyayinevi.com.tr\/index.php\/wp-json\/wp\/v2\/media?parent=771393"}],"wp:term":[{"taxonomy":"product_brand","embeddable":true,"href":"https:\/\/roveyayinevi.com.tr\/index.php\/wp-json\/wp\/v2\/product_brand?post=771393"},{"taxonomy":"product_cat","embeddable":true,"href":"https:\/\/roveyayinevi.com.tr\/index.php\/wp-json\/wp\/v2\/product_cat?post=771393"},{"taxonomy":"product_tag","embeddable":true,"href":"https:\/\/roveyayinevi.com.tr\/index.php\/wp-json\/wp\/v2\/product_tag?post=771393"}],"curies":[{"name":"wp","href":"https:\/\/api.w.org\/{rel}","templated":true}]}}