{"id":771392,"date":"2025-08-28T15:03:33","date_gmt":"2025-08-28T12:03:33","guid":{"rendered":"https:\/\/roveyayinevi.com.tr\/index.php\/urun\/bebek-britannica-makineler\/"},"modified":"2026-04-15T03:37:45","modified_gmt":"2026-04-15T00:37:45","slug":"bebek-britannica-makineler","status":"publish","type":"product","link":"https:\/\/roveyayinevi.com.tr\/index.php\/urun\/bebek-britannica-makineler\/","title":{"rendered":"Bebek Britannica: Makineler"},"content":{"rendered":"<p>Britannica\u2019n\u0131n zihin a\u00e7an bu kitab\u0131yla aletleri, ara\u00e7lar\u0131 ve evde kullan\u0131lan makineleri ke\u015ffedin. Seyretmesi en e\u011flenceli \u015feylerden olan in\u015faat \u00e7al\u0131\u015fmalar\u0131, tren, beton mikseri ve her g\u00fcn rastlayaca\u011f\u0131n\u0131z bir \u015fey olmasa da merak uyand\u0131ran uzay arac\u0131. B\u00fcy\u00fck okuyucular, minik dinleyicilerinin makinelerle, in\u015faatlarla, uzayla ilgili sorular\u0131na haz\u0131r olmal\u0131. <\/p>\n","protected":false},"excerpt":{"rendered":"<p>Britannica\u2019n\u0131n zihin a\u00e7an bu kitab\u0131yla aletleri, ara\u00e7lar\u0131 ve evde kullan\u0131lan makineleri ke\u015ffedin. Seyretmesi en e\u011flenceli \u015feylerden olan in\u015faat \u00e7al\u0131\u015fmalar\u0131, tren, beton mikseri ve her g\u00fcn rastlayaca\u011f\u0131n\u0131z<span class=\"excerpt-hellip\"> [\u2026]<\/span><\/p>\n","protected":false},"featured_media":0,"template":"","meta":{"_monsterinsights_skip_tracking":false,"_monsterinsights_sitenote_active":false,"_monsterinsights_sitenote_note":"","_monsterinsights_sitenote_category":0},"product_brand":[],"product_cat":[12274,12518],"product_tag":[],"class_list":{"0":"post-771392","1":"product","2":"type-product","3":"status-publish","5":"product_cat-cocuk-ve-genclik-kitaplari","6":"product_cat-okul-oncesi-kitaplar","7":"pa_cilt-ciltli","8":"pa_tur-kitap","9":"pa_yayinevi-megakids-yayincilik","10":"pa_yazar-sally-symes","12":"first","13":"instock","14":"sale","15":"shipping-taxable","16":"purchasable","17":"product-type-simple"},"_links":{"self":[{"href":"https:\/\/roveyayinevi.com.tr\/index.php\/wp-json\/wp\/v2\/product\/771392","targetHints":{"allow":["GET"]}}],"collection":[{"href":"https:\/\/roveyayinevi.com.tr\/index.php\/wp-json\/wp\/v2\/product"}],"about":[{"href":"https:\/\/roveyayinevi.com.tr\/index.php\/wp-json\/wp\/v2\/types\/product"}],"wp:attachment":[{"href":"https:\/\/roveyayinevi.com.tr\/index.php\/wp-json\/wp\/v2\/media?parent=771392"}],"wp:term":[{"taxonomy":"product_brand","embeddable":true,"href":"https:\/\/roveyayinevi.com.tr\/index.php\/wp-json\/wp\/v2\/product_brand?post=771392"},{"taxonomy":"product_cat","embeddable":true,"href":"https:\/\/roveyayinevi.com.tr\/index.php\/wp-json\/wp\/v2\/product_cat?post=771392"},{"taxonomy":"product_tag","embeddable":true,"href":"https:\/\/roveyayinevi.com.tr\/index.php\/wp-json\/wp\/v2\/product_tag?post=771392"}],"curies":[{"name":"wp","href":"https:\/\/api.w.org\/{rel}","templated":true}]}}