{"id":771390,"date":"2025-08-28T15:03:29","date_gmt":"2025-08-28T12:03:29","guid":{"rendered":"https:\/\/roveyayinevi.com.tr\/index.php\/urun\/duyuslar\/"},"modified":"2026-04-15T03:37:44","modified_gmt":"2026-04-15T00:37:44","slug":"duyuslar","status":"publish","type":"product","link":"https:\/\/roveyayinevi.com.tr\/index.php\/urun\/duyuslar\/","title":{"rendered":"Duyu\u015flar"},"content":{"rendered":"<p>Kalbimdeki duyu\u015flar,   Lisan\u0131ma aksetti.   Akseden bu duyu\u015flar   Bu kitab\u0131 var etti.   Bu kitap, ba\u015ftan sona   Sen ve benden bahsetti.                                                                                                               Bu alemin, tek ve bir olan varl\u0131\u011f\u0131n, kendisinin bilinmesini istemesi \u00fczerine, k\u0131r\u0131lm\u0131\u015f ve etrafa sa\u00e7\u0131lm\u0131\u015f bir aynan\u0131n par\u00e7alar\u0131nda, farkl\u0131 \u015fekillerde g\u00f6r\u00fcnmesi gibi oldu\u011funu d\u00fc\u015f\u00fcn\u00fcyorum. Manan\u0131n g\u00f6r\u00fcn\u00fcr hale gelebilmesi, ancak ve ancak maddeye yans\u0131mas\u0131 ile m\u00fcmk\u00fcn olabilmektedir. Bir insan\u0131n, i\u00e7 alemindeki manalar\u0131n, bedeni ile icra etti\u011fi fiil ve davran\u0131\u015flarda g\u00f6r\u00fcn\u00fcr hale geldi\u011fi konusunda herkesin fikir birli\u011fi i\u00e7erisinde oldu\u011funu s\u00f6ylemem herhalde yanl\u0131\u015f olmaz.   O tek ve bir olan varl\u0131\u011f\u0131 d\u00fc\u015f\u00fcn\u00fcp tefekk\u00fcr etti\u011fim vakitler, kalbimdeki duyu\u015flardan lisan\u0131ma akseden c\u00fcmleleri bir k\u00e2\u011f\u0131da yaz\u0131p kenara b\u0131rak\u0131rd\u0131m. Kaleme ald\u0131\u011f\u0131m bu s\u00f6yle\u015fileri \u00e7evremdeki insanlara okudu\u011fumda;      Arkada\u015flar\u0131m\u0131n, bu s\u00f6yle\u015filerin, bir kitap halinde bas\u0131m ve da\u011f\u0131t\u0131m\u0131n\u0131n yap\u0131l\u0131p toplumla payla\u015f\u0131lmas\u0131 gerekti\u011fi y\u00f6n\u00fcndeki \u00f6nerilerini, hayata ge\u00e7irmek \u00fczere yola \u00e7\u0131kt\u0131m.                           Sizinle bulu\u015fmam\u0131za vesile olan bu kitapta, yukar\u0131da bahsetti\u011fim fikir ve d\u00fc\u015f\u00fcncelerimden yans\u0131malar bulaca\u011f\u0131n\u0131z\u0131 \u00fcmit ederek, siz de\u011ferli okurlar\u0131ma merhaba diyorum.       Sadullah Erol <\/p>\n","protected":false},"excerpt":{"rendered":"<p>Kalbimdeki duyu\u015flar, Lisan\u0131ma aksetti. Akseden bu duyu\u015flar Bu kitab\u0131 var etti. Bu kitap, ba\u015ftan sona Sen ve benden bahsetti. Bu alemin, tek ve bir olan varl\u0131\u011f\u0131n,<span class=\"excerpt-hellip\"> [\u2026]<\/span><\/p>\n","protected":false},"featured_media":0,"template":"","meta":{"_monsterinsights_skip_tracking":false,"_monsterinsights_sitenote_active":false,"_monsterinsights_sitenote_note":"","_monsterinsights_sitenote_category":0},"product_brand":[],"product_cat":[12291,12509],"product_tag":[],"class_list":{"0":"post-771390","1":"product","2":"type-product","3":"status-publish","5":"product_cat-edebiyat","6":"product_cat-siir","7":"pa_cilt-ciltsiz","8":"pa_tur-kitap","9":"pa_yayinevi-perseus","10":"pa_yazar-sadullah-erol","12":"first","13":"instock","14":"sale","15":"shipping-taxable","16":"purchasable","17":"product-type-simple"},"_links":{"self":[{"href":"https:\/\/roveyayinevi.com.tr\/index.php\/wp-json\/wp\/v2\/product\/771390","targetHints":{"allow":["GET"]}}],"collection":[{"href":"https:\/\/roveyayinevi.com.tr\/index.php\/wp-json\/wp\/v2\/product"}],"about":[{"href":"https:\/\/roveyayinevi.com.tr\/index.php\/wp-json\/wp\/v2\/types\/product"}],"wp:attachment":[{"href":"https:\/\/roveyayinevi.com.tr\/index.php\/wp-json\/wp\/v2\/media?parent=771390"}],"wp:term":[{"taxonomy":"product_brand","embeddable":true,"href":"https:\/\/roveyayinevi.com.tr\/index.php\/wp-json\/wp\/v2\/product_brand?post=771390"},{"taxonomy":"product_cat","embeddable":true,"href":"https:\/\/roveyayinevi.com.tr\/index.php\/wp-json\/wp\/v2\/product_cat?post=771390"},{"taxonomy":"product_tag","embeddable":true,"href":"https:\/\/roveyayinevi.com.tr\/index.php\/wp-json\/wp\/v2\/product_tag?post=771390"}],"curies":[{"name":"wp","href":"https:\/\/api.w.org\/{rel}","templated":true}]}}