{"id":771389,"date":"2025-08-28T15:03:27","date_gmt":"2025-08-28T12:03:27","guid":{"rendered":"https:\/\/roveyayinevi.com.tr\/index.php\/urun\/bebek-britannica-yiyecekler-ciltli\/"},"modified":"2026-04-15T03:37:44","modified_gmt":"2026-04-15T00:37:44","slug":"bebek-britannica-yiyecekler-ciltli","status":"publish","type":"product","link":"https:\/\/roveyayinevi.com.tr\/index.php\/urun\/bebek-britannica-yiyecekler-ciltli\/","title":{"rendered":"Bebek Britannica: Yiyecekler (Ciltli)"},"content":{"rendered":"<p>Britannica\u2019n\u0131n zihin a\u00e7an bu kitab\u0131yla dokular\u0131, tatlar\u0131 ve lezzetleri ke\u015ffedip yemek saatlerinin tad\u0131n\u0131 \u00e7\u0131kar\u0131n. Ka\u015f\u0131k \u00e7atal kullanmaktan bezelye ay\u0131klamaya, k\u00fc\u00e7\u00fck-b\u00fcy\u00fck, yumu\u015fak-sert lokmalara kadar \u00e7e\u015fitli anlat\u0131ml\u0131 resimler, yiyecekler konusunda yard\u0131mc\u0131n\u0131z olacak. <\/p>\n","protected":false},"excerpt":{"rendered":"<p>Britannica\u2019n\u0131n zihin a\u00e7an bu kitab\u0131yla dokular\u0131, tatlar\u0131 ve lezzetleri ke\u015ffedip yemek saatlerinin tad\u0131n\u0131 \u00e7\u0131kar\u0131n. Ka\u015f\u0131k \u00e7atal kullanmaktan bezelye ay\u0131klamaya, k\u00fc\u00e7\u00fck-b\u00fcy\u00fck, yumu\u015fak-sert lokmalara kadar \u00e7e\u015fitli anlat\u0131ml\u0131 resimler,<span class=\"excerpt-hellip\"> [\u2026]<\/span><\/p>\n","protected":false},"featured_media":0,"template":"","meta":{"_monsterinsights_skip_tracking":false,"_monsterinsights_sitenote_active":false,"_monsterinsights_sitenote_note":"","_monsterinsights_sitenote_category":0},"product_brand":[],"product_cat":[12274,12518],"product_tag":[],"class_list":{"0":"post-771389","1":"product","2":"type-product","3":"status-publish","5":"product_cat-cocuk-ve-genclik-kitaplari","6":"product_cat-okul-oncesi-kitaplar","7":"pa_cilt-ciltli","8":"pa_tur-kitap","9":"pa_yayinevi-megakids-yayincilik","10":"pa_yazar-sally-symes","12":"first","13":"instock","14":"sale","15":"shipping-taxable","16":"purchasable","17":"product-type-simple"},"_links":{"self":[{"href":"https:\/\/roveyayinevi.com.tr\/index.php\/wp-json\/wp\/v2\/product\/771389","targetHints":{"allow":["GET"]}}],"collection":[{"href":"https:\/\/roveyayinevi.com.tr\/index.php\/wp-json\/wp\/v2\/product"}],"about":[{"href":"https:\/\/roveyayinevi.com.tr\/index.php\/wp-json\/wp\/v2\/types\/product"}],"wp:attachment":[{"href":"https:\/\/roveyayinevi.com.tr\/index.php\/wp-json\/wp\/v2\/media?parent=771389"}],"wp:term":[{"taxonomy":"product_brand","embeddable":true,"href":"https:\/\/roveyayinevi.com.tr\/index.php\/wp-json\/wp\/v2\/product_brand?post=771389"},{"taxonomy":"product_cat","embeddable":true,"href":"https:\/\/roveyayinevi.com.tr\/index.php\/wp-json\/wp\/v2\/product_cat?post=771389"},{"taxonomy":"product_tag","embeddable":true,"href":"https:\/\/roveyayinevi.com.tr\/index.php\/wp-json\/wp\/v2\/product_tag?post=771389"}],"curies":[{"name":"wp","href":"https:\/\/api.w.org\/{rel}","templated":true}]}}