{"id":771385,"date":"2025-08-28T15:03:18","date_gmt":"2025-08-28T12:03:18","guid":{"rendered":"https:\/\/roveyayinevi.com.tr\/index.php\/urun\/bozkir-hikayeleri-2\/"},"modified":"2026-04-15T03:37:44","modified_gmt":"2026-04-15T00:37:44","slug":"bozkir-hikayeleri-2","status":"publish","type":"product","link":"https:\/\/roveyayinevi.com.tr\/index.php\/urun\/bozkir-hikayeleri-2\/","title":{"rendered":"Bozk\u0131r Hikayeleri"},"content":{"rendered":"<p>Ahmet Bican Erc\u0131lasun Hoca \u00f6mr\u00fcn\u00fc, G\u00f6kt\u00fcrk an\u0131tlar\u0131,D\u00eev\u00e2nu Lug\u00e2ti\u2019t-T\u00fcrk, Kutadgu Bilig, Dede Korkut hik\u00e2yelerigibi T\u00fcrkl\u00fc\u011f\u00fcn \u00f6l\u00fcms\u00fcz eserleri \u00fczerinde \u00e7al\u0131\u015farak ge\u00e7irdi.O, bu \u00e7al\u0131\u015fmalar\u0131 o kadar ruhuna sindirdi ki \u00e2deta \u00e7al\u0131\u015ft\u0131\u011f\u0131eser ve d\u00f6nemlerin i\u00e7inde ya\u015fad\u0131; sonunda da Bozk\u0131rHik\u00e2yeleri ortaya \u00e7\u0131kt\u0131. T\u00fcrklerin tarih\u00ee devirlerinin ve bozk\u0131r ya\u015fay\u0131\u015f\u0131n\u0131n bilin\u00e7alt\u0131ak\u0131\u015f\u0131yla anlat\u0131ld\u0131\u011f\u0131 bu hik\u00e2yelerde okuyucu da kendinihik\u00e2ye kahramanlar\u0131yla birlikte o \u00e7a\u011flarda ya\u015f\u0131yormu\u015f gibihissedecektir. Hik\u00e2yelerden biri Asya Hun h\u00fck\u00fcmdar\u0131 Motun (Mete) ileilgilidir. D\u00f6rd\u00fc G\u00f6kt\u00fcrklerle, biri Balasagunlu Yusuf\u2019la, biriK\u00e2\u015fgarl\u0131 Mahmud\u2019la ilgilidir. \u00dc\u00e7\u00fc g\u00fcn\u00fcm\u00fczde ge\u00e7mektedirancak bunlarda da yazar\u0131n bilin\u00e7alt\u0131ndan yine bozk\u0131rya\u015fay\u0131\u015f\u0131na do\u011fru gidilip gelinmektedir. Hik\u00e2yelerin i\u00e7inde yer alan d\u00f6nemin diliyle yaz\u0131lm\u0131\u015f \u015fiirler,esere ayr\u0131 bir renk katmaktad\u0131r ve bu, Ercilasun Hocaya hasbir \u00f6zelliktir. Efsaneler, tarih\u00ee ger\u00e7eklikler ve bilin\u00e7alt\u0131n\u0131n bulu\u015ftu\u011fuBozk\u0131r Hik\u00e2yeleri okuyucular\u0131n ruhunda ve beyninde farkl\u0131 bir iz b\u0131rakacakt\u0131r. <\/p>\n","protected":false},"excerpt":{"rendered":"<p>Ahmet Bican Erc\u0131lasun Hoca \u00f6mr\u00fcn\u00fc, G\u00f6kt\u00fcrk an\u0131tlar\u0131,D\u00eev\u00e2nu Lug\u00e2ti\u2019t-T\u00fcrk, Kutadgu Bilig, Dede Korkut hik\u00e2yelerigibi T\u00fcrkl\u00fc\u011f\u00fcn \u00f6l\u00fcms\u00fcz eserleri \u00fczerinde \u00e7al\u0131\u015farak ge\u00e7irdi.O, bu \u00e7al\u0131\u015fmalar\u0131 o kadar ruhuna sindirdi ki<span class=\"excerpt-hellip\"> [\u2026]<\/span><\/p>\n","protected":false},"featured_media":0,"template":"","meta":{"_monsterinsights_skip_tracking":false,"_monsterinsights_sitenote_active":false,"_monsterinsights_sitenote_note":"","_monsterinsights_sitenote_category":0},"product_brand":[],"product_cat":[12291,18202],"product_tag":[],"class_list":{"0":"post-771385","1":"product","2":"type-product","3":"status-publish","5":"product_cat-edebiyat","6":"product_cat-hikaye","7":"pa_cilt-ciltsiz","8":"pa_tur-kitap","9":"pa_yayinevi-bilge-kultur-sanat","10":"pa_yazar-ahmet-bican-ercilasun","12":"first","13":"instock","14":"sale","15":"shipping-taxable","16":"purchasable","17":"product-type-simple"},"_links":{"self":[{"href":"https:\/\/roveyayinevi.com.tr\/index.php\/wp-json\/wp\/v2\/product\/771385","targetHints":{"allow":["GET"]}}],"collection":[{"href":"https:\/\/roveyayinevi.com.tr\/index.php\/wp-json\/wp\/v2\/product"}],"about":[{"href":"https:\/\/roveyayinevi.com.tr\/index.php\/wp-json\/wp\/v2\/types\/product"}],"wp:attachment":[{"href":"https:\/\/roveyayinevi.com.tr\/index.php\/wp-json\/wp\/v2\/media?parent=771385"}],"wp:term":[{"taxonomy":"product_brand","embeddable":true,"href":"https:\/\/roveyayinevi.com.tr\/index.php\/wp-json\/wp\/v2\/product_brand?post=771385"},{"taxonomy":"product_cat","embeddable":true,"href":"https:\/\/roveyayinevi.com.tr\/index.php\/wp-json\/wp\/v2\/product_cat?post=771385"},{"taxonomy":"product_tag","embeddable":true,"href":"https:\/\/roveyayinevi.com.tr\/index.php\/wp-json\/wp\/v2\/product_tag?post=771385"}],"curies":[{"name":"wp","href":"https:\/\/api.w.org\/{rel}","templated":true}]}}