{"id":771383,"date":"2025-08-28T15:03:14","date_gmt":"2025-08-28T12:03:14","guid":{"rendered":"https:\/\/roveyayinevi.com.tr\/index.php\/urun\/karda-gezinti\/"},"modified":"2026-04-15T03:37:44","modified_gmt":"2026-04-15T00:37:44","slug":"karda-gezinti","status":"publish","type":"product","link":"https:\/\/roveyayinevi.com.tr\/index.php\/urun\/karda-gezinti\/","title":{"rendered":"Karda Gezinti"},"content":{"rendered":"<p>\u201cEy G\u00fcne\u015f efendi, G\u00fcne\u015f efendi!  L\u00fctfen, beni yan\u0131na al. Yan\u0131p \u00f6lsem de fark etmez. Benimki gibi \u00e7irkin bir beden dahi, yanarken ufak da olsa  bir \u0131\u015f\u0131k sa\u00e7ar belki. Ne olur beni de al yan\u0131na, l\u00fctfen.\u201d     Masals\u0131 d\u00fcnyalar\u0131n kalemi Kenji Miyazawa\u2019dan d\u00f6rt b\u00fcy\u00fcleyici hik\u00e2ye\u2026 Kendini ya\u015famaya de\u011fer bulmayacak kadar \u00e7irkin g\u00f6ren bir gece\u015fahini. Yetene\u011fini geli\u015ftirme derdine d\u00fc\u015fen ve tesad\u00fcfen ya\u015fl\u0131 orman\u0131n derinliklerindeki canl\u0131lardan yard\u0131m alan \u00c7ellist Gauche. Karl\u0131 bir g\u00fcnde  orman yolundaki iki merakl\u0131 karde\u015fle insanlara \u00f6fkeli bir tilki. Efsanevi bir varl\u0131\u011f\u0131n u\u011fultulu enstr\u00fcman\u0131ndan \u00e7\u0131kan r\u00fczg\u00e2r \u015fark\u0131s\u0131\u2026 Japon edebiyat\u0131n\u0131n masals\u0131 kalemi Kenji Miyazawa, bir orkestra \u015fefi gibi binbir sesin oldu\u011fu b\u00fcy\u00fcleyici orman\u0131n kuytular\u0131na okurlar\u0131n\u0131 davet ediyor. <\/p>\n","protected":false},"excerpt":{"rendered":"<p>\u201cEy G\u00fcne\u015f efendi, G\u00fcne\u015f efendi! L\u00fctfen, beni yan\u0131na al. Yan\u0131p \u00f6lsem de fark etmez. Benimki gibi \u00e7irkin bir beden dahi, yanarken ufak da olsa bir \u0131\u015f\u0131k<span class=\"excerpt-hellip\"> [\u2026]<\/span><\/p>\n","protected":false},"featured_media":0,"template":"","meta":{"_monsterinsights_skip_tracking":false,"_monsterinsights_sitenote_active":false,"_monsterinsights_sitenote_note":"","_monsterinsights_sitenote_category":0},"product_brand":[],"product_cat":[12291,12711],"product_tag":[],"class_list":{"0":"post-771383","1":"product","2":"type-product","3":"status-publish","5":"product_cat-edebiyat","6":"product_cat-roman-oyku","7":"pa_cilt-ciltsiz","8":"pa_tur-kitap","9":"pa_yayinevi-tokyo-manga","10":"pa_yazar-kenji-miyazawa","12":"first","13":"instock","14":"sale","15":"shipping-taxable","16":"purchasable","17":"product-type-simple"},"_links":{"self":[{"href":"https:\/\/roveyayinevi.com.tr\/index.php\/wp-json\/wp\/v2\/product\/771383","targetHints":{"allow":["GET"]}}],"collection":[{"href":"https:\/\/roveyayinevi.com.tr\/index.php\/wp-json\/wp\/v2\/product"}],"about":[{"href":"https:\/\/roveyayinevi.com.tr\/index.php\/wp-json\/wp\/v2\/types\/product"}],"wp:attachment":[{"href":"https:\/\/roveyayinevi.com.tr\/index.php\/wp-json\/wp\/v2\/media?parent=771383"}],"wp:term":[{"taxonomy":"product_brand","embeddable":true,"href":"https:\/\/roveyayinevi.com.tr\/index.php\/wp-json\/wp\/v2\/product_brand?post=771383"},{"taxonomy":"product_cat","embeddable":true,"href":"https:\/\/roveyayinevi.com.tr\/index.php\/wp-json\/wp\/v2\/product_cat?post=771383"},{"taxonomy":"product_tag","embeddable":true,"href":"https:\/\/roveyayinevi.com.tr\/index.php\/wp-json\/wp\/v2\/product_tag?post=771383"}],"curies":[{"name":"wp","href":"https:\/\/api.w.org\/{rel}","templated":true}]}}