{"id":771378,"date":"2025-08-28T15:03:04","date_gmt":"2025-08-28T12:03:04","guid":{"rendered":"https:\/\/roveyayinevi.com.tr\/index.php\/urun\/osmanli-istanbulunda-esitsizlik\/"},"modified":"2026-04-15T03:37:44","modified_gmt":"2026-04-15T00:37:44","slug":"osmanli-istanbulunda-esitsizlik","status":"publish","type":"product","link":"https:\/\/roveyayinevi.com.tr\/index.php\/urun\/osmanli-istanbulunda-esitsizlik\/","title":{"rendered":"Osmanl\u0131 \u0130stanbulu\u2019nda E\u015fitsizlik"},"content":{"rendered":"<p>D\u00fcnya ekonomilerinde ya\u015fanan b\u00f6l\u00fc\u015f\u00fcm sorunu, e\u015fitsizlikler \u00fczerine yap\u0131lan \u00e7al\u0131\u015fmalar\u0131n hem say\u0131s\u0131n\u0131 hem de \u00f6nemini art\u0131rmaktad\u0131r. \u0130ktisadi olarak neden d\u00fcnyan\u0131n baz\u0131 b\u00f6lgelerinin di\u011ferlerinden daha iyi durumda oldu\u011fu sorusu, ilgili toplumlar\u0131n ekonomik yap\u0131lar\u0131n\u0131 uzun d\u00f6nemli incelemeyi gerektirir. D\u00fcnyada son birka\u00e7 on y\u0131lda geli\u015fen iktisadi analizin merkezine do\u011fru kayan bu ara\u015ft\u0131rma sahas\u0131 i\u00e7inde Osmanl\u0131 d\u00f6nemi \u00fczerine yap\u0131lan \u00e7al\u0131\u015fmalardaki eksiklik de g\u00f6ze \u00e7arpar. Elinizdeki eser bu eksikli\u011fi giderme motivasyonuyla kaleme al\u0131nd\u0131. Avrupa\u2019da Sanayi Devrimi s\u00fcreci ya\u015fan\u0131rken Osmanl\u0131lar taraf\u0131nda bu b\u00fcy\u00fck d\u00f6n\u00fc\u015f\u00fcm\u00fcn dinamikleri ne durumdayd\u0131? Yollar ayr\u0131l\u0131rken ortaya \u00e7\u0131kan tablo belirli kurumsal\/yap\u0131sal k\u00f6kenler mi bar\u0131nd\u0131r\u0131yordu yoksa Kuznets\u2019in e\u015fitsizlikler tezi mi etkiliydi? Bu b\u00fcy\u00fck sorulara m\u00fctevaz\u0131 fakat somut katk\u0131lar sunmay\u0131 ama\u00e7layan uzun soluklu bir ara\u015ft\u0131rman\u0131n \u00fcr\u00fcn\u00fc olan kitap, 18. y\u00fczy\u0131l Osmanl\u0131 \u0130stanbulu\u2019nda n\u00fcfusun karakteristiklerini, servetin yap\u0131s\u0131 ve b\u00f6l\u00fc\u015f\u00fcm\u00fcn\u00fc, servet e\u015fitsizli\u011finin boyutlar\u0131n\u0131 ampirik olarak ortaya koyuyor. D\u00f6nemin \u0130stanbulu hangi sosyoekonomik gruplar ayr\u0131m\u0131nda incelenebilir? Cinsiyet, din, unvan ve meslek gruplar\u0131na ili\u015fkin servet yap\u0131lar\u0131 nas\u0131ld\u0131? Servet hangi kompozisyonlarda tutuluyordu? Miras hukuku serveti nas\u0131l ve ne y\u00f6nde da\u011f\u0131t\u0131yordu? T\u00fcm bunlar servet e\u015fitsizli\u011fini nas\u0131l etkiliyordu? Bu sorular\u0131n yan\u0131tlar\u0131n\u0131 Kad\u0131 Sicilleri i\u00e7erisinde yer alan tereke defterlerinden olu\u015fturulan veri seti yard\u0131m\u0131yla analiz eden kitap, d\u00f6nemin \u0130stanbulu i\u00e7in pazar mekanizmas\u0131n\u0131n e\u015fitsizlikleri nas\u0131l s\u0131n\u0131rlad\u0131\u011f\u0131n\u0131 g\u00f6stermeyi deniyor. <\/p>\n","protected":false},"excerpt":{"rendered":"<p>D\u00fcnya ekonomilerinde ya\u015fanan b\u00f6l\u00fc\u015f\u00fcm sorunu, e\u015fitsizlikler \u00fczerine yap\u0131lan \u00e7al\u0131\u015fmalar\u0131n hem say\u0131s\u0131n\u0131 hem de \u00f6nemini art\u0131rmaktad\u0131r. \u0130ktisadi olarak neden d\u00fcnyan\u0131n baz\u0131 b\u00f6lgelerinin di\u011ferlerinden daha iyi durumda oldu\u011fu<span class=\"excerpt-hellip\"> [\u2026]<\/span><\/p>\n","protected":false},"featured_media":0,"template":"","meta":{"_monsterinsights_skip_tracking":false,"_monsterinsights_sitenote_active":false,"_monsterinsights_sitenote_note":"","_monsterinsights_sitenote_category":0},"product_brand":[],"product_cat":[13517,12304],"product_tag":[],"class_list":{"0":"post-771378","1":"product","2":"type-product","3":"status-publish","5":"product_cat-osmanli-tarihi","6":"product_cat-tarih","7":"pa_cilt-ciltsiz","8":"pa_tur-kitap","9":"pa_yayinevi-vakifbank-kultur-yayinlari","10":"pa_yazar-m-bedrettin-toprak","12":"first","13":"instock","14":"sale","15":"shipping-taxable","16":"purchasable","17":"product-type-simple"},"_links":{"self":[{"href":"https:\/\/roveyayinevi.com.tr\/index.php\/wp-json\/wp\/v2\/product\/771378","targetHints":{"allow":["GET"]}}],"collection":[{"href":"https:\/\/roveyayinevi.com.tr\/index.php\/wp-json\/wp\/v2\/product"}],"about":[{"href":"https:\/\/roveyayinevi.com.tr\/index.php\/wp-json\/wp\/v2\/types\/product"}],"wp:attachment":[{"href":"https:\/\/roveyayinevi.com.tr\/index.php\/wp-json\/wp\/v2\/media?parent=771378"}],"wp:term":[{"taxonomy":"product_brand","embeddable":true,"href":"https:\/\/roveyayinevi.com.tr\/index.php\/wp-json\/wp\/v2\/product_brand?post=771378"},{"taxonomy":"product_cat","embeddable":true,"href":"https:\/\/roveyayinevi.com.tr\/index.php\/wp-json\/wp\/v2\/product_cat?post=771378"},{"taxonomy":"product_tag","embeddable":true,"href":"https:\/\/roveyayinevi.com.tr\/index.php\/wp-json\/wp\/v2\/product_tag?post=771378"}],"curies":[{"name":"wp","href":"https:\/\/api.w.org\/{rel}","templated":true}]}}