{"id":771377,"date":"2025-08-28T15:03:02","date_gmt":"2025-08-28T12:03:02","guid":{"rendered":"https:\/\/roveyayinevi.com.tr\/index.php\/urun\/kor-baykus-8\/"},"modified":"2026-04-15T03:37:44","modified_gmt":"2026-04-15T00:37:44","slug":"kor-baykus-8","status":"publish","type":"product","link":"https:\/\/roveyayinevi.com.tr\/index.php\/urun\/kor-baykus-8\/","title":{"rendered":"K\u00f6r Bayku\u015f"},"content":{"rendered":"<p>\u201cAnlad\u0131m ki m\u00fcmk\u00fcn oldu\u011funca susmam, m\u00fcmk\u00fcn oldu\u011funca d\u00fc\u015f\u00fcncelerimi kendime saklamam gerek ve \u015fimdi yazmaya karar vermemin tek nedeni g\u00f6lgeme kendimi tan\u0131tmak iste\u011fidir.\u201dAnlat\u0131c\u0131, evindeki k\u00fc\u00e7\u00fck havaland\u0131rma penceresinde bulunan ve daha \u00f6nceden yokmu\u015f gibi g\u00f6r\u00fcnen bir delikten, her zaman resmetti\u011fi sahneyi g\u00f6r\u00fcr: Siyah elbiseli bir k\u0131z, bir servi a\u011fac\u0131n\u0131n alt\u0131nda \u00e7\u00f6melmi\u015f, ya\u015fl\u0131 bir adama bir lotus \u00e7i\u00e7e\u011fi dal\u0131 uzat\u0131yor. K\u0131zla ya\u015fl\u0131 adam\u0131n aras\u0131nda mavi bir nehir ak\u0131yor. Bu sahneye dalan adam k\u0131z\u0131n bak\u0131\u015flar\u0131na kap\u0131l\u0131r ve hayat\u0131, ak\u015fama do\u011fru onu kendi evinin kap\u0131s\u0131nda otururken bulmas\u0131yla korkun\u00e7 bir \u015fekilde de\u011fi\u015fir.K\u00f6r Bayku\u015f, i\u00e7indeki \u015feytanlarla uzun s\u00fcre sava\u015fmak zorunda kalan ve \u00e7ok gen\u00e7 ya\u015fta \u00f6len e\u015fsiz bir yazar\u0131n, insan ruhunun karanl\u0131k dehlizlerini ara\u015ft\u0131ran ba\u015fyap\u0131t\u0131.\u201c\u0130ran\u2019\u0131n yanl\u0131\u015f anla\u015f\u0131lan modernisti.\u201dThe New York Times<\/p>\n","protected":false},"excerpt":{"rendered":"<p>\u201cAnlad\u0131m ki m\u00fcmk\u00fcn oldu\u011funca susmam, m\u00fcmk\u00fcn oldu\u011funca d\u00fc\u015f\u00fcncelerimi kendime saklamam gerek ve \u015fimdi yazmaya karar vermemin tek nedeni g\u00f6lgeme kendimi tan\u0131tmak iste\u011fidir.\u201dAnlat\u0131c\u0131, evindeki k\u00fc\u00e7\u00fck havaland\u0131rma penceresinde<span class=\"excerpt-hellip\"> [\u2026]<\/span><\/p>\n","protected":false},"featured_media":0,"template":"","meta":{"_monsterinsights_skip_tracking":false,"_monsterinsights_sitenote_active":false,"_monsterinsights_sitenote_note":"","_monsterinsights_sitenote_category":0},"product_brand":[],"product_cat":[12291,12711],"product_tag":[],"class_list":{"0":"post-771377","1":"product","2":"type-product","3":"status-publish","5":"product_cat-edebiyat","6":"product_cat-roman-oyku","7":"pa_cilt-ciltsiz","8":"pa_tur-kitap","9":"pa_yayinevi-can-yayinlari","10":"pa_yazar-sadik-hidayet","12":"first","13":"instock","14":"sale","15":"shipping-taxable","16":"purchasable","17":"product-type-simple"},"_links":{"self":[{"href":"https:\/\/roveyayinevi.com.tr\/index.php\/wp-json\/wp\/v2\/product\/771377","targetHints":{"allow":["GET"]}}],"collection":[{"href":"https:\/\/roveyayinevi.com.tr\/index.php\/wp-json\/wp\/v2\/product"}],"about":[{"href":"https:\/\/roveyayinevi.com.tr\/index.php\/wp-json\/wp\/v2\/types\/product"}],"wp:attachment":[{"href":"https:\/\/roveyayinevi.com.tr\/index.php\/wp-json\/wp\/v2\/media?parent=771377"}],"wp:term":[{"taxonomy":"product_brand","embeddable":true,"href":"https:\/\/roveyayinevi.com.tr\/index.php\/wp-json\/wp\/v2\/product_brand?post=771377"},{"taxonomy":"product_cat","embeddable":true,"href":"https:\/\/roveyayinevi.com.tr\/index.php\/wp-json\/wp\/v2\/product_cat?post=771377"},{"taxonomy":"product_tag","embeddable":true,"href":"https:\/\/roveyayinevi.com.tr\/index.php\/wp-json\/wp\/v2\/product_tag?post=771377"}],"curies":[{"name":"wp","href":"https:\/\/api.w.org\/{rel}","templated":true}]}}