{"id":771372,"date":"2025-08-28T15:02:51","date_gmt":"2025-08-28T12:02:51","guid":{"rendered":"https:\/\/roveyayinevi.com.tr\/index.php\/urun\/annemin-kucaginda-ben\/"},"modified":"2026-01-28T04:00:45","modified_gmt":"2026-01-28T01:00:45","slug":"annemin-kucaginda-ben","status":"publish","type":"product","link":"https:\/\/roveyayinevi.com.tr\/index.php\/urun\/annemin-kucaginda-ben\/","title":{"rendered":"Annemin Kuca\u011f\u0131nda Ben"},"content":{"rendered":"<p>Bir bak\u0131\u015fla ba\u015flar ba\u011f kurmak\u2026 Ve sonra sar\u0131l\u0131r minicik beden, annesinin kuca\u011f\u0131na s\u0131ms\u0131cak. Ay ay geli\u015fen bir yavrunun; ilk g\u00fcl\u00fc\u015f\u00fc, ilk kelimesi, ilk ad\u0131m\u0131 ve hayat\u0131 ke\u015ffetme yolculu\u011fu\u2026 Anne kuca\u011f\u0131nda ge\u00e7en ilk y\u0131l\u0131n mucizevi ser\u00fcveni, bir bebe\u011fin bak\u0131\u015f a\u00e7\u0131s\u0131ndan, s\u0131cak ve samimi bir dille anlat\u0131l\u0131yor. Annelik \u015fefkatini derinden hissettiren, minik bir kalbin geli\u015fimini ad\u0131m ad\u0131m anlatan bir kitap\u2026 \u201cAnnemin Kuca\u011f\u0131nda Ben\u201d hayat\u0131n en derin sar\u0131l\u0131\u015f\u0131! <\/p>\n","protected":false},"excerpt":{"rendered":"<p>Bir bak\u0131\u015fla ba\u015flar ba\u011f kurmak\u2026 Ve sonra sar\u0131l\u0131r minicik beden, annesinin kuca\u011f\u0131na s\u0131ms\u0131cak. Ay ay geli\u015fen bir yavrunun; ilk g\u00fcl\u00fc\u015f\u00fc, ilk kelimesi, ilk ad\u0131m\u0131 ve hayat\u0131<span class=\"excerpt-hellip\"> [\u2026]<\/span><\/p>\n","protected":false},"featured_media":0,"template":"","meta":{"_monsterinsights_skip_tracking":false,"_monsterinsights_sitenote_active":false,"_monsterinsights_sitenote_note":"","_monsterinsights_sitenote_category":0},"product_brand":[],"product_cat":[12274,12284],"product_tag":[],"class_list":{"0":"post-771372","1":"product","2":"type-product","3":"status-publish","5":"product_cat-cocuk-ve-genclik-kitaplari","6":"product_cat-hikayeler","7":"pa_cilt-ciltsiz","8":"pa_tur-kitap","9":"pa_yayinevi-aile-yayinlari","10":"pa_yazar-meryem-el-haseni","12":"first","13":"instock","14":"sale","15":"shipping-taxable","16":"purchasable","17":"product-type-simple"},"_links":{"self":[{"href":"https:\/\/roveyayinevi.com.tr\/index.php\/wp-json\/wp\/v2\/product\/771372","targetHints":{"allow":["GET"]}}],"collection":[{"href":"https:\/\/roveyayinevi.com.tr\/index.php\/wp-json\/wp\/v2\/product"}],"about":[{"href":"https:\/\/roveyayinevi.com.tr\/index.php\/wp-json\/wp\/v2\/types\/product"}],"wp:attachment":[{"href":"https:\/\/roveyayinevi.com.tr\/index.php\/wp-json\/wp\/v2\/media?parent=771372"}],"wp:term":[{"taxonomy":"product_brand","embeddable":true,"href":"https:\/\/roveyayinevi.com.tr\/index.php\/wp-json\/wp\/v2\/product_brand?post=771372"},{"taxonomy":"product_cat","embeddable":true,"href":"https:\/\/roveyayinevi.com.tr\/index.php\/wp-json\/wp\/v2\/product_cat?post=771372"},{"taxonomy":"product_tag","embeddable":true,"href":"https:\/\/roveyayinevi.com.tr\/index.php\/wp-json\/wp\/v2\/product_tag?post=771372"}],"curies":[{"name":"wp","href":"https:\/\/api.w.org\/{rel}","templated":true}]}}