{"id":771371,"date":"2025-08-28T15:02:49","date_gmt":"2025-08-28T12:02:49","guid":{"rendered":"https:\/\/roveyayinevi.com.tr\/index.php\/urun\/annemin-karninda-ben\/"},"modified":"2026-01-28T04:00:45","modified_gmt":"2026-01-28T01:00:45","slug":"annemin-karninda-ben","status":"publish","type":"product","link":"https:\/\/roveyayinevi.com.tr\/index.php\/urun\/annemin-karninda-ben\/","title":{"rendered":"Annemin Karn\u0131nda Ben"},"content":{"rendered":"<p>Bir su damlas\u0131yla ba\u015flar her \u015fey\u2026 Ve sonra sar\u0131p sarmalan\u0131r en huzurlu yerde, anne rahminde\u2026 Ay ay b\u00fcy\u00fcyen minicik bir bedenin; sesi, \u0131\u015f\u0131\u011f\u0131, tatlar\u0131, duygular\u0131 ke\u015ffetme yolculu\u011fu\u2026 Anne rahminde ge\u00e7en dokuz ayl\u0131k bu mucizevi ser\u00fcven, bir bebe\u011fin g\u00f6z\u00fcnden, i\u00e7ten ve sevecen bir dille anlat\u0131l\u0131yor. Annelik duygusunu derinden hissettiren, minik bir kalbin b\u00fcy\u00fcmesini ad\u0131m ad\u0131m izleten bir kitap\u2026 \u201cAnnemin Karn\u0131nda Ben\u201d hayat\u0131n en sessiz mucizesi! <\/p>\n","protected":false},"excerpt":{"rendered":"<p>Bir su damlas\u0131yla ba\u015flar her \u015fey\u2026 Ve sonra sar\u0131p sarmalan\u0131r en huzurlu yerde, anne rahminde\u2026 Ay ay b\u00fcy\u00fcyen minicik bir bedenin; sesi, \u0131\u015f\u0131\u011f\u0131, tatlar\u0131, duygular\u0131 ke\u015ffetme<span class=\"excerpt-hellip\"> [\u2026]<\/span><\/p>\n","protected":false},"featured_media":0,"template":"","meta":{"_monsterinsights_skip_tracking":false,"_monsterinsights_sitenote_active":false,"_monsterinsights_sitenote_note":"","_monsterinsights_sitenote_category":0},"product_brand":[],"product_cat":[12274,12284],"product_tag":[],"class_list":{"0":"post-771371","1":"product","2":"type-product","3":"status-publish","5":"product_cat-cocuk-ve-genclik-kitaplari","6":"product_cat-hikayeler","7":"pa_cilt-ciltsiz","8":"pa_tur-kitap","9":"pa_yayinevi-aile-yayinlari","10":"pa_yazar-meryem-el-haseni","12":"first","13":"instock","14":"sale","15":"shipping-taxable","16":"purchasable","17":"product-type-simple"},"_links":{"self":[{"href":"https:\/\/roveyayinevi.com.tr\/index.php\/wp-json\/wp\/v2\/product\/771371","targetHints":{"allow":["GET"]}}],"collection":[{"href":"https:\/\/roveyayinevi.com.tr\/index.php\/wp-json\/wp\/v2\/product"}],"about":[{"href":"https:\/\/roveyayinevi.com.tr\/index.php\/wp-json\/wp\/v2\/types\/product"}],"wp:attachment":[{"href":"https:\/\/roveyayinevi.com.tr\/index.php\/wp-json\/wp\/v2\/media?parent=771371"}],"wp:term":[{"taxonomy":"product_brand","embeddable":true,"href":"https:\/\/roveyayinevi.com.tr\/index.php\/wp-json\/wp\/v2\/product_brand?post=771371"},{"taxonomy":"product_cat","embeddable":true,"href":"https:\/\/roveyayinevi.com.tr\/index.php\/wp-json\/wp\/v2\/product_cat?post=771371"},{"taxonomy":"product_tag","embeddable":true,"href":"https:\/\/roveyayinevi.com.tr\/index.php\/wp-json\/wp\/v2\/product_tag?post=771371"}],"curies":[{"name":"wp","href":"https:\/\/api.w.org\/{rel}","templated":true}]}}