{"id":771370,"date":"2025-08-28T15:02:48","date_gmt":"2025-08-28T12:02:48","guid":{"rendered":"https:\/\/roveyayinevi.com.tr\/index.php\/urun\/konfor-alani\/"},"modified":"2026-04-12T03:28:37","modified_gmt":"2026-04-12T00:28:37","slug":"konfor-alani","status":"publish","type":"product","link":"https:\/\/roveyayinevi.com.tr\/index.php\/urun\/konfor-alani\/","title":{"rendered":"Konfor Alan\u0131"},"content":{"rendered":"<p>Ba\u015far\u0131ya en h\u0131zl\u0131 ve en az \u00e7abayla ula\u015faca\u011f\u0131n\u0131z yer Konfor Alan\u0131n\u0131zd\u0131r.   Konfor alan\u0131n\u0131z, bir tehlike alan\u0131 olmak zorunda de\u011fil. Bu paradigmay\u0131 de\u011fi\u015ftirmek amac\u0131yla yaz\u0131lan bu rehber, hayat\u0131n\u0131z\u0131n en iyi versiyonunu in\u015fa etmek i\u00e7in ne\u015fe, yarat\u0131c\u0131l\u0131k ve kolayl\u0131\u011f\u0131n g\u00fcc\u00fcn\u00fc nas\u0131l kullanaca\u011f\u0131n\u0131z\u0131 g\u00f6steriyor.   \u201cKonfor alan\u0131\u201d hakk\u0131nda size s\u00f6ylenen her \u015feyi unutmaya haz\u0131r olun. Buras\u0131, harekete ge\u00e7me zahmetine giremedi\u011finiz i\u00e7in rehavete kap\u0131l\u0131p oturdu\u011funuz bir yer de\u011fil. Hayallerinizdeki hayata ula\u015fman\u0131z\u0131 engelleyen bir bariyer de de\u011fil. Bu alan b\u00fcy\u00fcmenin, olas\u0131l\u0131\u011f\u0131n, mutlulu\u011fun en ger\u00e7ek kayna\u011f\u0131 ve size uzman bir rehberin yard\u0131m\u0131yla eri\u015febilece\u011finiz yak\u0131nl\u0131kta.   Kristen Butler, iyi ya\u015fanm\u0131\u015f bir hayat\u0131n unsurlar\u0131n\u0131 incelemek i\u00e7in on y\u0131ldan fazla s\u00fcredir \u00e7al\u0131\u015f\u0131yor. Bu kitab\u0131yla da kayg\u0131 ve stresin ba\u015far\u0131 i\u00e7in gerekli bile\u015fenler oldu\u011fu fikrini ortadan kald\u0131r\u0131yor, rahatl\u0131k halinin t\u00fcm potansiyelinizi a\u00e7\u0131\u011fa \u00e7\u0131karman\u0131n anahtar\u0131 oldu\u011funu g\u00f6steriyor. <\/p>\n","protected":false},"excerpt":{"rendered":"<p>Ba\u015far\u0131ya en h\u0131zl\u0131 ve en az \u00e7abayla ula\u015faca\u011f\u0131n\u0131z yer Konfor Alan\u0131n\u0131zd\u0131r. Konfor alan\u0131n\u0131z, bir tehlike alan\u0131 olmak zorunda de\u011fil. Bu paradigmay\u0131 de\u011fi\u015ftirmek amac\u0131yla yaz\u0131lan bu rehber,<span class=\"excerpt-hellip\"> [\u2026]<\/span><\/p>\n","protected":false},"featured_media":0,"template":"","meta":{"_monsterinsights_skip_tracking":false,"_monsterinsights_sitenote_active":false,"_monsterinsights_sitenote_note":"","_monsterinsights_sitenote_category":0},"product_brand":[],"product_cat":[12364,12376],"product_tag":[],"class_list":{"0":"post-771370","1":"product","2":"type-product","3":"status-publish","5":"product_cat-genel-konular","6":"product_cat-kisisel-gelisim","7":"pa_cilt-ciltsiz","8":"pa_tur-kitap","9":"pa_yayinevi-serenad-yayinevi","10":"pa_yazar-kristen-butler","12":"first","13":"instock","14":"sale","15":"shipping-taxable","16":"purchasable","17":"product-type-simple"},"_links":{"self":[{"href":"https:\/\/roveyayinevi.com.tr\/index.php\/wp-json\/wp\/v2\/product\/771370","targetHints":{"allow":["GET"]}}],"collection":[{"href":"https:\/\/roveyayinevi.com.tr\/index.php\/wp-json\/wp\/v2\/product"}],"about":[{"href":"https:\/\/roveyayinevi.com.tr\/index.php\/wp-json\/wp\/v2\/types\/product"}],"wp:attachment":[{"href":"https:\/\/roveyayinevi.com.tr\/index.php\/wp-json\/wp\/v2\/media?parent=771370"}],"wp:term":[{"taxonomy":"product_brand","embeddable":true,"href":"https:\/\/roveyayinevi.com.tr\/index.php\/wp-json\/wp\/v2\/product_brand?post=771370"},{"taxonomy":"product_cat","embeddable":true,"href":"https:\/\/roveyayinevi.com.tr\/index.php\/wp-json\/wp\/v2\/product_cat?post=771370"},{"taxonomy":"product_tag","embeddable":true,"href":"https:\/\/roveyayinevi.com.tr\/index.php\/wp-json\/wp\/v2\/product_tag?post=771370"}],"curies":[{"name":"wp","href":"https:\/\/api.w.org\/{rel}","templated":true}]}}