{"id":771369,"date":"2025-08-28T15:02:47","date_gmt":"2025-08-28T12:02:47","guid":{"rendered":"https:\/\/roveyayinevi.com.tr\/index.php\/urun\/borges-ve-bellek\/"},"modified":"2026-04-15T03:37:44","modified_gmt":"2026-04-15T00:37:44","slug":"borges-ve-bellek","status":"publish","type":"product","link":"https:\/\/roveyayinevi.com.tr\/index.php\/urun\/borges-ve-bellek\/","title":{"rendered":"Borges ve Bellek"},"content":{"rendered":"<p>Sinirbilim uzman\u0131 Rodrigo Quian Quiroga, belle\u011fin bili\u015fsel yap\u0131s\u0131 konusundaki ara\u015ft\u0131rmalar\u0131n\u0131 Jorge Luis Borges\u2019in \u00e7e\u015fitli \u00f6yk\u00fclerinde bellek \u00fczerine giri\u015fti\u011fi edebi ke\u015fiflerle ili\u015fkilendiriyor. Bu \u00f6yk\u00fclerin ba\u015f\u0131nda \u201cBellek Funes\u201d geliyor. \u00d6yk\u00fcn\u00fcn kahraman\u0131 Funes, ya\u015fad\u0131\u011f\u0131 her \u015feyi t\u00fcm ayr\u0131nt\u0131lar\u0131yla hat\u0131rlayan, daha do\u011frusu hi\u00e7bir \u015feyi unutamayan biridir, ama alg\u0131lad\u0131klar\u0131n\u0131 soyutlay\u0131p kavramlara ula\u015famaz. Oysa belle\u011fin i\u015fleyi\u015fi bunu gerektirir: Beyindeki belli n\u00f6ronlar somut ayr\u0131nt\u0131lar\u0131 g\u00f6z ard\u0131 ederek ve soyut kavramlara tepki vererek belle\u011fi olu\u015ftururlar. Bu n\u00f6ronlar\u0131n alg\u0131lad\u0131\u011f\u0131m\u0131z \u015feyleri uzun s\u00fcreli belle\u011fe d\u00f6n\u00fc\u015ft\u00fcrme konusunda kilit bir rol oynad\u0131klar\u0131n\u0131 ara\u015ft\u0131rmalar\u0131nda ortaya koyan Quiroga, aksi takdirde sonumuzun Funes gibi olaca\u011f\u0131n\u0131 belirtiyor.Borges ve Bellek bizi sinirbilim \u00e7al\u0131\u015fmalar\u0131, \u201cola\u011fan\u00fcst\u00fc bele\u011fe sahip\u201d ki\u015filerin ya\u015fam\u00f6yk\u00fcleri, beynin anatomisi, g\u00f6rme mekanizmas\u0131na ili\u015fkin \u00e7a\u011fda\u015f kuramlar, Borges\u2019le ayn\u0131 konulara e\u011filmi\u015f William James, Gustav Spiller, John Stuart Mill gibi d\u00fc\u015f\u00fcn\u00fcrler aras\u0131nda renkli bir yolculu\u011fa \u00e7\u0131kar\u0131yor.<\/p>\n","protected":false},"excerpt":{"rendered":"<p>Sinirbilim uzman\u0131 Rodrigo Quian Quiroga, belle\u011fin bili\u015fsel yap\u0131s\u0131 konusundaki ara\u015ft\u0131rmalar\u0131n\u0131 Jorge Luis Borges\u2019in \u00e7e\u015fitli \u00f6yk\u00fclerinde bellek \u00fczerine giri\u015fti\u011fi edebi ke\u015fiflerle ili\u015fkilendiriyor. Bu \u00f6yk\u00fclerin ba\u015f\u0131nda \u201cBellek Funes\u201d<span class=\"excerpt-hellip\"> [\u2026]<\/span><\/p>\n","protected":false},"featured_media":0,"template":"","meta":{"_monsterinsights_skip_tracking":false,"_monsterinsights_sitenote_active":false,"_monsterinsights_sitenote_note":"","_monsterinsights_sitenote_category":0},"product_brand":[],"product_cat":[13005,13006],"product_tag":[],"class_list":{"0":"post-771369","1":"product","2":"type-product","3":"status-publish","5":"product_cat-bilim-muhendislik","6":"product_cat-populer-bilim","7":"pa_cilt-ciltsiz","8":"pa_tur-kitap","9":"pa_yayinevi-bogazici-universitesi-yayinevi","10":"pa_yazar-rodrigo-quian-quiroga","12":"first","13":"instock","14":"sale","15":"shipping-taxable","16":"purchasable","17":"product-type-simple"},"_links":{"self":[{"href":"https:\/\/roveyayinevi.com.tr\/index.php\/wp-json\/wp\/v2\/product\/771369","targetHints":{"allow":["GET"]}}],"collection":[{"href":"https:\/\/roveyayinevi.com.tr\/index.php\/wp-json\/wp\/v2\/product"}],"about":[{"href":"https:\/\/roveyayinevi.com.tr\/index.php\/wp-json\/wp\/v2\/types\/product"}],"wp:attachment":[{"href":"https:\/\/roveyayinevi.com.tr\/index.php\/wp-json\/wp\/v2\/media?parent=771369"}],"wp:term":[{"taxonomy":"product_brand","embeddable":true,"href":"https:\/\/roveyayinevi.com.tr\/index.php\/wp-json\/wp\/v2\/product_brand?post=771369"},{"taxonomy":"product_cat","embeddable":true,"href":"https:\/\/roveyayinevi.com.tr\/index.php\/wp-json\/wp\/v2\/product_cat?post=771369"},{"taxonomy":"product_tag","embeddable":true,"href":"https:\/\/roveyayinevi.com.tr\/index.php\/wp-json\/wp\/v2\/product_tag?post=771369"}],"curies":[{"name":"wp","href":"https:\/\/api.w.org\/{rel}","templated":true}]}}