{"id":771368,"date":"2025-08-28T15:02:46","date_gmt":"2025-08-28T12:02:46","guid":{"rendered":"https:\/\/roveyayinevi.com.tr\/index.php\/urun\/elektronun-tarihcesi-j-j-ve-g-p-thomson\/"},"modified":"2026-04-15T03:37:44","modified_gmt":"2026-04-15T00:37:44","slug":"elektronun-tarihcesi-j-j-ve-g-p-thomson","status":"publish","type":"product","link":"https:\/\/roveyayinevi.com.tr\/index.php\/urun\/elektronun-tarihcesi-j-j-ve-g-p-thomson\/","title":{"rendered":"Elektronun Tarih\u00e7esi; J.J. ve G.P. Thomson"},"content":{"rendered":"<p>Deneysel Fizik Profes\u00f6r\u00fc ve Cambridge Cavendish Laboratuvar\u0131 m\u00fcd\u00fcr\u00fc Joseph John Thomson, 1897&#8217;de, katot \u0131\u015f\u0131nlar\u0131nda elektrik ta\u015f\u0131yan \u00f6\u011felere par\u00e7ac\u0131kl\u0131 bir do\u011fa atfetti. Bu olay, geleneksel olarak elektronun ke\u015ffi kabul edilen geli\u015fmenin ana unsurudur. Tam otuz sene sonra o\u011flu George Paget Thomson, elektron k\u0131r\u0131n\u0131m\u0131n\u0131n ilk g\u00f6r\u00fcnt\u00fclerini elde etti ve bu g\u00f6r\u00fcnt\u00fcler sayesinde, babas\u0131n\u0131n elektronlar\u0131n\u0131n dalga benzeri davran\u0131\u015flar\u0131n\u0131 g\u00f6sterdi. \u0130\u015fe bak\u0131n ki, babas\u0131 bir dalga g\u00f6r\u00fcng\u00fcs\u00fcn\u00fcn (katot \u0131\u015f\u0131nlar\u0131) tanecikler ba\u011flam\u0131nda a\u00e7\u0131klanabilece\u011fini g\u00f6stermi\u015fken, o\u011flu da babas\u0131n\u0131n belirledi\u011fi taneciklerin dalga \u00f6zelli\u011fi ta\u015f\u0131d\u0131\u011f\u0131n\u0131 ileri s\u00fcr\u00fcyordu. Elinizdeki kitab\u0131n \u00f6yk\u00fcs\u00fc k\u0131saca budur. Bir\u00e7ok fizik\u00e7i ve bilim tarih\u00e7isi bu \u00f6yk\u00fcye a\u015fina olsa da, bu kitapta ilk defa ayr\u0131nt\u0131lar\u0131yla anlat\u0131l\u0131yor.Jaume Navarro, Universidad del Pais Vasco\/Euskal Herrika Unibertsitatea&#8217;da Ikerbasque k\u00fcrs\u00fcs\u00fc Ara\u015ft\u0131rma Profes\u00f6r\u00fcd\u00fcr. Fizik, felsefe ve bilim tarihi e\u011fitimi ald\u0131, uluslararas\u0131 ara\u015ft\u0131rmalara kat\u0131ld\u0131, Cambridge \u00dcniversitesi&#8217;nde, Londra Imperial Koleji&#8217;nde, Max Planck Bilim Tarihi Enstit\u00fcs\u00fc&#8217;nde ve Exeter \u00dcniversitesi&#8217;nde \u00e7al\u0131\u015ft\u0131.<\/p>\n","protected":false},"excerpt":{"rendered":"<p>Deneysel Fizik Profes\u00f6r\u00fc ve Cambridge Cavendish Laboratuvar\u0131 m\u00fcd\u00fcr\u00fc Joseph John Thomson, 1897&#8217;de, katot \u0131\u015f\u0131nlar\u0131nda elektrik ta\u015f\u0131yan \u00f6\u011felere par\u00e7ac\u0131kl\u0131 bir do\u011fa atfetti. Bu olay, geleneksel olarak elektronun<span class=\"excerpt-hellip\"> [\u2026]<\/span><\/p>\n","protected":false},"featured_media":0,"template":"","meta":{"_monsterinsights_skip_tracking":false,"_monsterinsights_sitenote_active":false,"_monsterinsights_sitenote_note":"","_monsterinsights_sitenote_category":0},"product_brand":[],"product_cat":[13005,15998],"product_tag":[],"class_list":{"0":"post-771368","1":"product","2":"type-product","3":"status-publish","5":"product_cat-bilim-muhendislik","6":"product_cat-bilim-tarihi","7":"pa_cilt-ciltsiz","8":"pa_tur-kitap","9":"pa_yayinevi-bogazici-universitesi-yayinevi","10":"pa_yazar-jaume-navarro","12":"first","13":"instock","14":"sale","15":"shipping-taxable","16":"purchasable","17":"product-type-simple"},"_links":{"self":[{"href":"https:\/\/roveyayinevi.com.tr\/index.php\/wp-json\/wp\/v2\/product\/771368","targetHints":{"allow":["GET"]}}],"collection":[{"href":"https:\/\/roveyayinevi.com.tr\/index.php\/wp-json\/wp\/v2\/product"}],"about":[{"href":"https:\/\/roveyayinevi.com.tr\/index.php\/wp-json\/wp\/v2\/types\/product"}],"wp:attachment":[{"href":"https:\/\/roveyayinevi.com.tr\/index.php\/wp-json\/wp\/v2\/media?parent=771368"}],"wp:term":[{"taxonomy":"product_brand","embeddable":true,"href":"https:\/\/roveyayinevi.com.tr\/index.php\/wp-json\/wp\/v2\/product_brand?post=771368"},{"taxonomy":"product_cat","embeddable":true,"href":"https:\/\/roveyayinevi.com.tr\/index.php\/wp-json\/wp\/v2\/product_cat?post=771368"},{"taxonomy":"product_tag","embeddable":true,"href":"https:\/\/roveyayinevi.com.tr\/index.php\/wp-json\/wp\/v2\/product_tag?post=771368"}],"curies":[{"name":"wp","href":"https:\/\/api.w.org\/{rel}","templated":true}]}}