{"id":771365,"date":"2025-08-28T15:02:42","date_gmt":"2025-08-28T12:02:42","guid":{"rendered":"https:\/\/roveyayinevi.com.tr\/index.php\/urun\/notrino\/"},"modified":"2026-04-15T03:37:44","modified_gmt":"2026-04-15T00:37:44","slug":"notrino","status":"publish","type":"product","link":"https:\/\/roveyayinevi.com.tr\/index.php\/urun\/notrino\/","title":{"rendered":"N\u00f6trino"},"content":{"rendered":"<p>Sisin i\u00e7inden ge\u00e7en kur\u015fun misali d\u00fcnyan\u0131n i\u00e7inden ge\u00e7ip gidebilen n\u00f6trinolar \u00f6yle \u00e7ekingendir ki ke\u015ffedileli yar\u0131m as\u0131r olmas\u0131na ra\u011fmen, haklar\u0131nda pek az bilgiye sahibiz. N\u00f6trinolar \u00f6yle ele avuca gelmez \u015feylerdir ki, g\u00f6r\u00fcnmez say\u0131l\u0131rlar.N\u00f6trinolar\u0131n hi\u00e7 k\u00fctlesi olmad\u0131\u011f\u0131 ve uzayda \u0131\u015f\u0131k h\u0131z\u0131yla, tirbu\u015fon gibi d\u00f6nerek dola\u015ft\u0131klar\u0131 san\u0131l\u0131yordu. Fakat son be\u015f y\u0131lda bunun do\u011fru olmad\u0131\u011f\u0131 anla\u015f\u0131ld\u0131. Klasik radyoaktiviteyle ya da G\u00fcne\u015f&#8217;in kalbinde cereyan eden f\u00fczyon olaylar\u0131nda yay\u0131lan n\u00f6trinolar\u0131n mini minnac\u0131k bir k\u00fctlesi var. \u00d6yle k\u00fc\u00e7\u00fck bir k\u00fctle ki bu, ne kadar oldu\u011funu hen\u00fcz hi\u00e7 kimse \u00f6l\u00e7emedi, ama elimizde atomalt\u0131 boyutunda bir terazimiz olsayd\u0131, bir elektronu dengelemek i\u00e7in en az on bin n\u00f6trino gerekirdi.<\/p>\n","protected":false},"excerpt":{"rendered":"<p>Sisin i\u00e7inden ge\u00e7en kur\u015fun misali d\u00fcnyan\u0131n i\u00e7inden ge\u00e7ip gidebilen n\u00f6trinolar \u00f6yle \u00e7ekingendir ki ke\u015ffedileli yar\u0131m as\u0131r olmas\u0131na ra\u011fmen, haklar\u0131nda pek az bilgiye sahibiz. N\u00f6trinolar \u00f6yle ele<span class=\"excerpt-hellip\"> [\u2026]<\/span><\/p>\n","protected":false},"featured_media":0,"template":"","meta":{"_monsterinsights_skip_tracking":false,"_monsterinsights_sitenote_active":false,"_monsterinsights_sitenote_note":"","_monsterinsights_sitenote_category":0},"product_brand":[],"product_cat":[13005,18664],"product_tag":[],"class_list":{"0":"post-771365","1":"product","2":"type-product","3":"status-publish","5":"product_cat-bilim-muhendislik","6":"product_cat-muhendislik","7":"pa_cilt-ciltsiz","8":"pa_tur-kitap","9":"pa_yayinevi-bogazici-universitesi-yayinevi","10":"pa_yazar-frank-close","12":"first","13":"instock","14":"sale","15":"shipping-taxable","16":"purchasable","17":"product-type-simple"},"_links":{"self":[{"href":"https:\/\/roveyayinevi.com.tr\/index.php\/wp-json\/wp\/v2\/product\/771365","targetHints":{"allow":["GET"]}}],"collection":[{"href":"https:\/\/roveyayinevi.com.tr\/index.php\/wp-json\/wp\/v2\/product"}],"about":[{"href":"https:\/\/roveyayinevi.com.tr\/index.php\/wp-json\/wp\/v2\/types\/product"}],"wp:attachment":[{"href":"https:\/\/roveyayinevi.com.tr\/index.php\/wp-json\/wp\/v2\/media?parent=771365"}],"wp:term":[{"taxonomy":"product_brand","embeddable":true,"href":"https:\/\/roveyayinevi.com.tr\/index.php\/wp-json\/wp\/v2\/product_brand?post=771365"},{"taxonomy":"product_cat","embeddable":true,"href":"https:\/\/roveyayinevi.com.tr\/index.php\/wp-json\/wp\/v2\/product_cat?post=771365"},{"taxonomy":"product_tag","embeddable":true,"href":"https:\/\/roveyayinevi.com.tr\/index.php\/wp-json\/wp\/v2\/product_tag?post=771365"}],"curies":[{"name":"wp","href":"https:\/\/api.w.org\/{rel}","templated":true}]}}