{"id":771362,"date":"2025-08-28T15:02:37","date_gmt":"2025-08-28T12:02:37","guid":{"rendered":"https:\/\/roveyayinevi.com.tr\/index.php\/urun\/populer-psikolojide-50-buyuk-mit\/"},"modified":"2026-04-15T03:37:44","modified_gmt":"2026-04-15T00:37:44","slug":"populer-psikolojide-50-buyuk-mit","status":"publish","type":"product","link":"https:\/\/roveyayinevi.com.tr\/index.php\/urun\/populer-psikolojide-50-buyuk-mit\/","title":{"rendered":"Pop\u00fcler Psikolojide 50 B\u00fcy\u00fck Mit"},"content":{"rendered":"<p>S\u00fcrekli psikolojiyle me\u015fgul\u00fcz. Ya\u015f\u0131m\u0131z, ruh halimiz, bilin\u00e7d\u0131\u015f\u0131m\u0131z, duygular\u0131m\u0131z, ak\u0131l sa\u011fl\u0131\u011f\u0131m\u0131z s\u00fcrekli g\u00fcndemimizde. Haberler, televizyon programlar\u0131, filmler ve internet psikolojiye dair iddialarla dolup ta\u015f\u0131yor. Beynin i\u015fleyi\u015fi, medyumlar, beden-d\u0131\u015f\u0131 deneyimler, haf\u0131za kayb\u0131, yalan makinesi, duygusal ili\u015fkiler, ebeveynlik, tacize u\u011frayan \u00e7ocuklar, ruhsal bozukluklar, su\u00e7 hik\u00e2yeleri, psikoterapi ilgi \u00e7eken konular\u0131n ba\u015f\u0131nda geliyor. Ne var ki, psikoloji hakk\u0131nda do\u011fru oldu\u011funu sand\u0131\u011f\u0131m\u0131z bir\u00e7ok \u015fey asl\u0131nda safsatadan ibaret; hatta psikoloji hakk\u0131ndaki yanl\u0131\u015f haberler, en az do\u011fru bilgiler kadar yayg\u0131n. Buna kar\u015f\u0131l\u0131k, pop\u00fcler psikolojide do\u011fruyu yanl\u0131\u015ftan ay\u0131rmam\u0131za yard\u0131m edecek kitaplar\u0131n say\u0131s\u0131 parmakla say\u0131lacak kadar az. Pop\u00fcler Psikolojide 50 B\u00fcy\u00fck Mit bu konuda m\u00fckemmel bir \u00f6rnek: Bilimle uyu\u015fmayan yayg\u0131n inan\u00e7lar\u0131 ortaya koyuyor; do\u011fru gibi gelen bir\u00e7ok mite kar\u015f\u0131 kan\u0131tlar sunuyor; insanlar\u0131n neden b\u00f6yle yalan yanl\u0131\u015f bilgilerin pen\u00e7esine d\u00fc\u015ft\u00fc\u011f\u00fcn\u00fc a\u00e7\u0131kl\u0131yor ve insan zihni ile davran\u0131\u015f\u0131 hakk\u0131nda baz\u0131lar\u0131m\u0131z\u0131 d\u00fc\u015f k\u0131r\u0131kl\u0131\u011f\u0131na u\u011fratacak ama ger\u00e7e\u011fin masal kadar b\u00fcy\u00fcleyici olabilece\u011fini g\u00f6steren olgular\u0131 sergiliyor.<\/p>\n","protected":false},"excerpt":{"rendered":"<p>S\u00fcrekli psikolojiyle me\u015fgul\u00fcz. Ya\u015f\u0131m\u0131z, ruh halimiz, bilin\u00e7d\u0131\u015f\u0131m\u0131z, duygular\u0131m\u0131z, ak\u0131l sa\u011fl\u0131\u011f\u0131m\u0131z s\u00fcrekli g\u00fcndemimizde. Haberler, televizyon programlar\u0131, filmler ve internet psikolojiye dair iddialarla dolup ta\u015f\u0131yor. Beynin i\u015fleyi\u015fi, medyumlar,<span class=\"excerpt-hellip\"> [\u2026]<\/span><\/p>\n","protected":false},"featured_media":0,"template":"","meta":{"_monsterinsights_skip_tracking":false,"_monsterinsights_sitenote_active":false,"_monsterinsights_sitenote_note":"","_monsterinsights_sitenote_category":0},"product_brand":[],"product_cat":[12358,12357],"product_tag":[],"class_list":{"0":"post-771362","1":"product","2":"type-product","3":"status-publish","5":"product_cat-genel-psikoloji","6":"product_cat-psikoloji","7":"pa_cilt-ciltsiz","8":"pa_tur-kitap","9":"pa_yayinevi-bogazici-universitesi-yayinevi","10":"pa_yazar-kolektif","12":"first","13":"instock","14":"sale","15":"shipping-taxable","16":"purchasable","17":"product-type-simple"},"_links":{"self":[{"href":"https:\/\/roveyayinevi.com.tr\/index.php\/wp-json\/wp\/v2\/product\/771362","targetHints":{"allow":["GET"]}}],"collection":[{"href":"https:\/\/roveyayinevi.com.tr\/index.php\/wp-json\/wp\/v2\/product"}],"about":[{"href":"https:\/\/roveyayinevi.com.tr\/index.php\/wp-json\/wp\/v2\/types\/product"}],"wp:attachment":[{"href":"https:\/\/roveyayinevi.com.tr\/index.php\/wp-json\/wp\/v2\/media?parent=771362"}],"wp:term":[{"taxonomy":"product_brand","embeddable":true,"href":"https:\/\/roveyayinevi.com.tr\/index.php\/wp-json\/wp\/v2\/product_brand?post=771362"},{"taxonomy":"product_cat","embeddable":true,"href":"https:\/\/roveyayinevi.com.tr\/index.php\/wp-json\/wp\/v2\/product_cat?post=771362"},{"taxonomy":"product_tag","embeddable":true,"href":"https:\/\/roveyayinevi.com.tr\/index.php\/wp-json\/wp\/v2\/product_tag?post=771362"}],"curies":[{"name":"wp","href":"https:\/\/api.w.org\/{rel}","templated":true}]}}