{"id":771361,"date":"2025-08-28T15:02:36","date_gmt":"2025-08-28T12:02:36","guid":{"rendered":"https:\/\/roveyayinevi.com.tr\/index.php\/urun\/higgs-kuvveti\/"},"modified":"2026-04-15T03:37:44","modified_gmt":"2026-04-15T00:37:44","slug":"higgs-kuvveti","status":"publish","type":"product","link":"https:\/\/roveyayinevi.com.tr\/index.php\/urun\/higgs-kuvveti\/","title":{"rendered":"Higgs Kuvveti"},"content":{"rendered":"<p>Higgs Kuvveti, do\u011fan\u0131n gizli yap\u0131s\u0131n\u0131 ortaya \u00e7\u0131karan bilim insanlar\u0131na ili\u015fkin s\u00fcr\u00fckleyici bir anlat\u0131. Maddenin temel bile\u015fenlerinin ve onlar\u0131 birbirine ba\u011flayan g\u00fc\u00e7lerin hik\u00e2yesini anlatan Mee, evrenin merkezinde yer alan simetriyi ve bu simetrinin k\u0131r\u0131l\u0131\u015f\u0131na dair gizemi ele al\u0131yor. Kitap \u00fc\u00e7 k\u0131s\u0131mdan olu\u015fuyor. \u0130lk k\u0131s\u0131mda geni\u015f tarihsel ve felsefi ba\u011flam sunuluyor. \u0130kinci k\u0131s\u0131mda, par\u00e7ac\u0131k fizi\u011finde \u00f6nemli olan kuvvetlerin her biri a\u00e7\u0131klan\u0131yor. Son k\u0131s\u0131m, par\u00e7ac\u0131klar\u0131n ve kuvvetlerin modern sentezini ve par\u00e7ac\u0131k fizi\u011fi yapbozundaki eksik par\u00e7an\u0131n aranmas\u0131n\u0131 ele al\u0131yor. Kitap, ba\u015fl\u0131\u011f\u0131na ra\u011fmen, Higgs par\u00e7ac\u0131\u011f\u0131na y\u00f6nelik 50 y\u0131ll\u0131k aray\u0131\u015f\u0131 \u00f6zetlemekle kalm\u0131yor; Michael Faraday\u2019in elektrik ve manyetizma \u00fczerine yapt\u0131\u011f\u0131 ara\u015ft\u0131rmalardan bu yana ge\u00e7en 200 y\u0131l\u0131 inceleyerek, genel bir fizik tarihi ba\u011flam\u0131na oturtuyor. Bu tarihsel bak\u0131\u015f a\u00e7\u0131s\u0131, do\u011fal olarak Higgs&#8217;in ke\u015ffini daha anla\u015f\u0131l\u0131r ve ilgin\u00e7 k\u0131l\u0131yor. Ayr\u0131ca, i\u00e7inde bulundu\u011fumuz y\u00fczy\u0131lda b\u00fcy\u00fck \u00f6nem ta\u015f\u0131mas\u0131na ra\u011fmen, bug\u00fcn bile \u00e7o\u011fu okurun yeterince bilgi sahibi olmad\u0131\u011f\u0131 kuantum mekani\u011fini anla\u015f\u0131l\u0131r bi\u00e7imde tan\u0131t\u0131yor.<\/p>\n","protected":false},"excerpt":{"rendered":"<p>Higgs Kuvveti, do\u011fan\u0131n gizli yap\u0131s\u0131n\u0131 ortaya \u00e7\u0131karan bilim insanlar\u0131na ili\u015fkin s\u00fcr\u00fckleyici bir anlat\u0131. Maddenin temel bile\u015fenlerinin ve onlar\u0131 birbirine ba\u011flayan g\u00fc\u00e7lerin hik\u00e2yesini anlatan Mee, evrenin merkezinde<span class=\"excerpt-hellip\"> [\u2026]<\/span><\/p>\n","protected":false},"featured_media":0,"template":"","meta":{"_monsterinsights_skip_tracking":false,"_monsterinsights_sitenote_active":false,"_monsterinsights_sitenote_note":"","_monsterinsights_sitenote_category":0},"product_brand":[],"product_cat":[13005],"product_tag":[],"class_list":{"0":"post-771361","1":"product","2":"type-product","3":"status-publish","5":"product_cat-bilim-muhendislik","6":"pa_cilt-ciltsiz","7":"pa_tur-kitap","8":"pa_yayinevi-bogazici-universitesi-yayinevi","9":"pa_yazar-nicholas-mee","11":"first","12":"instock","13":"sale","14":"shipping-taxable","15":"purchasable","16":"product-type-simple"},"_links":{"self":[{"href":"https:\/\/roveyayinevi.com.tr\/index.php\/wp-json\/wp\/v2\/product\/771361","targetHints":{"allow":["GET"]}}],"collection":[{"href":"https:\/\/roveyayinevi.com.tr\/index.php\/wp-json\/wp\/v2\/product"}],"about":[{"href":"https:\/\/roveyayinevi.com.tr\/index.php\/wp-json\/wp\/v2\/types\/product"}],"wp:attachment":[{"href":"https:\/\/roveyayinevi.com.tr\/index.php\/wp-json\/wp\/v2\/media?parent=771361"}],"wp:term":[{"taxonomy":"product_brand","embeddable":true,"href":"https:\/\/roveyayinevi.com.tr\/index.php\/wp-json\/wp\/v2\/product_brand?post=771361"},{"taxonomy":"product_cat","embeddable":true,"href":"https:\/\/roveyayinevi.com.tr\/index.php\/wp-json\/wp\/v2\/product_cat?post=771361"},{"taxonomy":"product_tag","embeddable":true,"href":"https:\/\/roveyayinevi.com.tr\/index.php\/wp-json\/wp\/v2\/product_tag?post=771361"}],"curies":[{"name":"wp","href":"https:\/\/api.w.org\/{rel}","templated":true}]}}