{"id":771360,"date":"2025-08-28T15:02:35","date_gmt":"2025-08-28T12:02:35","guid":{"rendered":"https:\/\/roveyayinevi.com.tr\/index.php\/urun\/fizik-icin-serenad\/"},"modified":"2026-04-15T03:37:44","modified_gmt":"2026-04-15T00:37:44","slug":"fizik-icin-serenad","status":"publish","type":"product","link":"https:\/\/roveyayinevi.com.tr\/index.php\/urun\/fizik-icin-serenad\/","title":{"rendered":"Fizik i\u00e7in Serenad"},"content":{"rendered":"<p>Fizi\u011fin de kendine has bir tarihi var. Bu tarih ba\u015far\u0131lara ve hezimetlere, umutlara ve y\u0131k\u0131lan hayallere, k\u0131rg\u0131nl\u0131klara ve k\u0131skan\u00e7l\u0131klara, c\u00f6mertli\u011fe ve g\u00fc\u00e7l\u00fc karakterlere, yarat\u0131c\u0131 d\u00fc\u015f\u00fcnceye, k\u0131sacas\u0131 insana dair her \u015feye sahne oldu.Wolfgang R\u00f6ssler, b\u00fcy\u00fck bulu\u015flar\u0131, fizikte \u00e7\u0131\u011f\u0131r a\u00e7an fikirleri, tarih\u00ee d\u00f6n\u00fcm noktalar\u0131n\u0131 anla\u015f\u0131l\u0131r bir dille \u00f6zetlerken, bunlara imza atan b\u00fcy\u00fck fizik\u00e7ileri tan\u0131t\u0131yor. Kitab\u0131n geni\u015f kapsam\u0131 i\u00e7inde Newton ve Galileo da yer al\u0131yor, Einstein, Feynman, Fermi ve Bohr da. Faraday ve Maxwell&#8217;den Schr\u00f6dinger, Dirac, Heisenberg ve Pauli&#8217;ye uzanan geni\u015f bir yelpazede, antik d\u00f6nemde bilim alan\u0131nda ortaya at\u0131lan ilk fikirlerden uzay ve zaman\u0131n, \u0131\u015f\u0131k ve \u0131s\u0131n\u0131n do\u011fas\u0131na uzanan b\u00fct\u00fcn temel fizik sorular\u0131 ili\u015fki i\u00e7inde sunuluyor. Atomun ke\u015ffinden kuantum mekani\u011fi form\u00fcllerine, y\u0131ld\u0131zl\u0131 g\u00f6ky\u00fcz\u00fcnde yap\u0131lan basit g\u00f6zlemlerden modern astronomi ve kozmoloji ke\u015fiflerine giden yol neden-sonu\u00e7 ili\u015fkisi i\u00e7inde ortaya konuyor.Fikirler zaman zaman soyut olsa da, d\u00fcnyay\u0131 anlaman\u0131n en etkili yolu olan fizik her a\u00e7\u0131dan ya\u015fam\u0131 ve insanl\u0131\u011f\u0131 yans\u0131t\u0131r. Fizik \u0130\u00e7in Serenad bu mucizevi ger\u00e7ekli\u011fi g\u00f6zler \u00f6n\u00fcne seriyor.Wolfgang R\u00f6ssler, Linz Johannes Kepler \u00dcniversitesi&#8217;nde \u00e7al\u0131\u015ft\u0131. \u00c7e\u015fitli liselerde fizik dersleri veriyor.<\/p>\n","protected":false},"excerpt":{"rendered":"<p>Fizi\u011fin de kendine has bir tarihi var. Bu tarih ba\u015far\u0131lara ve hezimetlere, umutlara ve y\u0131k\u0131lan hayallere, k\u0131rg\u0131nl\u0131klara ve k\u0131skan\u00e7l\u0131klara, c\u00f6mertli\u011fe ve g\u00fc\u00e7l\u00fc karakterlere, yarat\u0131c\u0131 d\u00fc\u015f\u00fcnceye, k\u0131sacas\u0131<span class=\"excerpt-hellip\"> [\u2026]<\/span><\/p>\n","protected":false},"featured_media":0,"template":"","meta":{"_monsterinsights_skip_tracking":false,"_monsterinsights_sitenote_active":false,"_monsterinsights_sitenote_note":"","_monsterinsights_sitenote_category":0},"product_brand":[],"product_cat":[13005,15998],"product_tag":[],"class_list":{"0":"post-771360","1":"product","2":"type-product","3":"status-publish","5":"product_cat-bilim-muhendislik","6":"product_cat-bilim-tarihi","7":"pa_cilt-ciltsiz","8":"pa_tur-kitap","9":"pa_yayinevi-bogazici-universitesi-yayinevi","10":"pa_yazar-wolfgang-rossler","12":"first","13":"instock","14":"sale","15":"shipping-taxable","16":"purchasable","17":"product-type-simple"},"_links":{"self":[{"href":"https:\/\/roveyayinevi.com.tr\/index.php\/wp-json\/wp\/v2\/product\/771360","targetHints":{"allow":["GET"]}}],"collection":[{"href":"https:\/\/roveyayinevi.com.tr\/index.php\/wp-json\/wp\/v2\/product"}],"about":[{"href":"https:\/\/roveyayinevi.com.tr\/index.php\/wp-json\/wp\/v2\/types\/product"}],"wp:attachment":[{"href":"https:\/\/roveyayinevi.com.tr\/index.php\/wp-json\/wp\/v2\/media?parent=771360"}],"wp:term":[{"taxonomy":"product_brand","embeddable":true,"href":"https:\/\/roveyayinevi.com.tr\/index.php\/wp-json\/wp\/v2\/product_brand?post=771360"},{"taxonomy":"product_cat","embeddable":true,"href":"https:\/\/roveyayinevi.com.tr\/index.php\/wp-json\/wp\/v2\/product_cat?post=771360"},{"taxonomy":"product_tag","embeddable":true,"href":"https:\/\/roveyayinevi.com.tr\/index.php\/wp-json\/wp\/v2\/product_tag?post=771360"}],"curies":[{"name":"wp","href":"https:\/\/api.w.org\/{rel}","templated":true}]}}