{"id":771359,"date":"2025-08-28T15:02:33","date_gmt":"2025-08-28T12:02:33","guid":{"rendered":"https:\/\/roveyayinevi.com.tr\/index.php\/urun\/yasam-uzerine-sohbetler\/"},"modified":"2026-04-15T03:37:44","modified_gmt":"2026-04-15T00:37:44","slug":"yasam-uzerine-sohbetler","status":"publish","type":"product","link":"https:\/\/roveyayinevi.com.tr\/index.php\/urun\/yasam-uzerine-sohbetler\/","title":{"rendered":"Ya\u015fam \u00dczerine Sohbetler"},"content":{"rendered":"<p>Evrende, ya\u015fam\u0131n oldu\u011funu bildi\u011fimiz yeg\u00e2ne yer D\u00fcnya&#8217;d\u0131r. Ama bu de\u011fi\u015fmek \u00fczere olabilir.60 y\u0131l \u00f6nce, d\u00fcnyada ya\u015fam\u0131n nas\u0131l ba\u015flad\u0131\u011f\u0131 konusunda \u00e7ok az fikre sahiptik; molek\u00fcler bir d\u00fczeyde ya\u015fam\u0131n b\u00fct\u00fcnl\u00fc\u011f\u00fc hakk\u0131nda ise hi\u00e7bir fikrimiz yoktu. 30 y\u0131l \u00f6nce, D\u00fcnya, G\u00fcne\u015f Sistemi&#8217;nde biyoloji i\u00e7in olas\u0131 tek yer gibi g\u00f6r\u00fcn\u00fcyordu; daha 15 y\u0131l \u00f6nce, G\u00fcne\u015f d\u0131\u015f\u0131ndaki y\u0131ld\u0131zlar\u0131n y\u00f6r\u00fcngesinde d\u00f6nen gezegenlerden haberdar de\u011fildik. Bug\u00fcn ise, b\u00fcy\u00fck bir teleskop donanmas\u0131 ve k\u00fc\u00e7\u00fck bir uzay arac\u0131 filosu, G\u00fcne\u015f Sistemi ve \u00f6tesinde ya\u015fam\u0131n olabilece\u011fi yerleri tan\u0131mlamaya ve incelemeye \u00e7al\u0131\u015f\u0131yor.Bilimcilerin kendi usullerince ya\u015fam aray\u0131\u015f\u0131n\u0131n hikayesini anlatt\u0131klar\u0131 s\u00f6yle\u015filerden olu\u015fan Ya\u015fam \u00dczerine Sohbetler, birinci \u015fah\u0131s anlat\u0131s\u0131n\u0131n dolays\u0131zl\u0131\u011f\u0131na sahip. Bilimin teoride de\u011fil, pratikte nas\u0131l i\u015fledi\u011fini anlat\u0131yor. Bildi\u011fimiz ve bilmedi\u011fimiz \u015feyler aras\u0131ndaki s\u0131n\u0131r\u0131 tan\u0131mlayarak, do\u011fa hakk\u0131nda derin sorular sorman\u0131n heyecan\u0131n\u0131 ve ara\u015ft\u0131rma yapman\u0131n zorluklar\u0131n\u0131 aktar\u0131yor.Kitapta d\u00fcnyadaki ya\u015fam\u0131n k\u00f6keni ve menzili ile yerk\u00fcre d\u0131\u015f\u0131ndaki ya\u015fam\u0131n olas\u0131 sahalar\u0131 konusunda bir\u00e7ok astronom, jeolog, biyolog ve yazarla yap\u0131lan samimi r\u00f6portajlar yer al\u0131yor. Bu r\u00f6portajlar Mars ve Titan&#8217;a d\u00fczenlenen misyonlardan \u00f6\u011frendiklerimizi masaya yat\u0131r\u0131yor, d\u00fcnyadaki ya\u015fam\u0131n \u015fa\u015f\u0131rt\u0131c\u0131 \u00e7e\u015fitlili\u011fini betimliyor, biyoloji-sonras\u0131 evrim hakk\u0131nda tahminlerde bulunuyor ve zeki uzayl\u0131larla temas\u0131n bizim i\u00e7in ne anlama gelece\u011fini ke\u015ffediyor.Astronomi ve gezegen biliminden jeoloji ve biyolojiye uzanan pek \u00e7ok konuyu kapsayan bu kitap, &#8220;Yaln\u0131z m\u0131y\u0131z?&#8221; sorusunun cevab\u0131n\u0131 merak eden herkesin ilgisini \u00e7ekecektir.Chris Impey, Arizona \u00dcniversitesi Astronomi B\u00f6l\u00fcm\u00fc&#8217;nde ba\u015fkan yard\u0131mc\u0131s\u0131 ve profes\u00f6rd\u00fcr. Ara\u015ft\u0131rma alanlar\u0131 g\u00f6zlemsel kozmoloji, k\u00fctle\u00e7ekimsel mercekleme ve galaksilerin evrimi ve yap\u0131s\u0131d\u0131r. Kendi ad\u0131na yay\u0131nlad\u0131\u011f\u0131 160 makalesi bulunan Impey giri\u015f niteli\u011finde iki ders kitab\u0131n\u0131n yazarlar\u0131 aras\u0131ndad\u0131r ve The Living Cosmos (Random House, 2007) adl\u0131 olumlu tepkiler alan bir astrobiyoloji kitab\u0131 yazm\u0131\u015ft\u0131r. Son pop\u00fcler bilim kitab\u0131 How It Ends (Norton, 2010), ki\u015fiselden kozmi\u011fe, biti\u015f noktalar\u0131n\u0131 kaps\u0131yor.<\/p>\n","protected":false},"excerpt":{"rendered":"<p>Evrende, ya\u015fam\u0131n oldu\u011funu bildi\u011fimiz yeg\u00e2ne yer D\u00fcnya&#8217;d\u0131r. Ama bu de\u011fi\u015fmek \u00fczere olabilir.60 y\u0131l \u00f6nce, d\u00fcnyada ya\u015fam\u0131n nas\u0131l ba\u015flad\u0131\u011f\u0131 konusunda \u00e7ok az fikre sahiptik; molek\u00fcler bir d\u00fczeyde<span class=\"excerpt-hellip\"> [\u2026]<\/span><\/p>\n","protected":false},"featured_media":0,"template":"","meta":{"_monsterinsights_skip_tracking":false,"_monsterinsights_sitenote_active":false,"_monsterinsights_sitenote_note":"","_monsterinsights_sitenote_category":0},"product_brand":[],"product_cat":[19840,12364],"product_tag":[],"class_list":{"0":"post-771359","1":"product","2":"type-product","3":"status-publish","5":"product_cat-astroloji","6":"product_cat-genel-konular","7":"pa_cilt-ciltsiz","8":"pa_tur-kitap","9":"pa_yayinevi-bogazici-universitesi-yayinevi","10":"pa_yazar-chris-impey","12":"first","13":"instock","14":"sale","15":"shipping-taxable","16":"purchasable","17":"product-type-simple"},"_links":{"self":[{"href":"https:\/\/roveyayinevi.com.tr\/index.php\/wp-json\/wp\/v2\/product\/771359","targetHints":{"allow":["GET"]}}],"collection":[{"href":"https:\/\/roveyayinevi.com.tr\/index.php\/wp-json\/wp\/v2\/product"}],"about":[{"href":"https:\/\/roveyayinevi.com.tr\/index.php\/wp-json\/wp\/v2\/types\/product"}],"wp:attachment":[{"href":"https:\/\/roveyayinevi.com.tr\/index.php\/wp-json\/wp\/v2\/media?parent=771359"}],"wp:term":[{"taxonomy":"product_brand","embeddable":true,"href":"https:\/\/roveyayinevi.com.tr\/index.php\/wp-json\/wp\/v2\/product_brand?post=771359"},{"taxonomy":"product_cat","embeddable":true,"href":"https:\/\/roveyayinevi.com.tr\/index.php\/wp-json\/wp\/v2\/product_cat?post=771359"},{"taxonomy":"product_tag","embeddable":true,"href":"https:\/\/roveyayinevi.com.tr\/index.php\/wp-json\/wp\/v2\/product_tag?post=771359"}],"curies":[{"name":"wp","href":"https:\/\/api.w.org\/{rel}","templated":true}]}}