{"id":771358,"date":"2025-08-28T15:02:31","date_gmt":"2025-08-28T12:02:31","guid":{"rendered":"https:\/\/roveyayinevi.com.tr\/index.php\/urun\/gorunmez-tiyatro\/"},"modified":"2026-04-15T03:37:44","modified_gmt":"2026-04-15T00:37:44","slug":"gorunmez-tiyatro","status":"publish","type":"product","link":"https:\/\/roveyayinevi.com.tr\/index.php\/urun\/gorunmez-tiyatro\/","title":{"rendered":"G\u00f6r\u00fcnmez Tiyatro"},"content":{"rendered":"<p>Bir tiyatro oyunu d\u00fc\u015f\u00fcn\u00fcn ki seyirci a\u00e7\u0131s\u0131ndan \u00e7ok yak\u0131c\u0131 bir konu ele al\u0131nm\u0131\u015f, klasik tiyatro oyunu gibi yaz\u0131lm\u0131\u015f, karakterlere ve fig\u00fcrlere derinlik kazand\u0131r\u0131lm\u0131\u015f, kost\u00fcm ve aksesuarlar \u00f6zenle haz\u0131rlanm\u0131\u015f ve roller titizlikle prova edilmi\u015f olsun, fakat bu oyunun bir tiyatro binas\u0131nda de\u011fil, m\u00fcmk\u00fcn oldu\u011funca \u00e7ok insan\u0131n bulundu\u011fu kamusal bir alanda oynanmas\u0131 ve ayr\u0131ca seyircinin bu oyunun, oyun oldu\u011funu fark etmemesi gereksin! \u0130\u015fte kula\u011fa biraz tuhaf gelen bu tiyatro y\u00f6ntemi; has\u0131r alt\u0131 edilmi\u015f, g\u00f6r\u00fcnmez k\u0131l\u0131nm\u0131\u015f bir sorunu g\u00f6r\u00fcn\u00fcr k\u0131lmay\u0131 hedefleyen G\u00f6r\u00fcnmez Tiyatro! \u00c7a\u011f\u0131m\u0131z\u0131n en \u00f6nemli tiyatro pedagoglar\u0131ndan Brezilyal\u0131 Augusto Boal&#8217;in Ezilenlerin Tiyatrosu y\u00f6ntemlerinden biri. Boal&#8217;in t\u00fcm di\u011fer y\u00f6ntemleri; Gazete Tiyatrosu, \u0130mge Tiyatrosu, Forum Tiyatrosu, Yasama Tiyatrosu gibi G\u00f6r\u00fcnmez Tiyatro da, demokratikle\u015fme ve toplumsal m\u00fcdahale i\u00e7in ?seyirci&#8217;yi ?seyirci kalan&#8217;dan ?fail&#8217;e, ?harekete ge\u00e7en&#8217;e d\u00f6n\u00fc\u015ft\u00fcrmeyi hedefliyor. Henry Thorau, Boal&#8217;in yol arkada\u015f\u0131, y\u0131llarca \u00e7evirmeni, yay\u0131nc\u0131s\u0131 ve nihayetinde samimi arkada\u015f\u0131 olmu\u015f; Boal ile birlikte bir\u00e7ok at\u00f6lye \u00e7al\u0131\u015fmas\u0131 y\u00f6netmi\u015f ve tutanaklar\u0131n\u0131 tutmu\u015f. Boal&#8217;in, ne yaz\u0131k ki G\u00f6r\u00fcnmez Tiyatro \u00fczerine birka\u00e7 makalesi d\u0131\u015f\u0131nda y\u00f6ntem \u00fczerine fazla bir \u015fey yazmam\u0131\u015f olmas\u0131, Thorau&#8217;yu bu kitab\u0131 yazmaya itmi\u015f. G\u00f6r\u00fcnmez Tiyatro uygulamadan yola \u00e7\u0131kan bir elkitab\u0131 \u00f6zelli\u011fi ta\u015f\u0131makta ve tiyatroculara, tiyatro e\u011fitmenlerine, \u00f6\u011frencilere ve medeni cesaretle ve e\u011flenceli bir k\u0131\u015fk\u0131rtmayla topluma meydan okuyanlara, ba\u015fkalar\u0131n\u0131 d\u00fc\u015f\u00fcnmeye sevk edenlere ve bir sorun g\u00f6rd\u00fcklerinde ba\u015f\u0131n\u0131 \u00e7evirmek yerine do\u011frudan oraya bakmaya katk\u0131da bulunmak isteyenlere hitap etmektedir.<\/p>\n","protected":false},"excerpt":{"rendered":"<p>Bir tiyatro oyunu d\u00fc\u015f\u00fcn\u00fcn ki seyirci a\u00e7\u0131s\u0131ndan \u00e7ok yak\u0131c\u0131 bir konu ele al\u0131nm\u0131\u015f, klasik tiyatro oyunu gibi yaz\u0131lm\u0131\u015f, karakterlere ve fig\u00fcrlere derinlik kazand\u0131r\u0131lm\u0131\u015f, kost\u00fcm ve aksesuarlar<span class=\"excerpt-hellip\"> [\u2026]<\/span><\/p>\n","protected":false},"featured_media":0,"template":"","meta":{"_monsterinsights_skip_tracking":false,"_monsterinsights_sitenote_active":false,"_monsterinsights_sitenote_note":"","_monsterinsights_sitenote_category":0},"product_brand":[],"product_cat":[12291,14272],"product_tag":[],"class_list":{"0":"post-771358","1":"product","2":"type-product","3":"status-publish","5":"product_cat-edebiyat","6":"product_cat-tiyatro","7":"pa_cilt-ciltsiz","8":"pa_tur-kitap","9":"pa_yayinevi-bogazici-universitesi-yayinevi","10":"pa_yazar-henry-thorau","12":"first","13":"instock","14":"sale","15":"shipping-taxable","16":"purchasable","17":"product-type-simple"},"_links":{"self":[{"href":"https:\/\/roveyayinevi.com.tr\/index.php\/wp-json\/wp\/v2\/product\/771358","targetHints":{"allow":["GET"]}}],"collection":[{"href":"https:\/\/roveyayinevi.com.tr\/index.php\/wp-json\/wp\/v2\/product"}],"about":[{"href":"https:\/\/roveyayinevi.com.tr\/index.php\/wp-json\/wp\/v2\/types\/product"}],"wp:attachment":[{"href":"https:\/\/roveyayinevi.com.tr\/index.php\/wp-json\/wp\/v2\/media?parent=771358"}],"wp:term":[{"taxonomy":"product_brand","embeddable":true,"href":"https:\/\/roveyayinevi.com.tr\/index.php\/wp-json\/wp\/v2\/product_brand?post=771358"},{"taxonomy":"product_cat","embeddable":true,"href":"https:\/\/roveyayinevi.com.tr\/index.php\/wp-json\/wp\/v2\/product_cat?post=771358"},{"taxonomy":"product_tag","embeddable":true,"href":"https:\/\/roveyayinevi.com.tr\/index.php\/wp-json\/wp\/v2\/product_tag?post=771358"}],"curies":[{"name":"wp","href":"https:\/\/api.w.org\/{rel}","templated":true}]}}