{"id":771357,"date":"2025-08-28T15:02:29","date_gmt":"2025-08-28T12:02:29","guid":{"rendered":"https:\/\/roveyayinevi.com.tr\/index.php\/urun\/yunanistanin-kisa-tarihi\/"},"modified":"2026-03-25T21:01:04","modified_gmt":"2026-03-25T18:01:04","slug":"yunanistanin-kisa-tarihi","status":"publish","type":"product","link":"https:\/\/roveyayinevi.com.tr\/index.php\/urun\/yunanistanin-kisa-tarihi\/","title":{"rendered":"Yunanistan&#8217;\u0131n K\u0131sa Tarihi"},"content":{"rendered":"<p>1830&#8217;da ba\u011f\u0131ms\u0131zl\u0131\u011f\u0131n\u0131 kazanan Yunanistan&#8217;\u0131n tarihine Ortodoks H\u0131ristiyanl\u0131k ve Osmanl\u0131 y\u00f6netimi b\u00fcy\u00fck \u00f6l\u00e7\u00fcde damgas\u0131n\u0131 vurmu\u015ftur. 1981 y\u0131l\u0131nda Avrupa Toplulu\u011fu \u00fcyeli\u011fine al\u0131nan ilk Do\u011fu Avrupa \u00fclkesi olmu\u015ftur. Yunanlar bir diaspora halk\u0131d\u0131r; Osmanl\u0131 y\u00f6netimi s\u0131ras\u0131nda geli\u015fen g\u00f6\u00e7 hareketleri g\u00fcn\u00fcm\u00fcze kadar s\u00fcrm\u00fc\u015ft\u00fcr. Yunan devleti ortaya \u00e7\u0131kmadan \u00f6nce, on sekizinci y\u00fczy\u0131l\u0131n sonlar\u0131nda, Yunan t\u00fcccarlar Do\u011fu Akdeniz&#8217;de, Balkanlar&#8217;da ve Hindistan gibi uzak yerlerde bir ticaret imparatorlu\u011fu kurmu\u015flard\u0131. On dokuzuncu y\u00fczy\u0131lda g\u00f6\u00e7lerin y\u00f6n\u00fc M\u0131s\u0131r&#8217;a, Rusya&#8217;n\u0131n g\u00fcneyine; y\u00fczy\u0131l\u0131n sonlar\u0131ndaysa Amerika Birle\u015fik Devletleri&#8217;ne, Kanada&#8217;ya ve Avustralya&#8217;ya do\u011fru geli\u015fti. Bu etmenler, hem Balkan, hem Akdenizli, hem de Avrupal\u0131 olan, Osmanl\u0131&#8217;dan da izler ta\u015f\u0131yan bir \u00fclkenin tarihini daha da ilgin\u00e7 k\u0131lmaktad\u0131r. Yunanistan&#8217;\u0131n K\u0131sa Tarihi, ulusal hareketin ilk k\u0131p\u0131rdanmalar\u0131n\u0131n ba\u015flad\u0131\u011f\u0131 on sekizinci y\u00fczy\u0131l sonlar\u0131ndan bug\u00fcne dek modern Yunanistan&#8217;\u0131n tarihine k\u0131sa bir giri\u015f sunmaktad\u0131r. Halen ya\u015fanan ekonomik kriz \u00fclke tarihinde bir d\u00f6n\u00fcm noktas\u0131na i\u015faret etmektedir. Kitab\u0131n sonunda, bug\u00fcn\u00fcn siyasal, ekonomik ve toplumsal geli\u015fmelerinin de incelendi\u011fi bir b\u00f6l\u00fcmle birlikte tablolar, haritalar, foto\u011fraflar ve okuma \u00f6nerilerini i\u00e7eren bir listede de yer almakta. Kitap, Helen k\u00fclt\u00fcr\u00fcn\u00fc konu alan en iyi kitap olarak Runciman \u00d6d\u00fcl\u00fc&#8217;n\u00fc ald\u0131 ve on iki dile \u00e7evrildi.<\/p>\n","protected":false},"excerpt":{"rendered":"<p>1830&#8217;da ba\u011f\u0131ms\u0131zl\u0131\u011f\u0131n\u0131 kazanan Yunanistan&#8217;\u0131n tarihine Ortodoks H\u0131ristiyanl\u0131k ve Osmanl\u0131 y\u00f6netimi b\u00fcy\u00fck \u00f6l\u00e7\u00fcde damgas\u0131n\u0131 vurmu\u015ftur. 1981 y\u0131l\u0131nda Avrupa Toplulu\u011fu \u00fcyeli\u011fine al\u0131nan ilk Do\u011fu Avrupa \u00fclkesi olmu\u015ftur. Yunanlar<span class=\"excerpt-hellip\"> [\u2026]<\/span><\/p>\n","protected":false},"featured_media":0,"template":"","meta":{"_monsterinsights_skip_tracking":false,"_monsterinsights_sitenote_active":false,"_monsterinsights_sitenote_note":"","_monsterinsights_sitenote_category":0},"product_brand":[],"product_cat":[12305,12304],"product_tag":[],"class_list":{"0":"post-771357","1":"product","2":"type-product","3":"status-publish","5":"product_cat-dunya-tarihi","6":"product_cat-tarih","7":"pa_cilt-ciltsiz","8":"pa_tur-kitap","9":"pa_yayinevi-bogazici-universitesi-yayinevi","10":"pa_yazar-richard-clogg","12":"first","13":"instock","14":"sale","15":"shipping-taxable","16":"purchasable","17":"product-type-simple"},"_links":{"self":[{"href":"https:\/\/roveyayinevi.com.tr\/index.php\/wp-json\/wp\/v2\/product\/771357","targetHints":{"allow":["GET"]}}],"collection":[{"href":"https:\/\/roveyayinevi.com.tr\/index.php\/wp-json\/wp\/v2\/product"}],"about":[{"href":"https:\/\/roveyayinevi.com.tr\/index.php\/wp-json\/wp\/v2\/types\/product"}],"wp:attachment":[{"href":"https:\/\/roveyayinevi.com.tr\/index.php\/wp-json\/wp\/v2\/media?parent=771357"}],"wp:term":[{"taxonomy":"product_brand","embeddable":true,"href":"https:\/\/roveyayinevi.com.tr\/index.php\/wp-json\/wp\/v2\/product_brand?post=771357"},{"taxonomy":"product_cat","embeddable":true,"href":"https:\/\/roveyayinevi.com.tr\/index.php\/wp-json\/wp\/v2\/product_cat?post=771357"},{"taxonomy":"product_tag","embeddable":true,"href":"https:\/\/roveyayinevi.com.tr\/index.php\/wp-json\/wp\/v2\/product_tag?post=771357"}],"curies":[{"name":"wp","href":"https:\/\/api.w.org\/{rel}","templated":true}]}}