{"id":771356,"date":"2025-08-28T15:02:28","date_gmt":"2025-08-28T12:02:28","guid":{"rendered":"https:\/\/roveyayinevi.com.tr\/index.php\/urun\/bir-yeter-ciltli\/"},"modified":"2026-04-15T03:37:44","modified_gmt":"2026-04-15T00:37:44","slug":"bir-yeter-ciltli","status":"publish","type":"product","link":"https:\/\/roveyayinevi.com.tr\/index.php\/urun\/bir-yeter-ciltli\/","title":{"rendered":"Bir Yeter (Ciltli)"},"content":{"rendered":"<p>Birin s\u0131rr\u0131n\u0131 bilir misin? Bir, nelere yeter? Bir, bir\u00e7ok \u015feyi de\u011fi\u015ftirebilir mi? \u00c7ocuklara farkl\u0131 bir bak\u0131\u015f a\u00e7\u0131s\u0131n\u0131n kap\u0131s\u0131n\u0131 aralayan bu hik\u00e2ye, bir rakam\u0131 \u00fczerinden pek \u00e7ok de\u011feri ve g\u00fczel davran\u0131\u015f\u0131 \u00e7ocuklar\u0131n kalbine f\u0131s\u0131ld\u0131yor.<\/p>\n","protected":false},"excerpt":{"rendered":"<p>Birin s\u0131rr\u0131n\u0131 bilir misin? Bir, nelere yeter? Bir, bir\u00e7ok \u015feyi de\u011fi\u015ftirebilir mi? \u00c7ocuklara farkl\u0131 bir bak\u0131\u015f a\u00e7\u0131s\u0131n\u0131n kap\u0131s\u0131n\u0131 aralayan bu hik\u00e2ye, bir rakam\u0131 \u00fczerinden pek \u00e7ok<span class=\"excerpt-hellip\"> [\u2026]<\/span><\/p>\n","protected":false},"featured_media":0,"template":"","meta":{"_monsterinsights_skip_tracking":false,"_monsterinsights_sitenote_active":false,"_monsterinsights_sitenote_note":"","_monsterinsights_sitenote_category":0},"product_brand":[],"product_cat":[12689,12274],"product_tag":[],"class_list":{"0":"post-771356","1":"product","2":"type-product","3":"status-publish","5":"product_cat-cizgi-roman-cocuk-ve-genclik-kitaplari","6":"product_cat-cocuk-ve-genclik-kitaplari","7":"pa_cilt-ciltli","8":"pa_tur-kitap","9":"pa_yayinevi-bogazici-universitesi-yayinevi","10":"pa_yazar-nezihe-ak-inci","12":"first","13":"instock","14":"sale","15":"shipping-taxable","16":"purchasable","17":"product-type-simple"},"_links":{"self":[{"href":"https:\/\/roveyayinevi.com.tr\/index.php\/wp-json\/wp\/v2\/product\/771356","targetHints":{"allow":["GET"]}}],"collection":[{"href":"https:\/\/roveyayinevi.com.tr\/index.php\/wp-json\/wp\/v2\/product"}],"about":[{"href":"https:\/\/roveyayinevi.com.tr\/index.php\/wp-json\/wp\/v2\/types\/product"}],"wp:attachment":[{"href":"https:\/\/roveyayinevi.com.tr\/index.php\/wp-json\/wp\/v2\/media?parent=771356"}],"wp:term":[{"taxonomy":"product_brand","embeddable":true,"href":"https:\/\/roveyayinevi.com.tr\/index.php\/wp-json\/wp\/v2\/product_brand?post=771356"},{"taxonomy":"product_cat","embeddable":true,"href":"https:\/\/roveyayinevi.com.tr\/index.php\/wp-json\/wp\/v2\/product_cat?post=771356"},{"taxonomy":"product_tag","embeddable":true,"href":"https:\/\/roveyayinevi.com.tr\/index.php\/wp-json\/wp\/v2\/product_tag?post=771356"}],"curies":[{"name":"wp","href":"https:\/\/api.w.org\/{rel}","templated":true}]}}