{"id":771354,"date":"2025-08-28T15:02:23","date_gmt":"2025-08-28T12:02:23","guid":{"rendered":"https:\/\/roveyayinevi.com.tr\/index.php\/urun\/mavi-siirler\/"},"modified":"2026-04-15T03:37:44","modified_gmt":"2026-04-15T00:37:44","slug":"mavi-siirler","status":"publish","type":"product","link":"https:\/\/roveyayinevi.com.tr\/index.php\/urun\/mavi-siirler\/","title":{"rendered":"Mavi \u015eiirler"},"content":{"rendered":"<p>Biz seni \u00f6yle sevdik \u0130nerken merdivenleri Ayak seslerini Pencere \u00f6n\u00fc \u00e7i\u00e7eklerini Kalan\u015folar\u0131 Bakarken etrafa H\u00fcz\u00fcnl\u00fc g\u00f6zlerini \u00d6yle sevdik \u00c7izerken bir h\u00fczn\u00fc Renksiz kalemlerini A\u011flarken i\u00e7ine akan g\u00f6zya\u015flar\u0131n\u0131 Anlatamad\u0131\u011f\u0131n Yar\u0131m kalan c\u00fcmlelerini Yazamad\u0131\u011f\u0131n \u015fiirleri Biz seni \u00f6yle sevdik Birazdan d\u00f6ner umuduyla Giderken bize b\u0131rakt\u0131\u011f\u0131n yaln\u0131zl\u0131\u011f\u0131<\/p>\n","protected":false},"excerpt":{"rendered":"<p>Biz seni \u00f6yle sevdik \u0130nerken merdivenleri Ayak seslerini Pencere \u00f6n\u00fc \u00e7i\u00e7eklerini Kalan\u015folar\u0131 Bakarken etrafa H\u00fcz\u00fcnl\u00fc g\u00f6zlerini \u00d6yle sevdik \u00c7izerken bir h\u00fczn\u00fc Renksiz kalemlerini A\u011flarken i\u00e7ine akan<span class=\"excerpt-hellip\"> [\u2026]<\/span><\/p>\n","protected":false},"featured_media":0,"template":"","meta":{"_monsterinsights_skip_tracking":false,"_monsterinsights_sitenote_active":false,"_monsterinsights_sitenote_note":"","_monsterinsights_sitenote_category":0},"product_brand":[],"product_cat":[12291,12509],"product_tag":[],"class_list":{"0":"post-771354","1":"product","2":"type-product","3":"status-publish","5":"product_cat-edebiyat","6":"product_cat-siir","7":"pa_cilt-ciltsiz","8":"pa_tur-kitap","9":"pa_yayinevi-platanus-publishing","10":"pa_yazar-bulet-polat","12":"first","13":"instock","14":"sale","15":"shipping-taxable","16":"purchasable","17":"product-type-simple"},"_links":{"self":[{"href":"https:\/\/roveyayinevi.com.tr\/index.php\/wp-json\/wp\/v2\/product\/771354","targetHints":{"allow":["GET"]}}],"collection":[{"href":"https:\/\/roveyayinevi.com.tr\/index.php\/wp-json\/wp\/v2\/product"}],"about":[{"href":"https:\/\/roveyayinevi.com.tr\/index.php\/wp-json\/wp\/v2\/types\/product"}],"wp:attachment":[{"href":"https:\/\/roveyayinevi.com.tr\/index.php\/wp-json\/wp\/v2\/media?parent=771354"}],"wp:term":[{"taxonomy":"product_brand","embeddable":true,"href":"https:\/\/roveyayinevi.com.tr\/index.php\/wp-json\/wp\/v2\/product_brand?post=771354"},{"taxonomy":"product_cat","embeddable":true,"href":"https:\/\/roveyayinevi.com.tr\/index.php\/wp-json\/wp\/v2\/product_cat?post=771354"},{"taxonomy":"product_tag","embeddable":true,"href":"https:\/\/roveyayinevi.com.tr\/index.php\/wp-json\/wp\/v2\/product_tag?post=771354"}],"curies":[{"name":"wp","href":"https:\/\/api.w.org\/{rel}","templated":true}]}}