{"id":771353,"date":"2025-08-28T15:02:21","date_gmt":"2025-08-28T12:02:21","guid":{"rendered":"https:\/\/roveyayinevi.com.tr\/index.php\/urun\/bilime-sevdalanmak\/"},"modified":"2026-04-15T03:37:44","modified_gmt":"2026-04-15T00:37:44","slug":"bilime-sevdalanmak","status":"publish","type":"product","link":"https:\/\/roveyayinevi.com.tr\/index.php\/urun\/bilime-sevdalanmak\/","title":{"rendered":"Bilime Sevdalanmak"},"content":{"rendered":"<p>Bu kitap bilim, teknoloji ve a\u015fktan bahsediyor.Sekiz ya\u015f\u0131ndaki bir k\u0131z \u00e7ocu\u011fu hal\u0131n\u0131n \u00fcst\u00fcne oturmu\u015f, oyuncak midillisinin kuyru\u011funu \u00f6rmekte. Kendini i\u015fine \u00f6yle kapt\u0131rm\u0131\u015f ki d\u00fcnya y\u0131k\u0131lsa duyacak gibi de\u011fil. Midillinin parlak plastik sa\u00e7lar\u0131 uzun ve sa\u011flam. \u00c7ocuk onunla saatlerce oynuyor. \u00d6nce kuyru\u011fu \u00fc\u00e7 par\u00e7aya ay\u0131r\u0131p \u00f6rmekle i\u015fe ba\u015fl\u0131yor. Ard\u0131ndan \u00f6rg\u00fcy\u00fc \u00e7\u00f6z\u00fcp kuyru\u011fu bu kez dokuz par\u00e7aya b\u00f6l\u00fcyor. Sonra bu dokuz par\u00e7ay\u0131 \u00fc\u00e7l\u00fc guruplara ay\u0131r\u0131p tekrar \u00f6r\u00fcyor ve \u00fc\u00e7 ayr\u0131 \u00f6rg\u00fc elde ediyor. Daha sonra bu \u00fc\u00e7 \u00f6rg\u00fcy\u00fc tek bir \u00f6rg\u00fcyle birle\u015ftiriyor. Bu \u00f6rg\u00fcy\u00fc de \u00e7\u00f6zen k\u0131z \u015fimdi yirmi yedi par\u00e7a ile ba\u015flay\u0131p \u00f6nce onlar\u0131 dokuz \u00f6rg\u00fc, sonra \u00fc\u00e7, sonra da tek \u00f6rg\u00fc haline getiriyor. K\u00fc\u00e7\u00fck k\u0131z bir yandan k\u00fc\u00e7\u00fck midillisiyle b\u00f6yle oynarken bir yandan da fark\u0131nda olmadan rakamlar \u00fczerine d\u00fc\u015f\u00fcn\u00fcyor.Bu k\u0131z \u00e7ocu\u011fu, y\u0131llar sonra bu kitab\u0131 haz\u0131rlayan yazar\u0131n \u00f6\u011frencisi oldu\u011fu MIT&#8217;den mezun oluyor. Bilgisayar Bilimleri&#8217;nde doktora yap\u0131yor ve \u00f6\u011fretim \u00fcyesi oluyor.Bu kitapta daha pek \u00e7ok bilimcinin hik\u00e2yesini bulacaks\u0131n\u0131z. T\u00fcm bu hik\u00e2yelerde anlat\u0131lanlar nesnelerin bilim a\u015fk\u0131n\u0131n geli\u015fmesindeki \u00f6nemine tan\u0131kl\u0131k ediyor.<\/p>\n","protected":false},"excerpt":{"rendered":"<p>Bu kitap bilim, teknoloji ve a\u015fktan bahsediyor.Sekiz ya\u015f\u0131ndaki bir k\u0131z \u00e7ocu\u011fu hal\u0131n\u0131n \u00fcst\u00fcne oturmu\u015f, oyuncak midillisinin kuyru\u011funu \u00f6rmekte. Kendini i\u015fine \u00f6yle kapt\u0131rm\u0131\u015f ki d\u00fcnya y\u0131k\u0131lsa duyacak<span class=\"excerpt-hellip\"> [\u2026]<\/span><\/p>\n","protected":false},"featured_media":0,"template":"","meta":{"_monsterinsights_skip_tracking":false,"_monsterinsights_sitenote_active":false,"_monsterinsights_sitenote_note":"","_monsterinsights_sitenote_category":0},"product_brand":[],"product_cat":[13005,13006],"product_tag":[],"class_list":{"0":"post-771353","1":"product","2":"type-product","3":"status-publish","5":"product_cat-bilim-muhendislik","6":"product_cat-populer-bilim","7":"pa_cilt-ciltsiz","8":"pa_tur-kitap","9":"pa_yayinevi-bogazici-universitesi-yayinevi","10":"pa_yazar-sherry-turkle","12":"first","13":"instock","14":"sale","15":"shipping-taxable","16":"purchasable","17":"product-type-simple"},"_links":{"self":[{"href":"https:\/\/roveyayinevi.com.tr\/index.php\/wp-json\/wp\/v2\/product\/771353","targetHints":{"allow":["GET"]}}],"collection":[{"href":"https:\/\/roveyayinevi.com.tr\/index.php\/wp-json\/wp\/v2\/product"}],"about":[{"href":"https:\/\/roveyayinevi.com.tr\/index.php\/wp-json\/wp\/v2\/types\/product"}],"wp:attachment":[{"href":"https:\/\/roveyayinevi.com.tr\/index.php\/wp-json\/wp\/v2\/media?parent=771353"}],"wp:term":[{"taxonomy":"product_brand","embeddable":true,"href":"https:\/\/roveyayinevi.com.tr\/index.php\/wp-json\/wp\/v2\/product_brand?post=771353"},{"taxonomy":"product_cat","embeddable":true,"href":"https:\/\/roveyayinevi.com.tr\/index.php\/wp-json\/wp\/v2\/product_cat?post=771353"},{"taxonomy":"product_tag","embeddable":true,"href":"https:\/\/roveyayinevi.com.tr\/index.php\/wp-json\/wp\/v2\/product_tag?post=771353"}],"curies":[{"name":"wp","href":"https:\/\/api.w.org\/{rel}","templated":true}]}}