{"id":771352,"date":"2025-08-28T15:02:19","date_gmt":"2025-08-28T12:02:19","guid":{"rendered":"https:\/\/roveyayinevi.com.tr\/index.php\/urun\/robert-kolej-yuksekokulundan-bogazici-universitesine\/"},"modified":"2026-04-15T03:37:43","modified_gmt":"2026-04-15T00:37:43","slug":"robert-kolej-yuksekokulundan-bogazici-universitesine","status":"publish","type":"product","link":"https:\/\/roveyayinevi.com.tr\/index.php\/urun\/robert-kolej-yuksekokulundan-bogazici-universitesine\/","title":{"rendered":"Robert Kolej Y\u00fcksekokulundan Bo\u011fazi\u00e7i \u00dcniversitesine"},"content":{"rendered":"<p>Bu kitap, Robert Kolej Y\u00fcksekokulundan Bo\u011fazi\u00e7i \u00dcniversitesine ge\u00e7i\u015fin dikkate de\u011fer hik\u00e2yesini, kurucu rekt\u00f6r Aptullah Kuran\u2019\u0131n an\u0131lar\u0131 \u00fczerinden g\u00f6zler \u00f6n\u00fcne seriyor. \u00dcniversitenin kurulu\u015f y\u0131llar\u0131n\u0131, tuttu\u011fu notlar, yapt\u0131\u011f\u0131 konu\u015fmalar ve haf\u0131zas\u0131nda kalm\u0131\u015f olaylar\u0131n yard\u0131m\u0131yla yeniden bi\u00e7imlendiren Kuran, \u00fcniversitenin bug\u00fcn pek hat\u0131rlanmayan 1970\u2019li y\u0131llar\u0131n\u0131 titizlikle kayda ge\u00e7irirken bireysel \u00e7aban\u0131n bir kurumu kal\u0131c\u0131 \u015fekilde d\u00f6n\u00fc\u015ft\u00fcrebilece\u011fine dair etkileyici bir \u00f6rne\u011fi okuyucuyla bulu\u015fturuyor.\u201cBo\u011fazi\u00e7i Serisi\u201d kapsam\u0131nda yay\u0131nlanan bu ilk eser sayesinde T\u00fcrkiye\u2019nin siyasi iktidars\u0131zl\u0131klarla, \u00fcniversitelerinse anar\u015fiyle bo\u011fu\u015ftu\u011fu y\u0131llara farkl\u0131 bir perspektiften bakacak, d\u00fcnya \u00e7ap\u0131nda bir \u00fcniversite kurma hayalinin zorluk ve imkanlarla \u00f6r\u00fcl\u00fc ser\u00fcvenini ke\u015ffedeceksiniz.<\/p>\n","protected":false},"excerpt":{"rendered":"<p>Bu kitap, Robert Kolej Y\u00fcksekokulundan Bo\u011fazi\u00e7i \u00dcniversitesine ge\u00e7i\u015fin dikkate de\u011fer hik\u00e2yesini, kurucu rekt\u00f6r Aptullah Kuran\u2019\u0131n an\u0131lar\u0131 \u00fczerinden g\u00f6zler \u00f6n\u00fcne seriyor. \u00dcniversitenin kurulu\u015f y\u0131llar\u0131n\u0131, tuttu\u011fu notlar, yapt\u0131\u011f\u0131<span class=\"excerpt-hellip\"> [\u2026]<\/span><\/p>\n","protected":false},"featured_media":0,"template":"","meta":{"_monsterinsights_skip_tracking":false,"_monsterinsights_sitenote_active":false,"_monsterinsights_sitenote_note":"","_monsterinsights_sitenote_category":0},"product_brand":[],"product_cat":[14009,12291],"product_tag":[],"class_list":{"0":"post-771352","1":"product","2":"type-product","3":"status-publish","5":"product_cat-biyografi-otobiyografi-edebiyat","6":"product_cat-edebiyat","7":"pa_cilt-ciltsiz","8":"pa_tur-kitap","9":"pa_yayinevi-bogazici-universitesi-yayinevi","10":"pa_yazar-aptullah-kuran","12":"first","13":"instock","14":"sale","15":"shipping-taxable","16":"purchasable","17":"product-type-simple"},"_links":{"self":[{"href":"https:\/\/roveyayinevi.com.tr\/index.php\/wp-json\/wp\/v2\/product\/771352","targetHints":{"allow":["GET"]}}],"collection":[{"href":"https:\/\/roveyayinevi.com.tr\/index.php\/wp-json\/wp\/v2\/product"}],"about":[{"href":"https:\/\/roveyayinevi.com.tr\/index.php\/wp-json\/wp\/v2\/types\/product"}],"wp:attachment":[{"href":"https:\/\/roveyayinevi.com.tr\/index.php\/wp-json\/wp\/v2\/media?parent=771352"}],"wp:term":[{"taxonomy":"product_brand","embeddable":true,"href":"https:\/\/roveyayinevi.com.tr\/index.php\/wp-json\/wp\/v2\/product_brand?post=771352"},{"taxonomy":"product_cat","embeddable":true,"href":"https:\/\/roveyayinevi.com.tr\/index.php\/wp-json\/wp\/v2\/product_cat?post=771352"},{"taxonomy":"product_tag","embeddable":true,"href":"https:\/\/roveyayinevi.com.tr\/index.php\/wp-json\/wp\/v2\/product_tag?post=771352"}],"curies":[{"name":"wp","href":"https:\/\/api.w.org\/{rel}","templated":true}]}}