{"id":771351,"date":"2025-08-28T15:02:18","date_gmt":"2025-08-28T12:02:18","guid":{"rendered":"https:\/\/roveyayinevi.com.tr\/index.php\/urun\/kandilli-rasathanesi-el-yazmalari\/"},"modified":"2026-04-15T03:37:43","modified_gmt":"2026-04-15T00:37:43","slug":"kandilli-rasathanesi-el-yazmalari","status":"publish","type":"product","link":"https:\/\/roveyayinevi.com.tr\/index.php\/urun\/kandilli-rasathanesi-el-yazmalari\/","title":{"rendered":"Kandilli Rasathanesi El Yazmalar\u0131"},"content":{"rendered":"<p>Bug\u00fcn Kandilli Rasathanesi ve Deprem Ara\u015ft\u0131rmalar\u0131 Enstit\u00fcs\u00fc K\u00fct\u00fcphanesinde bulunan 845i T\u00fcrk\u00e7e, 395i Arap\u00e7a, 100\u00fc Fars\u00e7a olan toplam 828 cilt i\u00e7inde 1340 yazma kitapl\u0131k kolleksiyonun olu\u015fmas\u0131n\u0131 Rasathanenin kurucusu Fatin G\u00f6kmen sa\u011flam\u0131\u015ft\u0131r. T\u00fcrkiyede astronomi konusunda tek olan koleksiyonda \u00f6nemli say\u0131da astroloji, matematik, co\u011frafya ve \u00e7ok az say\u0131da di\u011fer konular\u0131 i\u00e7eren, gerek m\u00fcellif, gerekse \u00e7evirmen hatt\u0131yla yaz\u0131lm\u0131\u015f ya da zaman\u0131n m\u00fcneccimba\u015f\u0131s\u0131 taraf\u0131ndan haz\u0131rlanm\u0131\u015f pek \u00e7ok yazma eser bulunmaktad\u0131r. T\u00fcrk\u00e7e kitaplar\u0131n en eskisi, 15. y\u00fczy\u0131l\u0131n \u00f6nemli \u015fairlerinden Ahmed-i Dai n\u0131n Fars\u00e7adan \u00e7evirdi\u011fi astronomi ve astroloji konulu, Fars\u00e7a ismi Risale-i Si fasl olan eserdir. En eski takvim ise \u00fczerinde II. B\u00e0yez\u00ecdin m\u00fchr\u00fc bulunan ve onun i\u00e7in haz\u0131rlanan 895-96 [1490-91] tarihli Fars\u00e7a takvimdir. III. Mustafan\u0131n \u00e7ocuklar\u0131 \u015eah Sultan, Mihrimah Sultan, Mihri\u015fah ve Selim ile III. Ahmedin o\u011flu \u015eehzade Numan i\u00e7in talih zayi\u00e7elerini (y\u0131ld\u0131zlara g\u00f6re bir ki\u015finin y\u0131ld\u0131zlar dairesini) i\u00e7eren bir yazma da burada yer al\u0131r.Katalo\u011fumuz bir giri\u015ften sonra \u00e2let ve takvimleri i\u00e7eren astronomi, ahk\u00e2m (g\u00f6k cisimlerinden ve do\u011fa olaylar\u0131ndan anlam \u00e7\u0131kararak gelecekle ilgili tahminlerde bulunma) ve ahk\u00e2m takvimlerini i\u00e7eren astroloji, matematik, co\u011frafya ve di\u011fer eserler gibi konu ba\u015fl\u0131klar\u0131na g\u00f6re haz\u0131rlanm\u0131\u015f, her bir esere konu ba\u015fl\u0131\u011f\u0131n\u0131n alt\u0131nda eser ad\u0131na g\u00f6re alfabetik s\u0131ralanarak katalog numaras\u0131 verilmi\u015ftir. Eser, \u00e7eviri ise \u00e7evirenin ad\u0131, \u015ferh ise \u015ferh edenin ad\u0131 yazar ad\u0131 alt\u0131nda g\u00f6sterilmi\u015ftir. Eserin ilk ve son c\u00fcmleleri ve varsa yazar veya eser ad\u0131n\u0131n ge\u00e7ti\u011fi yerler, bug\u00fcne kadar yap\u0131lan kataloglarda pek rastlanmayan bir \u015fekilde elektronik tarama ile katalo\u011fa eklenmi\u015ftir. Katalo\u011fun sonunda ise eser, ki\u015fi, yer ve istinsah (kopyas\u0131n\u0131 \u00e7\u0131karma, \u00e7o\u011faltma) tarihleri indeksi yer almaktad\u0131r.<\/p>\n","protected":false},"excerpt":{"rendered":"<p>Bug\u00fcn Kandilli Rasathanesi ve Deprem Ara\u015ft\u0131rmalar\u0131 Enstit\u00fcs\u00fc K\u00fct\u00fcphanesinde bulunan 845i T\u00fcrk\u00e7e, 395i Arap\u00e7a, 100\u00fc Fars\u00e7a olan toplam 828 cilt i\u00e7inde 1340 yazma kitapl\u0131k kolleksiyonun olu\u015fmas\u0131n\u0131 Rasathanenin<span class=\"excerpt-hellip\"> [\u2026]<\/span><\/p>\n","protected":false},"featured_media":0,"template":"","meta":{"_monsterinsights_skip_tracking":false,"_monsterinsights_sitenote_active":false,"_monsterinsights_sitenote_note":"","_monsterinsights_sitenote_category":0},"product_brand":[],"product_cat":[13005,15998],"product_tag":[],"class_list":{"0":"post-771351","1":"product","2":"type-product","3":"status-publish","5":"product_cat-bilim-muhendislik","6":"product_cat-bilim-tarihi","7":"pa_cilt-ciltsiz","8":"pa_tur-kitap","9":"pa_yayinevi-bogazici-universitesi-yayinevi","10":"pa_yazar-gunay-kut","12":"first","13":"instock","14":"sale","15":"shipping-taxable","16":"purchasable","17":"product-type-simple"},"_links":{"self":[{"href":"https:\/\/roveyayinevi.com.tr\/index.php\/wp-json\/wp\/v2\/product\/771351","targetHints":{"allow":["GET"]}}],"collection":[{"href":"https:\/\/roveyayinevi.com.tr\/index.php\/wp-json\/wp\/v2\/product"}],"about":[{"href":"https:\/\/roveyayinevi.com.tr\/index.php\/wp-json\/wp\/v2\/types\/product"}],"wp:attachment":[{"href":"https:\/\/roveyayinevi.com.tr\/index.php\/wp-json\/wp\/v2\/media?parent=771351"}],"wp:term":[{"taxonomy":"product_brand","embeddable":true,"href":"https:\/\/roveyayinevi.com.tr\/index.php\/wp-json\/wp\/v2\/product_brand?post=771351"},{"taxonomy":"product_cat","embeddable":true,"href":"https:\/\/roveyayinevi.com.tr\/index.php\/wp-json\/wp\/v2\/product_cat?post=771351"},{"taxonomy":"product_tag","embeddable":true,"href":"https:\/\/roveyayinevi.com.tr\/index.php\/wp-json\/wp\/v2\/product_tag?post=771351"}],"curies":[{"name":"wp","href":"https:\/\/api.w.org\/{rel}","templated":true}]}}