{"id":771348,"date":"2025-08-28T15:02:14","date_gmt":"2025-08-28T12:02:14","guid":{"rendered":"https:\/\/roveyayinevi.com.tr\/index.php\/urun\/sifir-sayilarin-kokenine-yolculuk\/"},"modified":"2026-04-15T03:37:43","modified_gmt":"2026-04-15T00:37:43","slug":"sifir-sayilarin-kokenine-yolculuk","status":"publish","type":"product","link":"https:\/\/roveyayinevi.com.tr\/index.php\/urun\/sifir-sayilarin-kokenine-yolculuk\/","title":{"rendered":"S\u0131f\u0131r; Say\u0131lar\u0131n K\u00f6kenine Yolculuk"},"content":{"rendered":"<p>Say\u0131lar belki de insan zihninin en \u00f6nemli soyutlamalar\u0131d\u0131r. D\u00f6rt bir yan\u0131m\u0131z say\u0131yla, dijital sistemlerle, niceliksel unsurlarla \u00e7evrili. Bizim i\u00e7in b\u00f6ylesine \u00f6nemli olan say\u0131lara nerede ve nas\u0131l ula\u015ft\u0131\u011f\u0131m\u0131z sorusunun cevab\u0131 ise binlerce y\u0131l muamma olarak kald\u0131. Kitab\u0131n yazar\u0131 Amir Aczel, hayat\u0131 boyunca tak\u0131nt\u0131l\u0131 bir bi\u00e7imde ilgi duydu\u011fu bu konuyu, yani say\u0131lar\u0131n ger\u00e7ek kaynaklar\u0131n\u0131n hik\u00e2yesini macera dolu bir destan gibi anlat\u0131yor. Tozlu ar\u015fivlerde gizlenen metinleri tarayarak, farkl\u0131 farkl\u0131 hik\u00e2yeler anlatan s\u00f6zde akademisyenlerin iddialar\u0131n\u0131 kar\u015f\u0131la\u015ft\u0131rarak ve nihayetinde kesin bir kan\u0131t bulmak i\u00e7in Kambo\u00e7ya&#8217;da bir orman\u0131n derinliklerine dalarak, antik d\u00fcnyan\u0131n bir resmini \u00e7iziyor.Bug\u00fcn kulland\u0131\u011f\u0131m\u0131z Hint-Avrupa rakamlar\u0131 nereden geldi? Aczel bu sorunun pe\u015finden, matematik tarihinde daha \u00f6nce ayak bas\u0131lmam\u0131\u015f diyarlar\u0131 ke\u015ffe \u00e7\u0131k\u0131yor; bu yolculuk fiziken Hindistan&#8217;a, Tayland&#8217;a, Laos&#8217;a, Veitnam&#8217;a ve sonunda Kambo\u00e7ya&#8217;n\u0131n derinliklerine uzan\u0131yor. Kambo\u00e7ya&#8217;da yedinci y\u00fczy\u0131lda in\u015fa edilmi\u015f bir tap\u0131na\u011f\u0131n a\u015f\u0131nm\u0131\u015f duvar\u0131nda en eski &#8220;s\u0131f\u0131r&#8221;\u0131, yani say\u0131 sistemimizin kilit ta\u015f\u0131n\u0131 ke\u015ffediyor. Aczel&#8217;in &#8220;s\u0131f\u0131r&#8221;\u0131n kayna\u011f\u0131na y\u00f6nelik aray\u0131\u015f\u0131, okura, matematik ve felsefe tarihine ili\u015fkin derin d\u00fc\u015f\u00fcncelerle dolu bir metin sunuyor.<\/p>\n","protected":false},"excerpt":{"rendered":"<p>Say\u0131lar belki de insan zihninin en \u00f6nemli soyutlamalar\u0131d\u0131r. D\u00f6rt bir yan\u0131m\u0131z say\u0131yla, dijital sistemlerle, niceliksel unsurlarla \u00e7evrili. Bizim i\u00e7in b\u00f6ylesine \u00f6nemli olan say\u0131lara nerede ve nas\u0131l<span class=\"excerpt-hellip\"> [\u2026]<\/span><\/p>\n","protected":false},"featured_media":0,"template":"","meta":{"_monsterinsights_skip_tracking":false,"_monsterinsights_sitenote_active":false,"_monsterinsights_sitenote_note":"","_monsterinsights_sitenote_category":0},"product_brand":[],"product_cat":[13005,16724],"product_tag":[],"class_list":{"0":"post-771348","1":"product","2":"type-product","3":"status-publish","5":"product_cat-bilim-muhendislik","6":"product_cat-matematik","7":"pa_cilt-ciltsiz","8":"pa_tur-kitap","9":"pa_yayinevi-bogazici-universitesi-yayinevi","10":"pa_yazar-amir-d-aczel","12":"first","13":"instock","14":"sale","15":"shipping-taxable","16":"purchasable","17":"product-type-simple"},"_links":{"self":[{"href":"https:\/\/roveyayinevi.com.tr\/index.php\/wp-json\/wp\/v2\/product\/771348","targetHints":{"allow":["GET"]}}],"collection":[{"href":"https:\/\/roveyayinevi.com.tr\/index.php\/wp-json\/wp\/v2\/product"}],"about":[{"href":"https:\/\/roveyayinevi.com.tr\/index.php\/wp-json\/wp\/v2\/types\/product"}],"wp:attachment":[{"href":"https:\/\/roveyayinevi.com.tr\/index.php\/wp-json\/wp\/v2\/media?parent=771348"}],"wp:term":[{"taxonomy":"product_brand","embeddable":true,"href":"https:\/\/roveyayinevi.com.tr\/index.php\/wp-json\/wp\/v2\/product_brand?post=771348"},{"taxonomy":"product_cat","embeddable":true,"href":"https:\/\/roveyayinevi.com.tr\/index.php\/wp-json\/wp\/v2\/product_cat?post=771348"},{"taxonomy":"product_tag","embeddable":true,"href":"https:\/\/roveyayinevi.com.tr\/index.php\/wp-json\/wp\/v2\/product_tag?post=771348"}],"curies":[{"name":"wp","href":"https:\/\/api.w.org\/{rel}","templated":true}]}}