{"id":771347,"date":"2025-08-28T15:02:12","date_gmt":"2025-08-28T12:02:12","guid":{"rendered":"https:\/\/roveyayinevi.com.tr\/index.php\/urun\/dusme-korkusu-2\/"},"modified":"2026-04-15T03:37:43","modified_gmt":"2026-04-15T00:37:43","slug":"dusme-korkusu-2","status":"publish","type":"product","link":"https:\/\/roveyayinevi.com.tr\/index.php\/urun\/dusme-korkusu-2\/","title":{"rendered":"D\u00fc\u015fme Korkusu"},"content":{"rendered":"<p>Hayat\u0131n her an\u0131nda hissetti\u011fimiz, g\u00f6r\u00fcnmez ama her zaman yan\u0131m\u0131zda olan o korku: D\u00fc\u015fme korkusu. Bu yaln\u0131zca fiziksel bir kayg\u0131 de\u011fil, ayn\u0131 zamanda duygusal, toplumsal ve varolu\u015fsal bir endi\u015fe\u2026A\u011fao\u011flu, D\u00fc\u015fme Korkusu\u2019nda modern insan\u0131n \u201cd\u00fc\u015fme\u201d ve \u201cg\u00f6zden d\u00fc\u015fme\u201d duygular\u0131n\u0131 keskin bir g\u00f6zlem ve incelikli bir anlat\u0131mla ele al\u0131yor. Bir yandan ge\u00e7mi\u015fin g\u00f6lgeleriyle hesapla\u015fan bir yandan da gelece\u011fin belirsizlikleriyle y\u00fczle\u015fen insanlar\u0131n hik\u00e2yelerini bir araya getiriyor.\u201cD\u00fc\u015fme Korkusu ad\u0131 alt\u0131nda alt\u0131 tane hik\u00e2ye yazd\u0131m. \u00c7\u00fcnk\u00fc d\u00fc\u015fmenin \u00e7e\u015fitli anlamlar\u0131 var. Sayg\u0131nl\u0131\u011f\u0131n\u0131 kaybetmek, de\u011ferini kaybetmek, g\u00f6zden d\u00fc\u015fmek, \u00e7aresizli\u011fe d\u00fc\u015fmek var. Bunun manevi yan\u0131n\u0131 g\u00f6z \u00f6n\u00fcnde tutarak d\u00fc\u015fme korkusunu yazmaya karar verdim.\u201dAdalet A\u011fao\u011flu<\/p>\n","protected":false},"excerpt":{"rendered":"<p>Hayat\u0131n her an\u0131nda hissetti\u011fimiz, g\u00f6r\u00fcnmez ama her zaman yan\u0131m\u0131zda olan o korku: D\u00fc\u015fme korkusu. Bu yaln\u0131zca fiziksel bir kayg\u0131 de\u011fil, ayn\u0131 zamanda duygusal, toplumsal ve varolu\u015fsal<span class=\"excerpt-hellip\"> [\u2026]<\/span><\/p>\n","protected":false},"featured_media":0,"template":"","meta":{"_monsterinsights_skip_tracking":false,"_monsterinsights_sitenote_active":false,"_monsterinsights_sitenote_note":"","_monsterinsights_sitenote_category":0},"product_brand":[],"product_cat":[12291,18202],"product_tag":[],"class_list":{"0":"post-771347","1":"product","2":"type-product","3":"status-publish","5":"product_cat-edebiyat","6":"product_cat-hikaye","7":"pa_cilt-ciltsiz","8":"pa_tur-kitap","9":"pa_yayinevi-bogazici-universitesi-yayinevi","10":"pa_yazar-adalet-agaoglu","12":"first","13":"instock","14":"sale","15":"shipping-taxable","16":"purchasable","17":"product-type-simple"},"_links":{"self":[{"href":"https:\/\/roveyayinevi.com.tr\/index.php\/wp-json\/wp\/v2\/product\/771347","targetHints":{"allow":["GET"]}}],"collection":[{"href":"https:\/\/roveyayinevi.com.tr\/index.php\/wp-json\/wp\/v2\/product"}],"about":[{"href":"https:\/\/roveyayinevi.com.tr\/index.php\/wp-json\/wp\/v2\/types\/product"}],"wp:attachment":[{"href":"https:\/\/roveyayinevi.com.tr\/index.php\/wp-json\/wp\/v2\/media?parent=771347"}],"wp:term":[{"taxonomy":"product_brand","embeddable":true,"href":"https:\/\/roveyayinevi.com.tr\/index.php\/wp-json\/wp\/v2\/product_brand?post=771347"},{"taxonomy":"product_cat","embeddable":true,"href":"https:\/\/roveyayinevi.com.tr\/index.php\/wp-json\/wp\/v2\/product_cat?post=771347"},{"taxonomy":"product_tag","embeddable":true,"href":"https:\/\/roveyayinevi.com.tr\/index.php\/wp-json\/wp\/v2\/product_tag?post=771347"}],"curies":[{"name":"wp","href":"https:\/\/api.w.org\/{rel}","templated":true}]}}