{"id":771345,"date":"2025-08-28T15:02:09","date_gmt":"2025-08-28T12:02:09","guid":{"rendered":"https:\/\/roveyayinevi.com.tr\/index.php\/urun\/dil-ve-zihin-incelemelerinde-yeni-ufuklar\/"},"modified":"2026-04-15T03:37:43","modified_gmt":"2026-04-15T00:37:43","slug":"dil-ve-zihin-incelemelerinde-yeni-ufuklar","status":"publish","type":"product","link":"https:\/\/roveyayinevi.com.tr\/index.php\/urun\/dil-ve-zihin-incelemelerinde-yeni-ufuklar\/","title":{"rendered":"Dil ve Zihin \u0130ncelemelerinde Yeni Ufuklar"},"content":{"rendered":"<p>Noam Chomsky 1950\u2019ler ve 1960\u2019lar\u0131n \u201cbili\u015fsel devrim\u201dinin ba\u015f\u0131n\u0131 \u00e7ekmi\u015f ve o g\u00fcnden beri dilbilim alan\u0131na damgas\u0131n\u0131 vurmu\u015f bir bilim insan\u0131d\u0131r. Chomsky\u2019nin \u00dcretici Dilbilgisi kuram\u0131, farkl\u0131 bi\u00e7imleriyle, d\u00fcnya \u00fczerinde bir\u00e7ok dilbilimciye rehber ve esin kayna\u011f\u0131 olmu\u015ftur. Chomsky, yazd\u0131klar\u0131na kat\u0131lmasan\u0131z da g\u00f6rmezden gelemeyece\u011finiz bir kuramc\u0131d\u0131r.Dil konusundaki temel eserleri yaln\u0131zca dilbilim i\u00e7in de\u011fil, felsefe ve psikoloji ba\u015fta olmak \u00fczere di\u011fer disiplinler i\u00e7in de b\u00fcy\u00fck de\u011fer ta\u015f\u0131maktad\u0131r. Bu kitapta bir araya getirilen makaleler, Chomsky\u2019nin insan\u0131n dil yetisine getirdi\u011fi \u201ci\u00e7selci\u201d yorumu i\u00e7ermektedir. Chomsky, dili toplumsal bir kurgu olarak g\u00f6ren gelenekten koparak onun bireysel oldu\u011funu, insan zihnine\/beynine i\u00e7sel oldu\u011funu bir dizi yarat\u0131c\u0131 dilbilimsel analiz yoluyla savunmaktad\u0131r. Ona g\u00f6re dil, do\u011fa bilimlerinin y\u00f6ntemleriyle analiz edilmelidir.Noam Chomsky 1949\u2019da Pennsylvania \u00dcniversitesi\u2019nden mezun oldu. Modern \u0130branice \u00fczerine olan lisans tezini sonradan geli\u015ftirip geni\u015fleterek y\u00fcksek lisans tezi haline getirdi. Bu eser modern \u00dcretici Dilbilgisinin ba\u015flang\u0131c\u0131yd\u0131. O d\u00f6nemde ele ald\u0131\u011f\u0131 meseleler sonradan filizlenerek bug\u00fcn, \u00fczerinden elli y\u0131l ge\u00e7tikten sonra Chomsky\u2019nin h\u00e2l\u00e2 katk\u0131 sundu\u011fu ve b\u00fcy\u00fck oranda onun dehas\u0131n\u0131n \u00fcr\u00fcn\u00fc olan bir ara\u015ft\u0131rma alan\u0131n\u0131 tan\u0131mlamay\u0131 s\u00fcrd\u00fcr\u00fcyor.<\/p>\n","protected":false},"excerpt":{"rendered":"<p>Noam Chomsky 1950\u2019ler ve 1960\u2019lar\u0131n \u201cbili\u015fsel devrim\u201dinin ba\u015f\u0131n\u0131 \u00e7ekmi\u015f ve o g\u00fcnden beri dilbilim alan\u0131na damgas\u0131n\u0131 vurmu\u015f bir bilim insan\u0131d\u0131r. Chomsky\u2019nin \u00dcretici Dilbilgisi kuram\u0131, farkl\u0131 bi\u00e7imleriyle,<span class=\"excerpt-hellip\"> [\u2026]<\/span><\/p>\n","protected":false},"featured_media":0,"template":"","meta":{"_monsterinsights_skip_tracking":false,"_monsterinsights_sitenote_active":false,"_monsterinsights_sitenote_note":"","_monsterinsights_sitenote_category":0},"product_brand":[],"product_cat":[20225,12291],"product_tag":[],"class_list":{"0":"post-771345","1":"product","2":"type-product","3":"status-publish","5":"product_cat-dil-bilim","6":"product_cat-edebiyat","7":"pa_cilt-ciltsiz","8":"pa_tur-kitap","9":"pa_yayinevi-bogazici-universitesi-yayinevi","10":"pa_yazar-noam-chomsky","12":"first","13":"instock","14":"sale","15":"shipping-taxable","16":"purchasable","17":"product-type-simple"},"_links":{"self":[{"href":"https:\/\/roveyayinevi.com.tr\/index.php\/wp-json\/wp\/v2\/product\/771345","targetHints":{"allow":["GET"]}}],"collection":[{"href":"https:\/\/roveyayinevi.com.tr\/index.php\/wp-json\/wp\/v2\/product"}],"about":[{"href":"https:\/\/roveyayinevi.com.tr\/index.php\/wp-json\/wp\/v2\/types\/product"}],"wp:attachment":[{"href":"https:\/\/roveyayinevi.com.tr\/index.php\/wp-json\/wp\/v2\/media?parent=771345"}],"wp:term":[{"taxonomy":"product_brand","embeddable":true,"href":"https:\/\/roveyayinevi.com.tr\/index.php\/wp-json\/wp\/v2\/product_brand?post=771345"},{"taxonomy":"product_cat","embeddable":true,"href":"https:\/\/roveyayinevi.com.tr\/index.php\/wp-json\/wp\/v2\/product_cat?post=771345"},{"taxonomy":"product_tag","embeddable":true,"href":"https:\/\/roveyayinevi.com.tr\/index.php\/wp-json\/wp\/v2\/product_tag?post=771345"}],"curies":[{"name":"wp","href":"https:\/\/api.w.org\/{rel}","templated":true}]}}