{"id":771343,"date":"2025-08-28T15:02:04","date_gmt":"2025-08-28T12:02:04","guid":{"rendered":"https:\/\/roveyayinevi.com.tr\/index.php\/urun\/osmanliyi-tahayyul-etmek\/"},"modified":"2026-04-15T03:37:43","modified_gmt":"2026-04-15T00:37:43","slug":"osmanliyi-tahayyul-etmek","status":"publish","type":"product","link":"https:\/\/roveyayinevi.com.tr\/index.php\/urun\/osmanliyi-tahayyul-etmek\/","title":{"rendered":"Osmanl\u0131`y\u0131 Tahayy\u00fcl Etmek"},"content":{"rendered":"<p>Osmanl\u0131\u2019y\u0131 Tahayy\u00fcl Etmek: Tarihsel Romanda Fatih Temsilleri, Cumhuriyet\u2019ten g\u00fcn\u00fcm\u00fcze dek tarihsel romanlarda Fatih Sultan Mehmet\u2019in edebi temsilleri \u00e7er\u00e7evesinde Osmanl\u0131 ge\u00e7mi\u015finin nas\u0131l anlat\u0131ld\u0131\u011f\u0131n\u0131n izlerini s\u00fcr\u00fcyor. Edebi bir karakter olarak Fatih\u2019in metinle\u015ftirilmesi \u00fczerinden T\u00fcrkiye\u2019de edebiyat \u00fcr\u00fcnlerinin politik ve toplumsal i\u015flevinden tarihsel roman alg\u0131s\u0131na, kolektif haf\u0131zan\u0131n in\u015fas\u0131ndan resm\u00ee tarihyaz\u0131m\u0131na, Osmanl\u0131 ge\u00e7mi\u015finin alg\u0131lan\u0131\u015f\u0131ndan yeni bir milli haf\u0131za kurulmas\u0131na ve modern ulusun tahayy\u00fcl\u00fcnden milli kimli\u011fin olu\u015fturulmas\u0131na kadar bir\u00e7ok sorun hakk\u0131nda verdi\u011fi \u00f6nemli ipu\u00e7lar\u0131n\u0131n bir analizini yapmay\u0131 deniyor. B\u00f6ylece T\u00fcrk\u00e7e edebiyatta Osmanl\u0131\u2019n\u0131n ge\u00e7mi\u015fi alg\u0131s\u0131n\u0131n tezah\u00fcrleriyle birlikte tarihsel roman yaz\u0131m\u0131n\u0131n ser\u00fcvenini tarihsel ve k\u00fclt\u00fcrel bir ba\u011flamda tart\u0131\u015fmaya a\u00e7\u0131yor.<\/p>\n","protected":false},"excerpt":{"rendered":"<p>Osmanl\u0131\u2019y\u0131 Tahayy\u00fcl Etmek: Tarihsel Romanda Fatih Temsilleri, Cumhuriyet\u2019ten g\u00fcn\u00fcm\u00fcze dek tarihsel romanlarda Fatih Sultan Mehmet\u2019in edebi temsilleri \u00e7er\u00e7evesinde Osmanl\u0131 ge\u00e7mi\u015finin nas\u0131l anlat\u0131ld\u0131\u011f\u0131n\u0131n izlerini s\u00fcr\u00fcyor. Edebi bir<span class=\"excerpt-hellip\"> [\u2026]<\/span><\/p>\n","protected":false},"featured_media":0,"template":"","meta":{"_monsterinsights_skip_tracking":false,"_monsterinsights_sitenote_active":false,"_monsterinsights_sitenote_note":"","_monsterinsights_sitenote_category":0},"product_brand":[],"product_cat":[12291,12745],"product_tag":[],"class_list":{"0":"post-771343","1":"product","2":"type-product","3":"status-publish","5":"product_cat-edebiyat","6":"product_cat-tarihi-roman","7":"pa_cilt-ciltsiz","8":"pa_tur-kitap","9":"pa_yayinevi-bogazici-universitesi-yayinevi","10":"pa_yazar-halim-kara","12":"first","13":"instock","14":"sale","15":"shipping-taxable","16":"purchasable","17":"product-type-simple"},"_links":{"self":[{"href":"https:\/\/roveyayinevi.com.tr\/index.php\/wp-json\/wp\/v2\/product\/771343","targetHints":{"allow":["GET"]}}],"collection":[{"href":"https:\/\/roveyayinevi.com.tr\/index.php\/wp-json\/wp\/v2\/product"}],"about":[{"href":"https:\/\/roveyayinevi.com.tr\/index.php\/wp-json\/wp\/v2\/types\/product"}],"wp:attachment":[{"href":"https:\/\/roveyayinevi.com.tr\/index.php\/wp-json\/wp\/v2\/media?parent=771343"}],"wp:term":[{"taxonomy":"product_brand","embeddable":true,"href":"https:\/\/roveyayinevi.com.tr\/index.php\/wp-json\/wp\/v2\/product_brand?post=771343"},{"taxonomy":"product_cat","embeddable":true,"href":"https:\/\/roveyayinevi.com.tr\/index.php\/wp-json\/wp\/v2\/product_cat?post=771343"},{"taxonomy":"product_tag","embeddable":true,"href":"https:\/\/roveyayinevi.com.tr\/index.php\/wp-json\/wp\/v2\/product_tag?post=771343"}],"curies":[{"name":"wp","href":"https:\/\/api.w.org\/{rel}","templated":true}]}}