{"id":771341,"date":"2025-08-28T15:02:00","date_gmt":"2025-08-28T12:02:00","guid":{"rendered":"https:\/\/roveyayinevi.com.tr\/index.php\/urun\/fen-ogretimi-bilim-tarihinin-ve-felsefesinin-katkisi\/"},"modified":"2026-04-15T03:37:43","modified_gmt":"2026-04-15T00:37:43","slug":"fen-ogretimi-bilim-tarihinin-ve-felsefesinin-katkisi","status":"publish","type":"product","link":"https:\/\/roveyayinevi.com.tr\/index.php\/urun\/fen-ogretimi-bilim-tarihinin-ve-felsefesinin-katkisi\/","title":{"rendered":"Fen \u00d6\u011fretimi; Bilim Tarihinin ve Felsefesinin Katk\u0131s\u0131"},"content":{"rendered":"<p>Bilim Tarihinin ve Felsefesinin Katk\u0131s\u0131Fen \u00f6\u011fretmenlerinin ders verdikleri konunun tarihini ve felsefesini bilmesi neden gereklidir? Bu bilgi fen \u00f6\u011fretimini hangi y\u00f6nden zenginle\u015ftirir ve \u00f6\u011frencinin bu konuda heyecan duymas\u0131n\u0131 nas\u0131l sa\u011flar?Fen \u00d6\u011fretimi, bu sorulara ayr\u0131nt\u0131l\u0131 yan\u0131tlar sunuyor. Fen e\u011fitimi alan\u0131ndaki teorik, m\u00fcfredata ili\u015fkin ve pedogojik meseleleri ele alan kitapta, bilim tarihi ve felsefesinin s\u00f6z konusu meselelerin \u00e7\u00f6z\u00fcm\u00fcne nas\u0131l katk\u0131da bulundu\u011funu ortaya koyuyor. Elinizdeki kitab\u0131n tarihsel perspektifi \u00f6\u011frencilere, \u00f6\u011fretmenlere ve ara\u015ft\u0131rmac\u0131lara bilimsel bilginin kaynaklar\u0131n\u0131 anlat\u0131rken, felsefe, metafizik, matematik gibi alanlarla ve Avrupa Ayd\u0131nlanmas\u0131 gibi toplumsal geli\u015fmelerle ili\u015fkisini de aktar\u0131yor. Yap\u0131land\u0131rmac\u0131l\u0131k, d\u00fcnya g\u00f6r\u00fc\u015fleriyle bilim ili\u015fkisi, \u00e7okk\u00fclt\u00fcrl\u00fc fen e\u011fitimi, sorgulay\u0131c\u0131 \u00f6\u011fretim, de\u011ferler ve \u00f6\u011fretmen e\u011fitimi hakk\u0131nda ayr\u0131nt\u0131l\u0131 arg\u00fcmanlar\u0131 geni\u015f bir alanyaz\u0131na referans vererek bir araya getirenFen \u00d6\u011fretimi, bu alandaki e\u011fitimciler ve \u00f6\u011frenciler i\u00e7in sa\u011flam bir kaynak.<\/p>\n","protected":false},"excerpt":{"rendered":"<p>Bilim Tarihinin ve Felsefesinin Katk\u0131s\u0131Fen \u00f6\u011fretmenlerinin ders verdikleri konunun tarihini ve felsefesini bilmesi neden gereklidir? Bu bilgi fen \u00f6\u011fretimini hangi y\u00f6nden zenginle\u015ftirir ve \u00f6\u011frencinin bu konuda<span class=\"excerpt-hellip\"> [\u2026]<\/span><\/p>\n","protected":false},"featured_media":0,"template":"","meta":{"_monsterinsights_skip_tracking":false,"_monsterinsights_sitenote_active":false,"_monsterinsights_sitenote_note":"","_monsterinsights_sitenote_category":0},"product_brand":[],"product_cat":[12573,12566],"product_tag":[],"class_list":{"0":"post-771341","1":"product","2":"type-product","3":"status-publish","5":"product_cat-akademik-kitaplar","6":"product_cat-egitim","7":"pa_cilt-ciltsiz","8":"pa_tur-kitap","9":"pa_yayinevi-bogazici-universitesi-yayinevi","10":"pa_yazar-michael-r-matthews","12":"first","13":"instock","14":"sale","15":"shipping-taxable","16":"purchasable","17":"product-type-simple"},"_links":{"self":[{"href":"https:\/\/roveyayinevi.com.tr\/index.php\/wp-json\/wp\/v2\/product\/771341","targetHints":{"allow":["GET"]}}],"collection":[{"href":"https:\/\/roveyayinevi.com.tr\/index.php\/wp-json\/wp\/v2\/product"}],"about":[{"href":"https:\/\/roveyayinevi.com.tr\/index.php\/wp-json\/wp\/v2\/types\/product"}],"wp:attachment":[{"href":"https:\/\/roveyayinevi.com.tr\/index.php\/wp-json\/wp\/v2\/media?parent=771341"}],"wp:term":[{"taxonomy":"product_brand","embeddable":true,"href":"https:\/\/roveyayinevi.com.tr\/index.php\/wp-json\/wp\/v2\/product_brand?post=771341"},{"taxonomy":"product_cat","embeddable":true,"href":"https:\/\/roveyayinevi.com.tr\/index.php\/wp-json\/wp\/v2\/product_cat?post=771341"},{"taxonomy":"product_tag","embeddable":true,"href":"https:\/\/roveyayinevi.com.tr\/index.php\/wp-json\/wp\/v2\/product_tag?post=771341"}],"curies":[{"name":"wp","href":"https:\/\/api.w.org\/{rel}","templated":true}]}}