{"id":771337,"date":"2025-08-28T15:01:51","date_gmt":"2025-08-28T12:01:51","guid":{"rendered":"https:\/\/roveyayinevi.com.tr\/index.php\/urun\/acik-bilim\/"},"modified":"2026-04-15T03:37:43","modified_gmt":"2026-04-15T00:37:43","slug":"acik-bilim","status":"publish","type":"product","link":"https:\/\/roveyayinevi.com.tr\/index.php\/urun\/acik-bilim\/","title":{"rendered":"A\u00e7\u0131k Bilim"},"content":{"rendered":"<p>Bilim art\u0131k uygar d\u00fcnyan\u0131n temel itici g\u00fcc\u00fc durumuna gelmi\u015ftir. Bug\u00fcn bilim; toplumsal, siyasal, ekonomik, estetik ve fikr\u00ee alanlar\u0131 ge\u00e7mi\u015fe nazaran \u00e7ok daha fazla d\u00f6n\u00fc\u015ft\u00fcrmektedir. Son on y\u0131l i\u00e7inde, insan genomu ve kozmik mikrodalga arka plan\u0131 haritaland\u0131r\u0131ld\u0131. Karanl\u0131k enerjinin varl\u0131\u011f\u0131 do\u011fruland\u0131, evrenin geni\u015fledi\u011fi anla\u015f\u0131ld\u0131 ve ya\u015f\u0131 belirlendi. Mars \u00fczerindeki okyanuslara dair bulgulara eri\u015ftik ve ilk defa ba\u015fka bir gezegenin, Sat\u00fcrn&#8217;\u00fcn ay\u0131na indik. B\u00fcy\u00fck Patlamay\u0131 taklit edebilecek bir makine in\u015fa ettik ve daha \u00f6nce insanl\u0131k tarihinde elde edilmi\u015f t\u00fcm verilerden daha fazla veriye ula\u015ft\u0131k. Bilim, kimiz ve nereden geliyoruz sorular\u0131na dair anlay\u0131\u015f\u0131m\u0131z\u0131 yeniden bi\u00e7imlendiriyor; de\u011ferler sistemimizi, d\u00fcnyaya ve birbirimize bak\u0131\u015f\u0131m\u0131z\u0131 modernle\u015ftiriyor. Bug\u00fcn bilim, uygarl\u0131\u011f\u0131m\u0131z\u0131n de\u011fi\u015fiminde ba\u015fat ve evrensel fail durumuna gelmi\u015ftir.Art\u0131k d\u00fcnyaya yeni bir g\u00f6zle bakmam\u0131z laz\u0131m. \u015eu kanaati per\u00e7inlemeliyiz: Bilgi iyidir, daha fazla bilgi daha da iyidir. T\u0131pk\u0131 on be\u015finci ve on alt\u0131nc\u0131 y\u00fczy\u0131l R\u00f6nesans\u0131ndaki gibi, gelece\u011fimizi \u015fekillendirecek unsur; bilgi toplama, sentezleme ve topluma uygulama y\u00f6ntemlerimizdeki devrimlerdir. Bir kez daha bilim, bizim i\u00e7in \u00fcr\u00fcnlerinden, yani ila\u00e7lardan ve teknolojilerden daha fazlas\u0131 anlam\u0131na gelecek; bilim, y\u00f6netilmesi gereken bir \u015fey olman\u0131n \u00f6tesine ge\u00e7ip, y\u00f6netmenin ve d\u00fc\u015f\u00fcnmenin y\u00f6ntemi olacak. A\u00e7\u0131k Bilim, bilimsel devrimin \u00f6n saflar\u0131nda dola\u015fan fizik\u00e7ilerin, yazarlar\u0131n, tasar\u0131mc\u0131lar\u0131n, mimarlar\u0131n, genetik\u00e7ilerin fikirlerini sohbetlerle aktar\u0131yor. ADAM BLY Seed dergisinin kurucusudur. Harvard ve Pekin \u00fcniversitelerinin yan\u0131 s\u0131ra, D\u00fcnya Ekonomik Forumu, \u0130ngiliz Kraliyet Akademisi, ABD Ulusal Bilimler Akademisi, \u00c7a\u011fda\u015f Sanat M\u00fczesi ve Geli\u015fmekte Olan \u00dclkelerin Bilimler Akademisi&#8217;nde bilimin gelece\u011fi ve toplumda de\u011fi\u015fen rol\u00fc \u00fczerine konferanslar vermi\u015ftir. Krali\u00e7e \u0130kinci Elizabeth Alt\u0131n J\u00fcbile Madalyas\u0131&#8217;na lay\u0131k g\u00f6r\u00fclm\u00fc\u015f, D\u00fcnya Ekonomik Forumu&#8217;nda &#8220;Gen\u00e7 K\u00fcresel Lider&#8221; olarak nitelenmi\u015ftir. Kanada&#8217;n\u0131n Montreal kentinde b\u00fcy\u00fcm\u00fc\u015f, orada bir laboratuarda kanserin biyokimyas\u0131 \u00fczerine \u00e7al\u0131\u015fm\u0131\u015ft\u0131r. New York&#8217;ta ya\u015famaktad\u0131r.<\/p>\n","protected":false},"excerpt":{"rendered":"<p>Bilim art\u0131k uygar d\u00fcnyan\u0131n temel itici g\u00fcc\u00fc durumuna gelmi\u015ftir. Bug\u00fcn bilim; toplumsal, siyasal, ekonomik, estetik ve fikr\u00ee alanlar\u0131 ge\u00e7mi\u015fe nazaran \u00e7ok daha fazla d\u00f6n\u00fc\u015ft\u00fcrmektedir. Son on<span class=\"excerpt-hellip\"> [\u2026]<\/span><\/p>\n","protected":false},"featured_media":0,"template":"","meta":{"_monsterinsights_skip_tracking":false,"_monsterinsights_sitenote_active":false,"_monsterinsights_sitenote_note":"","_monsterinsights_sitenote_category":0},"product_brand":[],"product_cat":[12291,30969],"product_tag":[],"class_list":{"0":"post-771337","1":"product","2":"type-product","3":"status-publish","5":"product_cat-edebiyat","6":"product_cat-soylesi-edebiyat","7":"pa_cilt-ciltsiz","8":"pa_tur-kitap","9":"pa_yayinevi-bogazici-universitesi-yayinevi","10":"pa_yazar-adam-bly","12":"first","13":"instock","14":"sale","15":"shipping-taxable","16":"purchasable","17":"product-type-simple"},"_links":{"self":[{"href":"https:\/\/roveyayinevi.com.tr\/index.php\/wp-json\/wp\/v2\/product\/771337","targetHints":{"allow":["GET"]}}],"collection":[{"href":"https:\/\/roveyayinevi.com.tr\/index.php\/wp-json\/wp\/v2\/product"}],"about":[{"href":"https:\/\/roveyayinevi.com.tr\/index.php\/wp-json\/wp\/v2\/types\/product"}],"wp:attachment":[{"href":"https:\/\/roveyayinevi.com.tr\/index.php\/wp-json\/wp\/v2\/media?parent=771337"}],"wp:term":[{"taxonomy":"product_brand","embeddable":true,"href":"https:\/\/roveyayinevi.com.tr\/index.php\/wp-json\/wp\/v2\/product_brand?post=771337"},{"taxonomy":"product_cat","embeddable":true,"href":"https:\/\/roveyayinevi.com.tr\/index.php\/wp-json\/wp\/v2\/product_cat?post=771337"},{"taxonomy":"product_tag","embeddable":true,"href":"https:\/\/roveyayinevi.com.tr\/index.php\/wp-json\/wp\/v2\/product_tag?post=771337"}],"curies":[{"name":"wp","href":"https:\/\/api.w.org\/{rel}","templated":true}]}}