{"id":771335,"date":"2025-08-28T15:01:47","date_gmt":"2025-08-28T12:01:47","guid":{"rendered":"https:\/\/roveyayinevi.com.tr\/index.php\/urun\/bizim-hatamiz\/"},"modified":"2026-04-03T03:29:26","modified_gmt":"2026-04-03T00:29:26","slug":"bizim-hatamiz","status":"publish","type":"product","link":"https:\/\/roveyayinevi.com.tr\/index.php\/urun\/bizim-hatamiz\/","title":{"rendered":"Bizim Hatam\u0131z"},"content":{"rendered":"<p>Amazon Prime\u2019\u0131n En Sevilen Filmlerinden Culpa M\u013aa \u00dc\u00e7lemesinin Merakla Beklenen Final Kitab\u0131 Bizim Hatam\u0131z, Unutulmaz Bir Sonla Kar\u015f\u0131n\u0131zda!   Annesiyle birlikte Amerika\u2019ya yerle\u015ftikten sonra t\u00fcm hayat\u0131 de\u011fi\u015fen Noah ile g\u00f6r\u00fcnd\u00fc\u011f\u00fcnden \u00e7ok ba\u015fka bir hayata sahip Nick\u2019in d\u00fc\u015fmanl\u0131ktan kar\u015f\u0131 konulmaz bir a\u015fka d\u00f6n\u00fc\u015fen hik\u00e2yesi hayranlar\u0131n\u0131 derinden sarsacak!   Nick ve Noah i\u00e7in karanl\u0131k ger\u00e7eklerle y\u00fczle\u015fme zaman\u0131&#8230; Art\u0131k ikisi de iyi biliyor ki hi\u00e7bir \u015fey eskisi gibi olmayacak. Noah ayr\u0131l\u0131\u011f\u0131n karanl\u0131k kuyusundan \u00e7\u0131kmak ve Nick olmadan kendi yolunda y\u00fcr\u00fcmeyi \u00f6\u011frenmek zorunda. Nick ise Noah\u2019y\u0131 affetmemesinin a\u011f\u0131rl\u0131\u011f\u0131yla ya\u015famaya mecbur. En yak\u0131n arkada\u015flar\u0131 Jenna ve Lion\u2019\u0131n d\u00fc\u011f\u00fcn\u00fc ikisi i\u00e7in de son bir \u015fans. Affetmek imk\u00e2ns\u0131z gibi g\u00f6r\u00fcn\u00fcrken aralar\u0131ndaki e\u015fsiz ba\u011f ve kalplerine kaz\u0131nm\u0131\u015f an\u0131lar ge\u00e7mi\u015fin \u00fcstesinden gelmeye yetecek mi? Yoksa ikisi i\u00e7in de en do\u011frusu sonsuza kadar ayr\u0131 kalmak m\u0131?   Romanlar\u0131yla \u0130spanya\u2019da sat\u0131\u015f rekorlar\u0131 k\u0131ran, BookTook d\u00fcnyas\u0131n\u0131 kas\u0131p kavuran Mercedes Ron, bu unutulmaz seriye muhte\u015fem bir sonla veda ediyor. Bizim Hatam\u0131z, tutku ve gerilim dolu hik\u00e2yesiyle hayranlar\u0131n\u0131n dilinden uzun s\u00fcre d\u00fc\u015fmeyecek. <\/p>\n","protected":false},"excerpt":{"rendered":"<p>Amazon Prime\u2019\u0131n En Sevilen Filmlerinden Culpa M\u013aa \u00dc\u00e7lemesinin Merakla Beklenen Final Kitab\u0131 Bizim Hatam\u0131z, Unutulmaz Bir Sonla Kar\u015f\u0131n\u0131zda! Annesiyle birlikte Amerika\u2019ya yerle\u015ftikten sonra t\u00fcm hayat\u0131 de\u011fi\u015fen<span class=\"excerpt-hellip\"> [\u2026]<\/span><\/p>\n","protected":false},"featured_media":0,"template":"","meta":{"_monsterinsights_skip_tracking":false,"_monsterinsights_sitenote_active":false,"_monsterinsights_sitenote_note":"","_monsterinsights_sitenote_category":0},"product_brand":[],"product_cat":[12274,12284],"product_tag":[],"class_list":{"0":"post-771335","1":"product","2":"type-product","3":"status-publish","5":"product_cat-cocuk-ve-genclik-kitaplari","6":"product_cat-hikayeler","7":"pa_cilt-ciltsiz","8":"pa_tur-kitap","9":"pa_yayinevi-epsilon-yayinlari","10":"pa_yazar-mercedes-ron","12":"first","13":"instock","14":"sale","15":"shipping-taxable","16":"purchasable","17":"product-type-simple"},"_links":{"self":[{"href":"https:\/\/roveyayinevi.com.tr\/index.php\/wp-json\/wp\/v2\/product\/771335","targetHints":{"allow":["GET"]}}],"collection":[{"href":"https:\/\/roveyayinevi.com.tr\/index.php\/wp-json\/wp\/v2\/product"}],"about":[{"href":"https:\/\/roveyayinevi.com.tr\/index.php\/wp-json\/wp\/v2\/types\/product"}],"wp:attachment":[{"href":"https:\/\/roveyayinevi.com.tr\/index.php\/wp-json\/wp\/v2\/media?parent=771335"}],"wp:term":[{"taxonomy":"product_brand","embeddable":true,"href":"https:\/\/roveyayinevi.com.tr\/index.php\/wp-json\/wp\/v2\/product_brand?post=771335"},{"taxonomy":"product_cat","embeddable":true,"href":"https:\/\/roveyayinevi.com.tr\/index.php\/wp-json\/wp\/v2\/product_cat?post=771335"},{"taxonomy":"product_tag","embeddable":true,"href":"https:\/\/roveyayinevi.com.tr\/index.php\/wp-json\/wp\/v2\/product_tag?post=771335"}],"curies":[{"name":"wp","href":"https:\/\/api.w.org\/{rel}","templated":true}]}}