{"id":771332,"date":"2025-08-28T15:01:41","date_gmt":"2025-08-28T12:01:41","guid":{"rendered":"https:\/\/roveyayinevi.com.tr\/index.php\/urun\/finansal-krizleri-yanlis-anlamak\/"},"modified":"2026-04-15T03:37:43","modified_gmt":"2026-04-15T00:37:43","slug":"finansal-krizleri-yanlis-anlamak","status":"publish","type":"product","link":"https:\/\/roveyayinevi.com.tr\/index.php\/urun\/finansal-krizleri-yanlis-anlamak\/","title":{"rendered":"Finansal Krizleri Yanl\u0131\u015f Anlamak"},"content":{"rendered":"<p>2007\u2019den \u00f6nce ekonomistler, ABD&#8217;de bir daha finansal kriz ya\u015fanmayaca\u011f\u0131n\u0131 d\u00fc\u015f\u00fcn\u00fcyordu. Gary B. Gorton, finansal krizlerin ne oldu\u011fu, neden \u00e7\u0131kt\u0131\u011f\u0131, 1934 ile 2007 aras\u0131nda ABD\u2019de neden hi\u00e7 kriz g\u00f6r\u00fclmedi\u011fi gibi olgular\u0131n ekonomistlerce yanl\u0131\u015f anla\u015f\u0131ld\u0131\u011f\u0131n\u0131 ileri s\u00fcr\u00fcyor.Finansal Krizleri Yanl\u0131\u015f Anlamak, krizlerin ne t\u00fcr ko\u015fullarda patlad\u0131\u011f\u0131n\u0131 ve birbiriyle ili\u015fkisini ortaya koyuyor. Finansal krizlerin asl\u0131nda finans sisteminin \u00f6z\u00fcnde bulundu\u011funu belirten Gorton, ekonomistlerin, sermaye piyasalar\u0131nda ve bankac\u0131l\u0131k sisteminde ya\u015fanan evrim, yeni finans enstr\u00fcmanlar\u0131, yeni para piyasalar\u0131n\u0131n boyutu gibi \u00f6nemli hususlar\u0131 \u0131skalad\u0131\u011f\u0131n\u0131 ileri s\u00fcr\u00fcyor.Sistemik krizlerin ya\u015fanmad\u0131\u011f\u0131 1934-2007 aras\u0131ndaki \u201cSakin D\u00f6nem\u201di \u201c2007-2008 Pani\u011fi\u201dyle k\u0131yaslayan Gorton, banka borcu ve likidite, kredilerde ani art\u0131\u015flar, ahlaki tehlikeler ve kurumlar\u0131n batamayacak-kadar-b\u00fcy\u00fck olmas\u0131 gibi kilit meseleleri, aralar\u0131ndaki ili\u015fkiyi g\u00f6stererek de\u011ferlendiriyor.1934\u2019ten beri krizleri \u00f6nleyen ba\u015far\u0131l\u0131 d\u00fczenlemelerin finans sekt\u00f6r\u00fcndeki yeniliklere yeterince ayak uyduramad\u0131\u011f\u0131n\u0131, bunun sebebinin de k\u0131smen ekonomistlerin yanl\u0131\u015f anlamalar\u0131 oldu\u011funu ileri s\u00fcren Gorton, Finansal Krizleri Yanl\u0131\u015f Anlamak\u2019ta g\u00fcn\u00fcm\u00fcz piyasalar\u0131n\u0131 anlamam\u0131z\u0131 ve gelecekteki olas\u0131 finansal felaketleri \u00f6ng\u00f6rmemizi sa\u011flayacak taze bir bak\u0131\u015f a\u00e7\u0131s\u0131 sunuyor.<\/p>\n","protected":false},"excerpt":{"rendered":"<p>2007\u2019den \u00f6nce ekonomistler, ABD&#8217;de bir daha finansal kriz ya\u015fanmayaca\u011f\u0131n\u0131 d\u00fc\u015f\u00fcn\u00fcyordu. Gary B. Gorton, finansal krizlerin ne oldu\u011fu, neden \u00e7\u0131kt\u0131\u011f\u0131, 1934 ile 2007 aras\u0131nda ABD\u2019de neden hi\u00e7<span class=\"excerpt-hellip\"> [\u2026]<\/span><\/p>\n","protected":false},"featured_media":0,"template":"","meta":{"_monsterinsights_skip_tracking":false,"_monsterinsights_sitenote_active":false,"_monsterinsights_sitenote_note":"","_monsterinsights_sitenote_category":0},"product_brand":[],"product_cat":[14841,13043],"product_tag":[],"class_list":{"0":"post-771332","1":"product","2":"type-product","3":"status-publish","5":"product_cat-arastirma-inceleme-kuram","6":"product_cat-ekonomi","7":"pa_cilt-ciltsiz","8":"pa_tur-kitap","9":"pa_yayinevi-bogazici-universitesi-yayinevi","10":"pa_yazar-gary-b-gorton","12":"first","13":"instock","14":"sale","15":"shipping-taxable","16":"purchasable","17":"product-type-simple"},"_links":{"self":[{"href":"https:\/\/roveyayinevi.com.tr\/index.php\/wp-json\/wp\/v2\/product\/771332","targetHints":{"allow":["GET"]}}],"collection":[{"href":"https:\/\/roveyayinevi.com.tr\/index.php\/wp-json\/wp\/v2\/product"}],"about":[{"href":"https:\/\/roveyayinevi.com.tr\/index.php\/wp-json\/wp\/v2\/types\/product"}],"wp:attachment":[{"href":"https:\/\/roveyayinevi.com.tr\/index.php\/wp-json\/wp\/v2\/media?parent=771332"}],"wp:term":[{"taxonomy":"product_brand","embeddable":true,"href":"https:\/\/roveyayinevi.com.tr\/index.php\/wp-json\/wp\/v2\/product_brand?post=771332"},{"taxonomy":"product_cat","embeddable":true,"href":"https:\/\/roveyayinevi.com.tr\/index.php\/wp-json\/wp\/v2\/product_cat?post=771332"},{"taxonomy":"product_tag","embeddable":true,"href":"https:\/\/roveyayinevi.com.tr\/index.php\/wp-json\/wp\/v2\/product_tag?post=771332"}],"curies":[{"name":"wp","href":"https:\/\/api.w.org\/{rel}","templated":true}]}}