{"id":771330,"date":"2025-08-28T15:01:36","date_gmt":"2025-08-28T12:01:36","guid":{"rendered":"https:\/\/roveyayinevi.com.tr\/index.php\/urun\/dar-zamanlar-seti-4-kitap-takim\/"},"modified":"2026-04-15T03:37:43","modified_gmt":"2026-04-15T00:37:43","slug":"dar-zamanlar-seti-4-kitap-takim","status":"publish","type":"product","link":"https:\/\/roveyayinevi.com.tr\/index.php\/urun\/dar-zamanlar-seti-4-kitap-takim\/","title":{"rendered":"Dar Zamanlar Seti &#8211; 4 Kitap Tak\u0131m"},"content":{"rendered":"<p>\u2022    \u00d6lmeye Yatmak \u2022    Bir D\u00fc\u011f\u00fcn Gecesi \u2022    Hay\u0131r\u2026 \u2022    Dert Dinleme Uzman\u0131Adalet A\u011fao\u011flu, insan ruhunu derinlemesine analiz eden psikolojik \u00e7\u00f6z\u00fcmlemeleri ve ele\u015ftirel ger\u00e7ek\u00e7i tavr\u0131yla modern T\u00fcrk edebiyat\u0131n\u0131n en g\u00fc\u00e7l\u00fc kalemlerinden biridir. A\u011fao\u011flu&#8217;nun \u201cDar Zamanlar\u201d serisi, T\u00fcrkiye&#8217;nin toplumsal ve siyasal de\u011fi\u015fimlerinin bireylerin hayatlar\u0131nda yaratt\u0131\u011f\u0131 daralmalar\u0131, \u00f6zellikle kad\u0131nlar\u0131n \u00f6zg\u00fcrl\u00fck aray\u0131\u015flar\u0131 ve i\u00e7sel \u00e7at\u0131\u015fmalar\u0131 \u00fczerinden derinlemesine ele al\u0131r. Serinin ilk roman\u0131 \u00d6lmeye Yatmak (1973), T\u00fcrkiye Cumhuriyeti&#8217;nin kurulu\u015f y\u0131llar\u0131ndan 1970&#8217;lere kadar ge\u00e7en s\u00fcrede ya\u015fanan toplumsal ve siyasi d\u00f6n\u00fc\u015f\u00fcmleri Aysel karakterinin ya\u015fam\u0131 \u00fczerinden anlat\u0131r. Bir    D\u00fc\u011f\u00fcn    Gecesi    (1979),        T\u00fcrkiye&#8217;nin        darbe d\u00f6neminde ya\u015fanan siyasal ve toplumsal kaosu, bir d\u00fc\u011f\u00fcn gecesinde toplanan farkl\u0131 karakterlerin i\u00e7 d\u00fcnyalar\u0131ndaki \u00e7at\u0131\u015fmalara paralel bir \u015fekilde i\u015fler.  Hay\u0131r&#8230; (1987),    T\u00fcrkiye&#8217;nin    1980    darbesi        sonras\u0131 d\u00f6nemde ya\u015fad\u0131\u011f\u0131 sanc\u0131lar\u0131, bireylerin hayat\u0131nda a\u00e7\u0131lan derin yaralar \u00fczerinden g\u00f6zler \u00f6n\u00fcne serer.  Serinin d\u00f6rd\u00fcnc\u00fc ve son roman\u0131 Dert Dinleme Uzman\u0131 (2014),        ba\u015fkalar\u0131n\u0131n    dertlerini    dinleyen, dinlerken de t\u00fckenen bir adam\u0131n g\u00f6z\u00fcnden bireyin kendi hayat\u0131yla ve \u00e7evresiyle ya\u015fad\u0131\u011f\u0131 \u00e7at\u0131\u015fmalara odaklan\u0131r.<\/p>\n","protected":false},"excerpt":{"rendered":"<p>\u2022 \u00d6lmeye Yatmak \u2022 Bir D\u00fc\u011f\u00fcn Gecesi \u2022 Hay\u0131r\u2026 \u2022 Dert Dinleme Uzman\u0131Adalet A\u011fao\u011flu, insan ruhunu derinlemesine analiz eden psikolojik \u00e7\u00f6z\u00fcmlemeleri ve ele\u015ftirel ger\u00e7ek\u00e7i tavr\u0131yla modern<span class=\"excerpt-hellip\"> [\u2026]<\/span><\/p>\n","protected":false},"featured_media":0,"template":"","meta":{"_monsterinsights_skip_tracking":false,"_monsterinsights_sitenote_active":false,"_monsterinsights_sitenote_note":"","_monsterinsights_sitenote_category":0},"product_brand":[],"product_cat":[12291,12292],"product_tag":[],"class_list":{"0":"post-771330","1":"product","2":"type-product","3":"status-publish","5":"product_cat-edebiyat","6":"product_cat-turk-edebiyati","7":"pa_cilt-ciltsiz","8":"pa_tur-kitap","9":"pa_yayinevi-bogazici-universitesi-yayinevi","10":"pa_yazar-adalet-agaoglu","12":"first","13":"instock","14":"sale","15":"shipping-taxable","16":"purchasable","17":"product-type-simple"},"_links":{"self":[{"href":"https:\/\/roveyayinevi.com.tr\/index.php\/wp-json\/wp\/v2\/product\/771330","targetHints":{"allow":["GET"]}}],"collection":[{"href":"https:\/\/roveyayinevi.com.tr\/index.php\/wp-json\/wp\/v2\/product"}],"about":[{"href":"https:\/\/roveyayinevi.com.tr\/index.php\/wp-json\/wp\/v2\/types\/product"}],"wp:attachment":[{"href":"https:\/\/roveyayinevi.com.tr\/index.php\/wp-json\/wp\/v2\/media?parent=771330"}],"wp:term":[{"taxonomy":"product_brand","embeddable":true,"href":"https:\/\/roveyayinevi.com.tr\/index.php\/wp-json\/wp\/v2\/product_brand?post=771330"},{"taxonomy":"product_cat","embeddable":true,"href":"https:\/\/roveyayinevi.com.tr\/index.php\/wp-json\/wp\/v2\/product_cat?post=771330"},{"taxonomy":"product_tag","embeddable":true,"href":"https:\/\/roveyayinevi.com.tr\/index.php\/wp-json\/wp\/v2\/product_tag?post=771330"}],"curies":[{"name":"wp","href":"https:\/\/api.w.org\/{rel}","templated":true}]}}