{"id":771329,"date":"2025-08-28T15:01:35","date_gmt":"2025-08-28T12:01:35","guid":{"rendered":"https:\/\/roveyayinevi.com.tr\/index.php\/urun\/sir-gerard-clausonun-mektuplari-the-correspondence-of-sir-gerard-clauson\/"},"modified":"2026-04-15T03:37:43","modified_gmt":"2026-04-15T00:37:43","slug":"sir-gerard-clausonun-mektuplari-the-correspondence-of-sir-gerard-clauson","status":"publish","type":"product","link":"https:\/\/roveyayinevi.com.tr\/index.php\/urun\/sir-gerard-clausonun-mektuplari-the-correspondence-of-sir-gerard-clauson\/","title":{"rendered":"Sir Gerard Clauson&#8217;un Mektuplar\u0131 \/ The Correspondence of Sir Gerard Clauson"},"content":{"rendered":"<p>T\u00fcrkler ilk defa ne zaman ve nerede ortaya \u00e7\u0131kt\u0131lar? T\u00fcrklerin Orta Asya&#8217;daki kom\u015fular\u0131 kimlerdi? Onlarla olan temaslar\u0131 ve etkile\u015fimleri nas\u0131ld\u0131? Hunlar T\u00fcrk m\u00fcyd\u00fc, yoksa ba\u015fka bir kavim miydi? Eski T\u00fcrk\u00e7e, Mo\u011folca ve Man\u00e7u-Tunguz dilleriyle akraba m\u0131yd\u0131? Eski T\u00fcrk alfabesinin k\u00f6keni neydi; kimin taraf\u0131ndan nerede, ne zaman ve nas\u0131l v\u00fccuda getirildi? Eski T\u00fcrk\u00e7enin en kapsaml\u0131 etimolojik s\u00f6zl\u00fc\u011f\u00fc olan An Etymological Dictionary of Pre-Thirteenth Century Turkish&#8217;in yazar\u0131 me\u015fhur \u0130ngiliz T\u00fcrkolog Sir Gerard Clauson&#8217;un, Tuva uzman\u0131 Rus T\u00fcrkolog Leonid Potapov&#8217;a yazd\u0131\u011f\u0131 mektuplar\u0131 okurken Clauson&#8217;un bu sorulara verdi\u011fi cevaplar\u0131 da bulacaks\u0131n\u0131z.When and where did the Turks first emerge? Who were the neighbours of the Turks when they first emerged in Central Asia, what was the contacts an interactions of the Turks with them like? Was Old Turkish related to Mongolian and Manchu-Tungus? What was the origin of the Old Turkish alphabet, and when, where, how and by whom was it invented? While reading the letters of Sir Gerard Clauson, the famous English Turkologist and author of An Etymological Dictionary of Pre-Thirteenth Century Turkish, the most comprehensive etymological dictionary of Old Turkish, to the Russian Turkologist and Tuva expert Leonid Potapov, you will also find Clauson&#8217;s answers to these questions.<\/p>\n","protected":false},"excerpt":{"rendered":"<p>T\u00fcrkler ilk defa ne zaman ve nerede ortaya \u00e7\u0131kt\u0131lar? T\u00fcrklerin Orta Asya&#8217;daki kom\u015fular\u0131 kimlerdi? Onlarla olan temaslar\u0131 ve etkile\u015fimleri nas\u0131ld\u0131? Hunlar T\u00fcrk m\u00fcyd\u00fc, yoksa ba\u015fka bir<span class=\"excerpt-hellip\"> [\u2026]<\/span><\/p>\n","protected":false},"featured_media":0,"template":"","meta":{"_monsterinsights_skip_tracking":false,"_monsterinsights_sitenote_active":false,"_monsterinsights_sitenote_note":"","_monsterinsights_sitenote_category":0},"product_brand":[],"product_cat":[12312,12304],"product_tag":[],"class_list":{"0":"post-771329","1":"product","2":"type-product","3":"status-publish","5":"product_cat-diger","6":"product_cat-tarih","7":"pa_cilt-ciltsiz","8":"pa_tur-kitap","9":"pa_yayinevi-bogazici-universitesi-yayinevi","10":"pa_yazar-sir-gerard-clauson","12":"first","13":"instock","14":"sale","15":"shipping-taxable","16":"purchasable","17":"product-type-simple"},"_links":{"self":[{"href":"https:\/\/roveyayinevi.com.tr\/index.php\/wp-json\/wp\/v2\/product\/771329","targetHints":{"allow":["GET"]}}],"collection":[{"href":"https:\/\/roveyayinevi.com.tr\/index.php\/wp-json\/wp\/v2\/product"}],"about":[{"href":"https:\/\/roveyayinevi.com.tr\/index.php\/wp-json\/wp\/v2\/types\/product"}],"wp:attachment":[{"href":"https:\/\/roveyayinevi.com.tr\/index.php\/wp-json\/wp\/v2\/media?parent=771329"}],"wp:term":[{"taxonomy":"product_brand","embeddable":true,"href":"https:\/\/roveyayinevi.com.tr\/index.php\/wp-json\/wp\/v2\/product_brand?post=771329"},{"taxonomy":"product_cat","embeddable":true,"href":"https:\/\/roveyayinevi.com.tr\/index.php\/wp-json\/wp\/v2\/product_cat?post=771329"},{"taxonomy":"product_tag","embeddable":true,"href":"https:\/\/roveyayinevi.com.tr\/index.php\/wp-json\/wp\/v2\/product_tag?post=771329"}],"curies":[{"name":"wp","href":"https:\/\/api.w.org\/{rel}","templated":true}]}}