{"id":771327,"date":"2025-08-28T15:01:33","date_gmt":"2025-08-28T12:01:33","guid":{"rendered":"https:\/\/roveyayinevi.com.tr\/index.php\/urun\/cubuklarin-mukavemeti-ciltli\/"},"modified":"2026-04-15T03:37:43","modified_gmt":"2026-04-15T00:37:43","slug":"cubuklarin-mukavemeti-ciltli","status":"publish","type":"product","link":"https:\/\/roveyayinevi.com.tr\/index.php\/urun\/cubuklarin-mukavemeti-ciltli\/","title":{"rendered":"\u00c7ubuklar\u0131n Mukavemeti (Ciltli)"},"content":{"rendered":"<p>Temel KonularUzun bir ge\u00e7mi\u015fi olan kat\u0131 cisimler mekani\u011fi, T\u00fcrk\u00e7edeki yayg\u0131n ismiyle mukavemet, bir\u00e7ok m\u00fchendislik dal\u0131 i\u00e7in vazge\u00e7ilmez \u00f6neme sahip temel bir konudur. Mukavemetin hem geni\u015f kapsaml\u0131 olu\u015fu hem de yeni malzeme, kuram ve \u00e7\u00f6z\u00fcm teknikleriyle daha da geni\u015flemeye devam etmesi y\u00fcz\u00fcnden tek bir kitapta ele al\u0131nmas\u0131 m\u00fcmk\u00fcn de\u011fildir. \u00d6te yandan m\u00fchendislik e\u011fitiminde, klasik malzemelerden \u00fcretilmi\u015f ve uygulamada s\u0131kl\u0131kla kullan\u0131lan yap\u0131 elemanlar\u0131yla ilgili temel bilgilerin ele al\u0131nmas\u0131, genellikle lisans e\u011fitimi s\u0131ras\u0131nda ger\u00e7ekle\u015fir. \u00c7ubuklar\u0131n Mukavemeti b\u00f6yle bir temel e\u011fitimde yer almas\u0131 beklenebilecek konu ba\u015fl\u0131klar\u0131n\u0131 i\u00e7ermektedir. Ku\u015fkusuz hakk\u0131nda bir\u00e7ok dilde \u00e7ok say\u0131da kitap yaz\u0131lm\u0131\u015f bir alanla ilgili t\u00fcm\u00fcyle yeni bir\u015feyler s\u00f6ylemek zor olsa da, gerek eldeki bilgilerin derlenip d\u00fczenlenmesi ve aktar\u0131lmas\u0131 s\u0131ras\u0131nda g\u00f6zetilen ayr\u0131nt\u0131lar gerekse payla\u015f\u0131lan ki\u015fisel deneyimler okuyucuya farkl\u0131 bak\u0131\u015f a\u00e7\u0131lar\u0131 kazand\u0131racakt\u0131r. Bu kitapta, yazarlar\u0131n\u0131n Bo\u011fazi\u00e7i \u00dcniversitesi ve Orta Do\u011fu Teknik \u00dcniversitesi\u2019nde edindikleri deneyimlerine dayanarak yapt\u0131klar\u0131 ortak \u00e7al\u0131\u015fmayla, iki esas ama\u00e7 g\u00f6zetilmi\u015ftir. Bunlardan ilki, konular\u0131n daha en ba\u015f\u0131ndan uygulama deneyimleriyle aktar\u0131lmas\u0131, uygulamalardan esinlenilmi\u015f \u00e7ok say\u0131da \u00f6rnek bar\u0131nd\u0131rmas\u0131 ve konunun yaln\u0131z matemati\u011fine de\u011fil ayn\u0131 zamanda, hatta daha fazlas\u0131yla, fizi\u011fine vurgu yap\u0131lmas\u0131d\u0131r. \u0130kinci ama\u00e7 ise yazarlar\u0131n\u0131n \u00e7ok \u00f6nem verdi\u011fi T\u00fcrk\u00e7e bilim dilinin yerle\u015fmesi ve geli\u015fmesine katk\u0131 sa\u011flamakt\u0131r.<\/p>\n","protected":false},"excerpt":{"rendered":"<p>Temel KonularUzun bir ge\u00e7mi\u015fi olan kat\u0131 cisimler mekani\u011fi, T\u00fcrk\u00e7edeki yayg\u0131n ismiyle mukavemet, bir\u00e7ok m\u00fchendislik dal\u0131 i\u00e7in vazge\u00e7ilmez \u00f6neme sahip temel bir konudur. Mukavemetin hem geni\u015f kapsaml\u0131<span class=\"excerpt-hellip\"> [\u2026]<\/span><\/p>\n","protected":false},"featured_media":0,"template":"","meta":{"_monsterinsights_skip_tracking":false,"_monsterinsights_sitenote_active":false,"_monsterinsights_sitenote_note":"","_monsterinsights_sitenote_category":0},"product_brand":[],"product_cat":[13005,37328],"product_tag":[],"class_list":{"0":"post-771327","1":"product","2":"type-product","3":"status-publish","5":"product_cat-bilim-muhendislik","6":"product_cat-diger-bilim-muhendislik","7":"pa_cilt-ciltli","8":"pa_tur-kitap","9":"pa_yayinevi-bogazici-universitesi-yayinevi","10":"pa_yazar-erdem-canbay","12":"first","13":"instock","14":"sale","15":"shipping-taxable","16":"purchasable","17":"product-type-simple"},"_links":{"self":[{"href":"https:\/\/roveyayinevi.com.tr\/index.php\/wp-json\/wp\/v2\/product\/771327","targetHints":{"allow":["GET"]}}],"collection":[{"href":"https:\/\/roveyayinevi.com.tr\/index.php\/wp-json\/wp\/v2\/product"}],"about":[{"href":"https:\/\/roveyayinevi.com.tr\/index.php\/wp-json\/wp\/v2\/types\/product"}],"wp:attachment":[{"href":"https:\/\/roveyayinevi.com.tr\/index.php\/wp-json\/wp\/v2\/media?parent=771327"}],"wp:term":[{"taxonomy":"product_brand","embeddable":true,"href":"https:\/\/roveyayinevi.com.tr\/index.php\/wp-json\/wp\/v2\/product_brand?post=771327"},{"taxonomy":"product_cat","embeddable":true,"href":"https:\/\/roveyayinevi.com.tr\/index.php\/wp-json\/wp\/v2\/product_cat?post=771327"},{"taxonomy":"product_tag","embeddable":true,"href":"https:\/\/roveyayinevi.com.tr\/index.php\/wp-json\/wp\/v2\/product_tag?post=771327"}],"curies":[{"name":"wp","href":"https:\/\/api.w.org\/{rel}","templated":true}]}}