{"id":771326,"date":"2025-08-28T15:01:31","date_gmt":"2025-08-28T12:01:31","guid":{"rendered":"https:\/\/roveyayinevi.com.tr\/index.php\/urun\/nano-gelecek\/"},"modified":"2026-04-15T03:37:43","modified_gmt":"2026-04-15T00:37:43","slug":"nano-gelecek","status":"publish","type":"product","link":"https:\/\/roveyayinevi.com.tr\/index.php\/urun\/nano-gelecek\/","title":{"rendered":"Nano Gelecek"},"content":{"rendered":"<p>Sanayi devrimi, ya\u015fam tarz\u0131m\u0131z\u0131 d\u00f6n\u00fc\u015ft\u00fcrd\u00fc; bireylerin ortalama \u00f6mr\u00fcn\u00fc iki kat\u0131na \u00e7\u0131kard\u0131 ve b\u00fct\u00fcn\u00fcyle k\u00fcresel olan uygarl\u0131klar\u0131n do\u011fu\u015funu m\u00fcmk\u00fcn k\u0131ld\u0131. Peki, nanoteknolojinin etkisi bu gibi bir d\u00f6n\u00fc\u015f\u00fcmle boy \u00f6l\u00e7\u00fc\u015febilecek b\u00fcy\u00fckl\u00fckte midir; kimilerinin \u00f6ne s\u00fcrd\u00fc\u011f\u00fc gibi ikinci bir sanayi devrimi olacak m\u0131d\u0131r?Nanoteknoloji, \u015fimdiden b\u00fcnyesinde kayda de\u011fer icatlar bar\u0131nd\u0131r\u0131yor, \u00fcstelik daha da fazlas\u0131 kuramc\u0131lar\u0131n laboratuvarlar\u0131nda ve bilgisayarlar\u0131nda haz\u0131r bekliyor. Biyolojik mekanizmalar\u0131n becerilerini geleneksel mekanizmalar\u0131n becerileriyle birle\u015ftirmek m\u00fcmk\u00fcn olabilir mi? Ba\u015fka bir deyi\u015fle kendi kendilerine olu\u015fan, kendilerini tamir eden, fabrikalar olmaks\u0131z\u0131n \u00e7o\u011falan ve tohumlardan filizlenen makinelerimiz olabilir mi? Ya\u015fam\u0131n maharetini ve uyum g\u00f6sterme yetene\u011fini, jumbo jetlerin g\u00fcc\u00fcn\u00fc, elektrikli motorlar\u0131n verimini, bilgisayarlar\u0131n \u015fa\u015fmazl\u0131\u011f\u0131n\u0131 b\u00fcnyesinde bar\u0131nd\u0131ran bir teknolojiye sahip olabilir miyiz? Ne kadar dahice olursa olsun birtak\u0131m yeni icatlar\u0131n, k\u00fc\u00e7\u00fck bir teknoloji dal\u0131n\u0131 a\u015f\u0131p d\u00fcnyay\u0131 de\u011fi\u015ftirip de\u011fi\u015ftiremeyece\u011fine nas\u0131l karar verebiliriz? \u0130\u015fte Nanogelecek, bu sorular\u0131n cevaplar\u0131n\u0131 vermeye \u00e7al\u0131\u015f\u0131yor.J. Storrs Halla g\u00f6re nanoteknoloji olgunla\u015ft\u0131k\u00e7a, bug\u00fcn yaz\u0131l\u0131m d\u00fcnyas\u0131nda oldu\u011fu gibi, en \u00e7etin sorunlar\u0131n gerektirdi\u011fi muazzam \u00e7abalardan tasarruf etme imk\u00e2n\u0131 fiziksel d\u00fcnyada da s\u00f6z konusu olacak. Uzayda ya\u015fam mevcut teknolojiyle hem tehlikelidir hem de yan\u0131na yakla\u015f\u0131lmayacak kadar pahal\u0131; fakat ileri nanoteknoloji sayesinde ucuz, kolay ve g\u00fcvenli olacak. Yeteneklerimizi art\u0131rmak i\u00e7in benimsedi\u011fimiz teknolojiler bizi \u00f6ng\u00f6rmedi\u011fimiz boyutlarda de\u011fi\u015ftirmi\u015ftir. Bug\u00fcn\u00fcn k\u00fclt\u00fcr\u00fcyle y\u00fczy\u0131l \u00f6ncesinin k\u00fclt\u00fcr\u00fcn\u00fc kar\u015f\u0131la\u015ft\u0131r\u0131rsak, artan ula\u015f\u0131m ve ileti\u015fim imk\u00e2nlar\u0131 sayesinde, zihniyetimizin hat\u0131r\u0131 say\u0131l\u0131r \u00f6l\u00e7\u00fcde daha evrensel bir hal ald\u0131\u011f\u0131n\u0131 g\u00f6rebiliriz. Afrika ovalar\u0131nda ta\u015f yontan atalar\u0131m\u0131z sonu\u00e7ta bizlere d\u00f6n\u00fc\u015feceklerini bilmiyordu; keza bizler de nanoteknolojinin bizi nereye g\u00f6t\u00fcrece\u011fini bilemeyiz. Homo erectusla yer de\u011fi\u015ftirmek ister miydiniz? O kadar \u00e7ok \u015fey kazand\u0131k ki: Dil, sanat, bilim; baz\u0131lar\u0131 bu listeye bilincin kendisini de ekler. Bug\u00fcnk\u00fcne k\u0131yasla hayat o zamanlar daha sa\u011fl\u0131ks\u0131z, \u00e7ok daha zalim ve k\u0131sayd\u0131. E\u011fer olas\u0131l\u0131klar\u0131 kucaklar ve bunlar\u0131 hayata ge\u00e7irmek i\u00e7in a\u00e7\u0131k g\u00f6zlerle ve a\u00e7\u0131k zihinlerle \u00e7al\u0131\u015f\u0131rsak, gelece\u011fin getirebilecekleri kar\u015f\u0131s\u0131nda da mevcut ya\u015famlar\u0131m\u0131z bir o kadar yoksul g\u00f6r\u00fcnecek. Bu tamamen bir bak\u0131\u015f a\u00e7\u0131s\u0131 meselesi. Ya do\u011fal ya\u015fam alan\u0131m\u0131zdan \u00e7\u0131kt\u0131k, d\u00fcnyay\u0131 h\u0131nca h\u0131n\u00e7 doldurduk ve git gide azalan kaynaklar \u00fczerinde sava\u015fmak d\u0131\u015f\u0131nda umut edecek bir \u015feyimiz kalmad\u0131 diyebilirsiniz; ya da evrenin e\u015fi\u011finde, ger\u00e7ek zek\u00e2 \u00e7a\u011f\u0131n\u0131n \u015fafa\u011f\u0131nda duruyoruz ve insan\u0131n maceras\u0131 hen\u00fcz ba\u015fl\u0131yor diyebiliriz. Se\u00e7im sizin.<\/p>\n","protected":false},"excerpt":{"rendered":"<p>Sanayi devrimi, ya\u015fam tarz\u0131m\u0131z\u0131 d\u00f6n\u00fc\u015ft\u00fcrd\u00fc; bireylerin ortalama \u00f6mr\u00fcn\u00fc iki kat\u0131na \u00e7\u0131kard\u0131 ve b\u00fct\u00fcn\u00fcyle k\u00fcresel olan uygarl\u0131klar\u0131n do\u011fu\u015funu m\u00fcmk\u00fcn k\u0131ld\u0131. Peki, nanoteknolojinin etkisi bu gibi bir d\u00f6n\u00fc\u015f\u00fcmle<span class=\"excerpt-hellip\"> [\u2026]<\/span><\/p>\n","protected":false},"featured_media":0,"template":"","meta":{"_monsterinsights_skip_tracking":false,"_monsterinsights_sitenote_active":false,"_monsterinsights_sitenote_note":"","_monsterinsights_sitenote_category":0},"product_brand":[],"product_cat":[13005,13006],"product_tag":[],"class_list":{"0":"post-771326","1":"product","2":"type-product","3":"status-publish","5":"product_cat-bilim-muhendislik","6":"product_cat-populer-bilim","7":"pa_cilt-ciltsiz","8":"pa_tur-kitap","9":"pa_yayinevi-bogazici-universitesi-yayinevi","10":"pa_yazar-j-storrs-hall","12":"first","13":"instock","14":"sale","15":"shipping-taxable","16":"purchasable","17":"product-type-simple"},"_links":{"self":[{"href":"https:\/\/roveyayinevi.com.tr\/index.php\/wp-json\/wp\/v2\/product\/771326","targetHints":{"allow":["GET"]}}],"collection":[{"href":"https:\/\/roveyayinevi.com.tr\/index.php\/wp-json\/wp\/v2\/product"}],"about":[{"href":"https:\/\/roveyayinevi.com.tr\/index.php\/wp-json\/wp\/v2\/types\/product"}],"wp:attachment":[{"href":"https:\/\/roveyayinevi.com.tr\/index.php\/wp-json\/wp\/v2\/media?parent=771326"}],"wp:term":[{"taxonomy":"product_brand","embeddable":true,"href":"https:\/\/roveyayinevi.com.tr\/index.php\/wp-json\/wp\/v2\/product_brand?post=771326"},{"taxonomy":"product_cat","embeddable":true,"href":"https:\/\/roveyayinevi.com.tr\/index.php\/wp-json\/wp\/v2\/product_cat?post=771326"},{"taxonomy":"product_tag","embeddable":true,"href":"https:\/\/roveyayinevi.com.tr\/index.php\/wp-json\/wp\/v2\/product_tag?post=771326"}],"curies":[{"name":"wp","href":"https:\/\/api.w.org\/{rel}","templated":true}]}}