{"id":771325,"date":"2025-08-28T15:01:30","date_gmt":"2025-08-28T12:01:30","guid":{"rendered":"https:\/\/roveyayinevi.com.tr\/index.php\/urun\/dilbilim-sozlugu\/"},"modified":"2026-04-15T03:37:43","modified_gmt":"2026-04-15T00:37:43","slug":"dilbilim-sozlugu","status":"publish","type":"product","link":"https:\/\/roveyayinevi.com.tr\/index.php\/urun\/dilbilim-sozlugu\/","title":{"rendered":"Dilbilim S\u00f6zl\u00fc\u011f\u00fc"},"content":{"rendered":"<p>Terimler, bilindi\u011fi gibi, bir bilim dal\u0131n\u0131n yap\u0131ta\u015flar\u0131d\u0131r; dil gibi herkesin ortakl\u0131\u011f\u0131 bulunan bir alanda bu yap\u0131ta\u015flar\u0131n\u0131n a\u00e7\u0131k, saydam bir bi\u00e7imde belirlenmesi daha \u00e7ok \u00f6nem kazanmaktad\u0131r. Toplumbilimleri i\u00e7inde se\u00e7kin bir yeri olan \u00e7a\u011fda\u015f dilbilimin y\u00fczy\u0131l\u0131 a\u015fm\u0131\u015f bir ge\u00e7mi\u015fi bulunuyor. T\u00fcrkiyede R. H. \u00d6zdemin ilk dilbilim dersini verdi\u011fi 1933 y\u0131l\u0131ndan bu yana dilbilim dersleri okutulmaktad\u0131r. \u00d6zellikle 1970lerden bu yana dilbilimdeki geli\u015fmelere ko\u015fut olarak yeni bir terimler s\u00f6zl\u00fc\u011f\u00fc haz\u0131rlanmas\u0131 bir zorunluluk olmu\u015ftu. Yakla\u015f\u0131k 1500\u00fc tan\u0131mlanm\u0131\u015f olan, \u00f6nerilenlerle birlikte 2000e yak\u0131n terim i\u00e7eren bu s\u00f6zl\u00fck, elbette bir son de\u011fil, bir ba\u015flang\u0131\u00e7t\u0131r.<\/p>\n","protected":false},"excerpt":{"rendered":"<p>Terimler, bilindi\u011fi gibi, bir bilim dal\u0131n\u0131n yap\u0131ta\u015flar\u0131d\u0131r; dil gibi herkesin ortakl\u0131\u011f\u0131 bulunan bir alanda bu yap\u0131ta\u015flar\u0131n\u0131n a\u00e7\u0131k, saydam bir bi\u00e7imde belirlenmesi daha \u00e7ok \u00f6nem kazanmaktad\u0131r. Toplumbilimleri<span class=\"excerpt-hellip\"> [\u2026]<\/span><\/p>\n","protected":false},"featured_media":0,"template":"","meta":{"_monsterinsights_skip_tracking":false,"_monsterinsights_sitenote_active":false,"_monsterinsights_sitenote_note":"","_monsterinsights_sitenote_category":0},"product_brand":[],"product_cat":[12566,13611],"product_tag":[],"class_list":{"0":"post-771325","1":"product","2":"type-product","3":"status-publish","5":"product_cat-egitim","6":"product_cat-sozlukler-ve-konusma-kilavuzlari","7":"pa_cilt-ciltsiz","8":"pa_tur-kitap","9":"pa_yayinevi-bogazici-universitesi-yayinevi","10":"pa_yazar-a-sumru-ozsoy","12":"first","13":"instock","14":"sale","15":"shipping-taxable","16":"purchasable","17":"product-type-simple"},"_links":{"self":[{"href":"https:\/\/roveyayinevi.com.tr\/index.php\/wp-json\/wp\/v2\/product\/771325","targetHints":{"allow":["GET"]}}],"collection":[{"href":"https:\/\/roveyayinevi.com.tr\/index.php\/wp-json\/wp\/v2\/product"}],"about":[{"href":"https:\/\/roveyayinevi.com.tr\/index.php\/wp-json\/wp\/v2\/types\/product"}],"wp:attachment":[{"href":"https:\/\/roveyayinevi.com.tr\/index.php\/wp-json\/wp\/v2\/media?parent=771325"}],"wp:term":[{"taxonomy":"product_brand","embeddable":true,"href":"https:\/\/roveyayinevi.com.tr\/index.php\/wp-json\/wp\/v2\/product_brand?post=771325"},{"taxonomy":"product_cat","embeddable":true,"href":"https:\/\/roveyayinevi.com.tr\/index.php\/wp-json\/wp\/v2\/product_cat?post=771325"},{"taxonomy":"product_tag","embeddable":true,"href":"https:\/\/roveyayinevi.com.tr\/index.php\/wp-json\/wp\/v2\/product_tag?post=771325"}],"curies":[{"name":"wp","href":"https:\/\/api.w.org\/{rel}","templated":true}]}}