{"id":771320,"date":"2025-08-28T15:01:20","date_gmt":"2025-08-28T12:01:20","guid":{"rendered":"https:\/\/roveyayinevi.com.tr\/index.php\/urun\/buklelerimle-basim-dertte-mi\/"},"modified":"2026-04-08T03:34:01","modified_gmt":"2026-04-08T00:34:01","slug":"buklelerimle-basim-dertte-mi","status":"publish","type":"product","link":"https:\/\/roveyayinevi.com.tr\/index.php\/urun\/buklelerimle-basim-dertte-mi\/","title":{"rendered":"Buklelerimle Ba\u015f\u0131m Dertte mi?"},"content":{"rendered":"<p>O sabah da, her sabah oldu\u011fu gibi bukleleri ile ba\u015f\u0131 dertteydi. Ne bir toka ne de tarak onlar\u0131 d\u00fczenli h\u00e2le getirebiliyordu. Her bir sa\u00e7 teli, ba\u015fka bir y\u00f6ne do\u011fru uzan\u0131rken, kendini \u00e7irkin hissediyordu. Peki, ger\u00e7ekten \u00f6yle miydi? Herkes birbirinin ayn\u0131s\u0131 m\u0131 olmal\u0131yd\u0131? Farkl\u0131l\u0131klar neden bu kadar dikkat \u00e7ekiyordu?   \u00c7ocuk Geli\u015fim Uzman\u0131 Nihal Turan Yurdabak, farkl\u0131 oldu\u011fu i\u00e7in kendini mutsuz hisseden bir \u00e7ocu\u011fun hik\u00e2yesini, meydan okurcas\u0131na farkl\u0131 bir yolla anlat\u0131yor. Siyah beyaz ama \u00e7ok renkli bir hik\u00e2ye!<\/p>\n","protected":false},"excerpt":{"rendered":"<p>O sabah da, her sabah oldu\u011fu gibi bukleleri ile ba\u015f\u0131 dertteydi. Ne bir toka ne de tarak onlar\u0131 d\u00fczenli h\u00e2le getirebiliyordu. Her bir sa\u00e7 teli, ba\u015fka<span class=\"excerpt-hellip\"> [\u2026]<\/span><\/p>\n","protected":false},"featured_media":0,"template":"","meta":{"_monsterinsights_skip_tracking":false,"_monsterinsights_sitenote_active":false,"_monsterinsights_sitenote_note":"","_monsterinsights_sitenote_category":0},"product_brand":[],"product_cat":[12274,12284],"product_tag":[],"class_list":{"0":"post-771320","1":"product","2":"type-product","3":"status-publish","5":"product_cat-cocuk-ve-genclik-kitaplari","6":"product_cat-hikayeler","7":"pa_cilt-ciltsiz","8":"pa_tur-kitap","9":"pa_yayinevi-luna-cocuk-yayinlari","10":"pa_yazar-nihal-turan-yurdabak","12":"first","13":"instock","14":"sale","15":"shipping-taxable","16":"purchasable","17":"product-type-simple"},"_links":{"self":[{"href":"https:\/\/roveyayinevi.com.tr\/index.php\/wp-json\/wp\/v2\/product\/771320","targetHints":{"allow":["GET"]}}],"collection":[{"href":"https:\/\/roveyayinevi.com.tr\/index.php\/wp-json\/wp\/v2\/product"}],"about":[{"href":"https:\/\/roveyayinevi.com.tr\/index.php\/wp-json\/wp\/v2\/types\/product"}],"wp:attachment":[{"href":"https:\/\/roveyayinevi.com.tr\/index.php\/wp-json\/wp\/v2\/media?parent=771320"}],"wp:term":[{"taxonomy":"product_brand","embeddable":true,"href":"https:\/\/roveyayinevi.com.tr\/index.php\/wp-json\/wp\/v2\/product_brand?post=771320"},{"taxonomy":"product_cat","embeddable":true,"href":"https:\/\/roveyayinevi.com.tr\/index.php\/wp-json\/wp\/v2\/product_cat?post=771320"},{"taxonomy":"product_tag","embeddable":true,"href":"https:\/\/roveyayinevi.com.tr\/index.php\/wp-json\/wp\/v2\/product_tag?post=771320"}],"curies":[{"name":"wp","href":"https:\/\/api.w.org\/{rel}","templated":true}]}}