{"id":771319,"date":"2025-08-28T15:01:17","date_gmt":"2025-08-28T12:01:17","guid":{"rendered":"https:\/\/roveyayinevi.com.tr\/index.php\/urun\/benim-derin-denizim\/"},"modified":"2026-04-15T03:37:42","modified_gmt":"2026-04-15T00:37:42","slug":"benim-derin-denizim","status":"publish","type":"product","link":"https:\/\/roveyayinevi.com.tr\/index.php\/urun\/benim-derin-denizim\/","title":{"rendered":"Benim Derin Deniz\u2019im"},"content":{"rendered":"<p>Renkli y\u00fcn \u00e7ilelerini a\u00e7maya \u00e7al\u0131\u015fan bir \u00e7ocukla ilk sayfalarda tan\u0131\u015f\u0131yoruz. O \u00e7ocuk hayat\u0131n \u00e7ilelerini de\u011fil, a\u015fk\u0131n \u0131\u015f\u0131\u011f\u0131n\u0131 kendine yolda\u015f k\u0131l\u0131yor. Ge\u00e7ti\u011fi yolun her hat\u0131ras\u0131na, onlar\u0131 yeniden anlamland\u0131rarak dokunuyor. G\u00f6l saatlerinden, Ankara\u2019n\u0131n ba\u011f evlerinden, baban\u0131n kalbinden, annenin kokusundan ge\u00e7iyor. Derin bir denize ula\u015f\u0131yor.  Hat\u0131ralar, birer \u00f6yk\u00fc olup hayata sunuluyor.   N\u00e2z\u0131man Z\u00fcl\u00e2l BAYHAN\u2019\u0131n kalemi, bir \u00e7ile ipek iplikle e\u015fsiz g\u00fczellikte hik\u00e2yeler \u00f6r\u00fcyor. \u0130\u015fte o hayat\u0131n ad\u0131 BEN\u2019\u0130M DER\u0130N DEN\u0130Z\u2019\u0130M.   N\u00e2z\u0131man Z\u00fcl\u00e2l BAYHAN\u2019\u0131n \u00f6yk\u00fcleri serin mavi denizin i\u00e7inde, ge\u00e7mi\u015fle gelece\u011fin, g\u00f6ky\u00fcz\u00fcyle suyun, r\u00fcyayla ger\u00e7e\u011fin s\u0131n\u0131r\u0131nda duruyor.   Her \u00f6yk\u00fc, kalbimizin bir ba\u015fka teline dokunuyor. \u00c7i\u011fdem \u00dcLKER<\/p>\n","protected":false},"excerpt":{"rendered":"<p>Renkli y\u00fcn \u00e7ilelerini a\u00e7maya \u00e7al\u0131\u015fan bir \u00e7ocukla ilk sayfalarda tan\u0131\u015f\u0131yoruz. O \u00e7ocuk hayat\u0131n \u00e7ilelerini de\u011fil, a\u015fk\u0131n \u0131\u015f\u0131\u011f\u0131n\u0131 kendine yolda\u015f k\u0131l\u0131yor. Ge\u00e7ti\u011fi yolun her hat\u0131ras\u0131na, onlar\u0131 yeniden<span class=\"excerpt-hellip\"> [\u2026]<\/span><\/p>\n","protected":false},"featured_media":0,"template":"","meta":{"_monsterinsights_skip_tracking":false,"_monsterinsights_sitenote_active":false,"_monsterinsights_sitenote_note":"","_monsterinsights_sitenote_category":0},"product_brand":[],"product_cat":[12291,18202],"product_tag":[],"class_list":{"0":"post-771319","1":"product","2":"type-product","3":"status-publish","5":"product_cat-edebiyat","6":"product_cat-hikaye","7":"pa_cilt-ciltsiz","8":"pa_tur-kitap","9":"pa_yayinevi-luna-yayinlari","10":"pa_yazar-naziman-zulal-bayhan","12":"first","13":"instock","14":"sale","15":"shipping-taxable","16":"purchasable","17":"product-type-simple"},"_links":{"self":[{"href":"https:\/\/roveyayinevi.com.tr\/index.php\/wp-json\/wp\/v2\/product\/771319","targetHints":{"allow":["GET"]}}],"collection":[{"href":"https:\/\/roveyayinevi.com.tr\/index.php\/wp-json\/wp\/v2\/product"}],"about":[{"href":"https:\/\/roveyayinevi.com.tr\/index.php\/wp-json\/wp\/v2\/types\/product"}],"wp:attachment":[{"href":"https:\/\/roveyayinevi.com.tr\/index.php\/wp-json\/wp\/v2\/media?parent=771319"}],"wp:term":[{"taxonomy":"product_brand","embeddable":true,"href":"https:\/\/roveyayinevi.com.tr\/index.php\/wp-json\/wp\/v2\/product_brand?post=771319"},{"taxonomy":"product_cat","embeddable":true,"href":"https:\/\/roveyayinevi.com.tr\/index.php\/wp-json\/wp\/v2\/product_cat?post=771319"},{"taxonomy":"product_tag","embeddable":true,"href":"https:\/\/roveyayinevi.com.tr\/index.php\/wp-json\/wp\/v2\/product_tag?post=771319"}],"curies":[{"name":"wp","href":"https:\/\/api.w.org\/{rel}","templated":true}]}}