{"id":771318,"date":"2025-08-28T15:01:16","date_gmt":"2025-08-28T12:01:16","guid":{"rendered":"https:\/\/roveyayinevi.com.tr\/index.php\/urun\/personel-2\/"},"modified":"2026-04-15T03:37:42","modified_gmt":"2026-04-15T00:37:42","slug":"personel-2","status":"publish","type":"product","link":"https:\/\/roveyayinevi.com.tr\/index.php\/urun\/personel-2\/","title":{"rendered":"Personel"},"content":{"rendered":"<p>Bana kal\u0131rsa turizm sekt\u00f6r\u00fc genel olarak mutluluk duygusu \u00fczerine hizmet veren bir sekt\u00f6rd\u00fcr. Hem \u00e7al\u0131\u015fan a\u00e7\u0131s\u0131ndan hem de misafir a\u00e7\u0131s\u0131ndan bu duygunun iyi tatmin edilmedi\u011fi durumlarda yap\u0131lan b\u00fct\u00fcn planlar\u0131n bozulmas\u0131na neden olmaktad\u0131r. Bu nedenle mutluluk duygusunun ne oldu\u011funu anlamak kritik \u00f6neme sahiptir. E\u011fer otel i\u015fletmesi olarak ger\u00e7ekten ba\u015far\u0131l\u0131 olmak istiyorsak -bu hedefe ula\u015fmak zaten \u00e7ok kolay- mutluluk kavram\u0131n\u0131n \u00e7al\u0131\u015fanlar\u0131m\u0131z \u00fczerinde ne kadar \u00f6nemli oldu\u011funu bilmeliyiz. Bu kitab\u0131 yazarken sizlere en \u00f6nemli noktalar\u0131 defalarca metin aralar\u0131nda yazd\u0131m. Tekrar eden ve olmas\u0131 gereken maddeleri akl\u0131n\u0131za iyice kaz\u0131mak i\u00e7in elimden geleni yapt\u0131m. Defalarca tekrar ediyor dedim: \u00e7\u00fcnk\u00fc ger\u00e7ekten kurallar ve maddeler \u00e7ok basit. Size say\u0131s\u0131z form\u00fcl ve stratejiler yazmad\u0131m. Ba\u015far\u0131 i\u00e7in ihtiyac\u0131n\u0131z olan en temel kurallar\u0131 yazd\u0131m. Bu anla\u015f\u0131l\u0131r ve kolay maddeleri e\u011fer uygularsan\u0131z otel i\u015fletmenizin nas\u0131l daha kolay ve h\u0131zl\u0131 bir \u015fekilde b\u00fcy\u00fcyece\u011fine \u015fa\u015f\u0131racaks\u0131n\u0131z. Mutluluk yaratmak zor de\u011fil. Ger\u00e7ekten en kolay i\u015flerden birini yaparak hedefinize ula\u015facaks\u0131n\u0131z. Hedefinize ula\u015fmak i\u00e7in d\u00fcnyan\u0131n en kolay i\u015fini yapacaks\u0131n\u0131z!<\/p>\n","protected":false},"excerpt":{"rendered":"<p>Bana kal\u0131rsa turizm sekt\u00f6r\u00fc genel olarak mutluluk duygusu \u00fczerine hizmet veren bir sekt\u00f6rd\u00fcr. Hem \u00e7al\u0131\u015fan a\u00e7\u0131s\u0131ndan hem de misafir a\u00e7\u0131s\u0131ndan bu duygunun iyi tatmin edilmedi\u011fi durumlarda<span class=\"excerpt-hellip\"> [\u2026]<\/span><\/p>\n","protected":false},"featured_media":0,"template":"","meta":{"_monsterinsights_skip_tracking":false,"_monsterinsights_sitenote_active":false,"_monsterinsights_sitenote_note":"","_monsterinsights_sitenote_category":0},"product_brand":[],"product_cat":[13043,17647],"product_tag":[],"class_list":{"0":"post-771318","1":"product","2":"type-product","3":"status-publish","5":"product_cat-ekonomi","6":"product_cat-is-dunyasi","7":"pa_cilt-ciltsiz","8":"pa_tur-kitap","9":"pa_yayinevi-luna-yayinlari","10":"pa_yazar-isa-baghirov","12":"first","13":"instock","14":"sale","15":"shipping-taxable","16":"purchasable","17":"product-type-simple"},"_links":{"self":[{"href":"https:\/\/roveyayinevi.com.tr\/index.php\/wp-json\/wp\/v2\/product\/771318","targetHints":{"allow":["GET"]}}],"collection":[{"href":"https:\/\/roveyayinevi.com.tr\/index.php\/wp-json\/wp\/v2\/product"}],"about":[{"href":"https:\/\/roveyayinevi.com.tr\/index.php\/wp-json\/wp\/v2\/types\/product"}],"wp:attachment":[{"href":"https:\/\/roveyayinevi.com.tr\/index.php\/wp-json\/wp\/v2\/media?parent=771318"}],"wp:term":[{"taxonomy":"product_brand","embeddable":true,"href":"https:\/\/roveyayinevi.com.tr\/index.php\/wp-json\/wp\/v2\/product_brand?post=771318"},{"taxonomy":"product_cat","embeddable":true,"href":"https:\/\/roveyayinevi.com.tr\/index.php\/wp-json\/wp\/v2\/product_cat?post=771318"},{"taxonomy":"product_tag","embeddable":true,"href":"https:\/\/roveyayinevi.com.tr\/index.php\/wp-json\/wp\/v2\/product_tag?post=771318"}],"curies":[{"name":"wp","href":"https:\/\/api.w.org\/{rel}","templated":true}]}}