{"id":771316,"date":"2025-08-28T15:01:13","date_gmt":"2025-08-28T12:01:13","guid":{"rendered":"https:\/\/roveyayinevi.com.tr\/index.php\/urun\/hat-levhalarimiz-ne-diyor\/"},"modified":"2026-04-15T03:37:42","modified_gmt":"2026-04-15T00:37:42","slug":"hat-levhalarimiz-ne-diyor","status":"publish","type":"product","link":"https:\/\/roveyayinevi.com.tr\/index.php\/urun\/hat-levhalarimiz-ne-diyor\/","title":{"rendered":"Hat Levhalar\u0131m\u0131z Ne Diyor?"},"content":{"rendered":"<p>Prof. Dr. Mehmet Demirci\u2019nin titizlikle haz\u0131rlad\u0131\u011f\u0131 40 Levha 40 Yorum serisinin ikinci kitab\u0131 Hat Levhalar\u0131m\u0131z Ne Diyor?, her biri ayr\u0131 bir anlam du\u0308nyas\u0131na a\u00e7\u0131lan hat levhalar\u0131n\u0131n k\u00f6kenlerini, tarih\u00ee ba\u011flamlar\u0131n\u0131 ve manevi derinliklerini ke\u015ffetmeye \u00e7a\u011f\u0131r\u0131yor. 40 Levha 40 Yorum serisinde, hat levhalar\u0131ndaki kelimeler mercek alt\u0131na al\u0131n\u0131yor ve levhalardaki kelimelerin, ifadelerin a\u00e7\u0131klamas\u0131n\u0131 yap\u0131l\u0131yor. 40 levha metninin konu edildi\u011fi bu \u00e7al\u0131\u015fmada, hat eserlerinde yer alan kelimeler u\u0308zerinde, tefsir ve hadis kitaplar\u0131 kaynak al\u0131narak duruluyor. Ayr\u0131ca zaman zaman tasavvufi yorumlara da i\u015faret ediliyor. Bununla beraber yaz\u0131lar\u0131n ne anlatt\u0131\u011f\u0131 ve bize neler hat\u0131rlatt\u0131\u011f\u0131 irdeleniyor. Sanat ve maneviyat\u0131n i\u00e7 i\u00e7e ge\u00e7ti\u011fi bu \u00f6zel serisinin ikinci kitab\u0131 Hat Levhalar\u0131m\u0131z Ne Diyor?\u2019da fikr\u00ee ve tasavvuf\u00ee meselelerde daha da derine inilen a\u00e7\u0131klamalar\u0131n yer ald\u0131\u011f\u0131 bu eser sayesinde hat levhalar\u0131n\u0131n sat\u0131r aralar\u0131nda sakl\u0131 kalan anlamlar\u0131 ke\u015ffedecek, klasik hat sanat\u0131na yepyeni bir g\u00f6zle bakacaks\u0131n\u0131z. 40 Levha 40 Yorum serisi hatla me\u015fgul olanlar\u0131n ilgisini \u00e7ekecek, eski harflerimizi tan\u0131yanlar\u0131n levha metinlerini \u00e7\u00f6zme gayretine yol a\u00e7acak, hi\u00e7 bilmeyenlerinse levhalara merak\u0131n\u0131 uyand\u0131racak ayr\u0131ca hat levhalar\u0131 hakk\u0131nda okura \u00f6nemli bilgiler sunacak bir kaynak niteli\u011fi ta\u015f\u0131yor. <\/p>\n","protected":false},"excerpt":{"rendered":"<p>Prof. Dr. Mehmet Demirci\u2019nin titizlikle haz\u0131rlad\u0131\u011f\u0131 40 Levha 40 Yorum serisinin ikinci kitab\u0131 Hat Levhalar\u0131m\u0131z Ne Diyor?, her biri ayr\u0131 bir anlam du\u0308nyas\u0131na a\u00e7\u0131lan hat levhalar\u0131n\u0131n<span class=\"excerpt-hellip\"> [\u2026]<\/span><\/p>\n","protected":false},"featured_media":0,"template":"","meta":{"_monsterinsights_skip_tracking":false,"_monsterinsights_sitenote_active":false,"_monsterinsights_sitenote_note":"","_monsterinsights_sitenote_category":0},"product_brand":[],"product_cat":[12408],"product_tag":[],"class_list":{"0":"post-771316","1":"product","2":"type-product","3":"status-publish","5":"product_cat-sanat","6":"pa_cilt-ciltsiz","7":"pa_tur-kitap","8":"pa_yayinevi-albaraka-yayinlari","9":"pa_yazar-mehmet-demirci","11":"first","12":"instock","13":"sale","14":"shipping-taxable","15":"purchasable","16":"product-type-simple"},"_links":{"self":[{"href":"https:\/\/roveyayinevi.com.tr\/index.php\/wp-json\/wp\/v2\/product\/771316","targetHints":{"allow":["GET"]}}],"collection":[{"href":"https:\/\/roveyayinevi.com.tr\/index.php\/wp-json\/wp\/v2\/product"}],"about":[{"href":"https:\/\/roveyayinevi.com.tr\/index.php\/wp-json\/wp\/v2\/types\/product"}],"wp:attachment":[{"href":"https:\/\/roveyayinevi.com.tr\/index.php\/wp-json\/wp\/v2\/media?parent=771316"}],"wp:term":[{"taxonomy":"product_brand","embeddable":true,"href":"https:\/\/roveyayinevi.com.tr\/index.php\/wp-json\/wp\/v2\/product_brand?post=771316"},{"taxonomy":"product_cat","embeddable":true,"href":"https:\/\/roveyayinevi.com.tr\/index.php\/wp-json\/wp\/v2\/product_cat?post=771316"},{"taxonomy":"product_tag","embeddable":true,"href":"https:\/\/roveyayinevi.com.tr\/index.php\/wp-json\/wp\/v2\/product_tag?post=771316"}],"curies":[{"name":"wp","href":"https:\/\/api.w.org\/{rel}","templated":true}]}}